{"id":17801,"date":"2025-05-30T23:34:12","date_gmt":"2025-05-30T23:34:12","guid":{"rendered":"https:\/\/oliveoilshop.ee\/?post_type=product&#038;p=17801"},"modified":"2026-05-12T15:30:24","modified_gmt":"2026-05-12T15:30:24","slug":"ekstra-vaarisoliivioli-early-harvest-kanakis-bio-3l","status":"publish","type":"product","link":"https:\/\/oliveoilshop.ee\/lv\/product\/ekstra-vaarisoliivioli-early-harvest-kanakis-bio-3l\/","title":{"rendered":"Ekstra V\u00e4\u00e4risoliivi\u00f5li Early Harvest 3L + Kanakis bio 3L"},"content":{"rendered":"<p><strong>K\u0101p\u0113c ol\u012bve\u013c\u013ca?<\/strong><\/p>\n<p>Dab\u012bga un svaiga ol\u012bve\u013c\u013ca jau gadsimtiem ilgi Vidusj\u016bras re\u0123iona iedz\u012bvot\u0101jiem ir nodro\u0161in\u0101jusi vesel\u012bbu un ilgm\u016b\u017e\u012bbu. T\u0101s biolo\u0123isk\u0101 un uzturv\u0113rt\u012bba ir \u0101rk\u0101rt\u012bgi svar\u012bga. Ol\u012bve\u013c\u013ca ir viens no 10 vesel\u012bg\u0101kajiem p\u0101rtikas produktiem. \u012apa\u0161i neapstr\u0101d\u0101ta ol\u012bve\u013c\u013ca ir augst\u0101k\u0101s kvalit\u0101tes ol\u012bve\u013c\u013ca.<\/p>\n<p><strong>Ol\u012bve\u013c\u013ca Vidusj\u016bras virtuv\u0113<\/strong><\/p>\n<p>Ol\u012bve\u013c\u013ca ir Vidusj\u016bras virtuves galven\u0101 sast\u0101vda\u013ca. Ikdien\u0101 \u0113diena gatavo\u0161an\u0101 izmanto aptuveni 2-4 \u0113damkarotes ol\u012bve\u013c\u013cas.<\/p>\n<p>Ol\u012bve\u013c\u013cu var izmantot sal\u0101tos, \u0113dienu gatavo\u0161an\u0101 un cep\u0161an\u0101, lai izceltu gar\u0161as un arom\u0101tus.<\/p>\n<p>Ol\u012bve\u013c\u013c\u013cai piem\u012bt ar\u012b sp\u0113ja saglab\u0101t zivis, ga\u013cu un d\u0101rze\u0146us m\u012bkstus cepe\u0161kr\u0101sn\u012b. Desertos e\u013c\u013ca saglab\u0101 k\u016bku mitrumu un pie\u0161\u0137ir cepumiem pat\u012bkamu krauk\u0161\u0137\u012bgu konsistenci. Ol\u012bve\u013c\u013cu var izmantot sal\u0101tos kop\u0101 ar citronu sulu vai eti\u0137i. To var izmantot ar\u012b maizes m\u0113rc\u0113\u0161anai ol\u012bve\u013c\u013c\u0101, k\u0101 tas ir Vidusj\u016bras valst\u012bs.<\/p>\n<p><strong>Ol\u012bve\u013c\u013ca un cep\u0161ana<\/strong><\/p>\n<p>Saska\u0146\u0101 ar senu p\u0101rliec\u012bbu neapstr\u0101d\u0101ta augst\u0101k\u0101 labuma ol\u012bve\u013c\u013ca nav piem\u0113rota cep\u0161anai, jo t\u0101 slikti panes augstu temperat\u016bru. Tom\u0113r \u0161is uzskats nav patiess.<\/p>\n<p>Pateicoties dab\u012bgajam mononepies\u0101tin\u0101to tauksk\u0101bju saturam, neapstr\u0101d\u0101ta augst\u0101k\u0101 labuma ol\u012bve\u013c\u013ca lab\u0101k nek\u0101 daudzas citas e\u013c\u013cas sp\u0113j iztur\u0113t augstu temperat\u016bru. P\u0113t\u012bjumi liecina, ka cepot ol\u012bve\u013c\u013ca neies\u016bcas \u0113dien\u0101, bet paliek uz t\u0101 virsmas, savuk\u0101rt visas p\u0101r\u0113j\u0101s tauksk\u0101bes piln\u012bb\u0101 uzs\u016bcas. Ar\u012b ole\u012bnsk\u0101be kars\u0113jot nemain\u0101s.<\/p>\n<p>Var\u0113tu ar\u012b apgalvot, ka grie\u0137u gastronomija grie\u017eas ap milzu pannu, jo cep\u0161ana ir viens no sen\u0101kajiem \u0113dienu gatavo\u0161anas veidiem Vidusj\u016bras re\u0123ion\u0101.<\/p>\n<p><strong>Kanakis \u0123imenes uz\u0146\u0113mums<\/strong><\/p>\n<p>Ar m\u012blest\u012bbu un cie\u0146u pret savu re\u0123ionu un jo \u012bpa\u0161i pret sv\u0113to ol\u012bvkoku Elias Kanakis un Stavroula Trifyli 1999. gad\u0101 nodibin\u0101ja \u0123imenes uz\u0146\u0113mumu, kas nodarbojas ar ol\u012bvkoku audz\u0113\u0161anu, neapstr\u0101d\u0101tas augst\u0101k\u0101 labuma ol\u012bve\u013c\u013cas ra\u017eo\u0161anu un eksportu.<span class=\"Apple-converted-space\">\u00a0<\/span><\/p>\n<p>Maksim\u0101li izmantojot Papulia Pylias re\u0123iona unik\u0101los augsnes un klimatiskos apst\u0101k\u013cus, apvienojot videi draudz\u012bgu audz\u0113\u0161anas un ra\u017eas nov\u0101k\u0161anas praksi ar nep\u0101rtrauktu sertifik\u0101cijas kontroli, Kanakis \u0123imenes uz\u0146\u0113mums \u0161obr\u012bd ir viens no savas nozares l\u012bderiem un eksport\u0113 savus produktus uz vair\u0101k nek\u0101 30 valst\u012bm.<\/p>\n<p>Kanakis \u0123imenes v\u012bzija ir, ka ikvienam cilv\u0113kam uz plan\u0113tas vajadz\u0113tu nobaud\u012bt vismaz pilienu ol\u012bve\u013c\u013cas un uzzin\u0101t par t\u0101s priek\u0161roc\u012bb\u0101m.<\/p>\n<p><b>Ekstra v\u00e4\u00e4risoliivi\u00f5li orgaaniline 3l: <\/b>Happesus 0,1 \u2013 0,5%, k\u00fclmpressitud 25`C. Valmistatud 2023\/2024 aasta saagist.<\/p>\n<p><b>Ol\u012bvu \u0161\u0137irne: <\/b>Koroneiki<\/p>\n<p><b>Re\u0123ions: <\/b>Kreeka Peloponnesos poolsaare l\u00e4\u00e4nepoolses osas ( Papoulia Pylias )<\/p>\n<p><b>Sast\u0101vs: <\/b>Otse oliividelt ainult mehaaniliste meetoditega saadud super kategooria oliivi\u00f5li<\/p>\n<p><b>Uztura inform\u0101cija: <\/b>15 ml toodet sisaldab keskmiselt: 124 Kcal, rasvad 14 g \/ 21% ( millest k\u00fcllastunud rasvhapped 11 g, monok\u00fcllastamata rasvhapped 1 g ), kolesterool 0 g, suhkur 0 g, naatrium 0 g, valku 0 g, kiudained 0 g<span class=\"Apple-converted-space\">\u00a0<\/span><\/p>","protected":false},"excerpt":{"rendered":"<p>16,50\u20ac\/l<\/p>\n<p><strong class=\"Yjhzub\" data-sfc-root=\"c\" data-sfc-cb=\"\" data-complete=\"true\" data-processed=\"true\" data-copy-service-computed-style=\"font-family: &quot;Google Sans&quot;, Arial, sans-serif; font-size: 16px; font-weight: 600; margin: 0px; text-decoration: none; border-bottom: 0px rgb(10, 10, 10);\">ESIMENE UUE HOOAJA 2025\/2026 EARLY HARVEST KOOREM V\u00c4LJUB THASSOSELT 14.05.26 NING J\u00d5UAB MEIE LATTU HILJEMALT 29.05.26. EELTELLIMUSI ON V\u00d5IMALIK TEHA ALATES 04.05.26.<\/strong><\/p>\n<p>V\u00e4rske ja kvaliteetne esimesel k\u00fclmpressimisel saadud varajase korje ekstra v\u00e4\u00e4risoliivi\u00f5li Kreekast Thassose saarelt ja esimesel k\u00fclmpressimisel saadud orgaaniline ekstra v\u00e4\u00e4risoliivi\u00f5li Kreekast, Peloponnesos poolsaarelt. Valmistatud 2025\/2026 aasta saagist.<\/p>\n<p>Bio kanister t\u00e4idetud 11.05.2026. Viimane kasutusp\u00e4ev 11.11.2027.<\/p>\n<p>Early Harvest kanister viimane kasutusp\u00e4ev 30.09.2028.<\/p>\n<p><strong>Lieto\u0161ana:<\/strong> Piem\u0113rots lieto\u0161anai sal\u0101tos, v\u0101r\u012b\u0161anai un cep\u0161anai, pie\u0161\u0137irot \u0113dienam lielisku gar\u0161u!<\/p>","protected":false},"featured_media":17804,"comment_status":"open","ping_status":"closed","template":"","meta":{"om_disable_all_campaigns":false},"product_brand":[],"product_cat":[70],"product_tag":[],"class_list":{"0":"post-17801","1":"product","2":"type-product","3":"status-publish","4":"has-post-thumbnail","6":"product_cat-olive-oil","8":"first","9":"instock","10":"shipping-taxable","11":"purchasable","12":"product-type-simple"},"yoast_head":"<!-- This site is optimized with the Yoast SEO plugin v27.6 - https:\/\/yoast.com\/product\/yoast-seo-wordpress\/ -->\n<title>Ekstra V\u00e4\u00e4risoliivi\u00f5li Early Harvest 3L + Kanakis bio 3L - Olive Oil Shop<\/title>\n<meta name=\"description\" content=\"Ekstra V\u00e4\u00e4risoliivi\u00f5li Early Harvest 3L + Kanakis bio 3L. Kreeka 100% extra virgin oliiv\u00f5li. V\u00e4rske ja kvaliteetne. Saadud esimesel k\u00fclmpressimisel.\" \/>\n<meta name=\"robots\" content=\"index, follow, max-snippet:-1, max-image-preview:large, max-video-preview:-1\" \/>\n<link rel=\"canonical\" href=\"https:\/\/oliveoilshop.ee\/lv\/product\/ekstra-vaarisoliivioli-early-harvest-kanakis-bio-3l\/\" \/>\n<meta property=\"og:locale\" content=\"lv_LV\" \/>\n<meta property=\"og:type\" content=\"article\" \/>\n<meta property=\"og:title\" content=\"Ekstra V\u00e4\u00e4risoliivi\u00f5li Early Harvest 3L + Kanakis bio 3L - Olive Oil Shop\" \/>\n<meta property=\"og:description\" content=\"Ekstra V\u00e4\u00e4risoliivi\u00f5li Early Harvest 3L + Kanakis bio 3L. Kreeka 100% extra virgin oliiv\u00f5li. V\u00e4rske ja kvaliteetne. Saadud esimesel k\u00fclmpressimisel.\" \/>\n<meta property=\"og:url\" content=\"https:\/\/oliveoilshop.ee\/lv\/product\/ekstra-vaarisoliivioli-early-harvest-kanakis-bio-3l\/\" \/>\n<meta property=\"og:site_name\" content=\"Olive Oil Shop\" \/>\n<meta property=\"article:publisher\" content=\"https:\/\/www.facebook.com\/profile.php?id=61556092580476\" \/>\n<meta property=\"article:modified_time\" content=\"2026-05-12T15:30:24+00:00\" \/>\n<meta property=\"og:image\" content=\"https:\/\/oliveoilshop.ee\/wp-content\/uploads\/2025\/05\/3.png\" \/>\n\t<meta property=\"og:image:width\" content=\"1587\" \/>\n\t<meta property=\"og:image:height\" content=\"2245\" \/>\n\t<meta property=\"og:image:type\" content=\"image\/png\" \/>\n<meta name=\"twitter:card\" content=\"summary_large_image\" \/>\n<meta name=\"twitter:label1\" content=\"Est. reading time\" \/>\n\t<meta name=\"twitter:data1\" content=\"3 min\u016btes\" \/>\n<script type=\"application\/ld+json\" class=\"yoast-schema-graph\">{\"@context\":\"https:\\\/\\\/schema.org\",\"@graph\":[{\"@type\":\"WebPage\",\"@id\":\"https:\\\/\\\/oliveoilshop.ee\\\/toode\\\/ekstra-vaarisoliivioli-early-harvest-kanakis-bio-3l\\\/\",\"url\":\"https:\\\/\\\/oliveoilshop.ee\\\/toode\\\/ekstra-vaarisoliivioli-early-harvest-kanakis-bio-3l\\\/\",\"name\":\"Ekstra V\u00e4\u00e4risoliivi\u00f5li Early Harvest 3L + Kanakis bio 3L - Olive Oil Shop\",\"isPartOf\":{\"@id\":\"https:\\\/\\\/oliveoilshop.ee\\\/#website\"},\"primaryImageOfPage\":{\"@id\":\"https:\\\/\\\/oliveoilshop.ee\\\/toode\\\/ekstra-vaarisoliivioli-early-harvest-kanakis-bio-3l\\\/#primaryimage\"},\"image\":{\"@id\":\"https:\\\/\\\/oliveoilshop.ee\\\/toode\\\/ekstra-vaarisoliivioli-early-harvest-kanakis-bio-3l\\\/#primaryimage\"},\"thumbnailUrl\":\"https:\\\/\\\/oliveoilshop.ee\\\/wp-content\\\/uploads\\\/2025\\\/05\\\/3.png\",\"datePublished\":\"2025-05-30T23:34:12+00:00\",\"dateModified\":\"2026-05-12T15:30:24+00:00\",\"description\":\"Ekstra V\u00e4\u00e4risoliivi\u00f5li Early Harvest 3L + Kanakis bio 3L. Kreeka 100% extra virgin oliiv\u00f5li. V\u00e4rske ja kvaliteetne. Saadud esimesel k\u00fclmpressimisel.\",\"breadcrumb\":{\"@id\":\"https:\\\/\\\/oliveoilshop.ee\\\/toode\\\/ekstra-vaarisoliivioli-early-harvest-kanakis-bio-3l\\\/#breadcrumb\"},\"inLanguage\":\"lv-LV\",\"potentialAction\":[{\"@type\":\"ReadAction\",\"target\":[\"https:\\\/\\\/oliveoilshop.ee\\\/toode\\\/ekstra-vaarisoliivioli-early-harvest-kanakis-bio-3l\\\/\"]}]},{\"@type\":\"ImageObject\",\"inLanguage\":\"lv-LV\",\"@id\":\"https:\\\/\\\/oliveoilshop.ee\\\/toode\\\/ekstra-vaarisoliivioli-early-harvest-kanakis-bio-3l\\\/#primaryimage\",\"url\":\"https:\\\/\\\/oliveoilshop.ee\\\/wp-content\\\/uploads\\\/2025\\\/05\\\/3.png\",\"contentUrl\":\"https:\\\/\\\/oliveoilshop.ee\\\/wp-content\\\/uploads\\\/2025\\\/05\\\/3.png\",\"width\":1587,\"height\":2245},{\"@type\":\"BreadcrumbList\",\"@id\":\"https:\\\/\\\/oliveoilshop.ee\\\/toode\\\/ekstra-vaarisoliivioli-early-harvest-kanakis-bio-3l\\\/#breadcrumb\",\"itemListElement\":[{\"@type\":\"ListItem\",\"position\":1,\"name\":\"Home\",\"item\":\"https:\\\/\\\/oliveoilshop.ee\\\/\"},{\"@type\":\"ListItem\",\"position\":2,\"name\":\"Pood\",\"item\":\"https:\\\/\\\/oliveoilshop.ee\\\/pood\\\/\"},{\"@type\":\"ListItem\",\"position\":3,\"name\":\"Ekstra V\u00e4\u00e4risoliivi\u00f5li Early Harvest 3L + Kanakis bio 3L\"}]},{\"@type\":\"WebSite\",\"@id\":\"https:\\\/\\\/oliveoilshop.ee\\\/#website\",\"url\":\"https:\\\/\\\/oliveoilshop.ee\\\/\",\"name\":\"Olive Oil Shop\",\"description\":\"V&auml;rske ja kvaliteetne ekstra v&auml;&auml;risoliivi&otilde;li Kreeka v&auml;iketootjatelt\",\"publisher\":{\"@id\":\"https:\\\/\\\/oliveoilshop.ee\\\/#organization\"},\"potentialAction\":[{\"@type\":\"SearchAction\",\"target\":{\"@type\":\"EntryPoint\",\"urlTemplate\":\"https:\\\/\\\/oliveoilshop.ee\\\/?s={search_term_string}\"},\"query-input\":{\"@type\":\"PropertyValueSpecification\",\"valueRequired\":true,\"valueName\":\"search_term_string\"}}],\"inLanguage\":\"lv-LV\"},{\"@type\":\"Organization\",\"@id\":\"https:\\\/\\\/oliveoilshop.ee\\\/#organization\",\"name\":\"Olive Oil Shop\",\"url\":\"https:\\\/\\\/oliveoilshop.ee\\\/\",\"logo\":{\"@type\":\"ImageObject\",\"inLanguage\":\"lv-LV\",\"@id\":\"https:\\\/\\\/oliveoilshop.ee\\\/#\\\/schema\\\/logo\\\/image\\\/\",\"url\":\"https:\\\/\\\/oliveoilshop.ee\\\/wp-content\\\/uploads\\\/2024\\\/02\\\/Sipty-logo-12.png\",\"contentUrl\":\"https:\\\/\\\/oliveoilshop.ee\\\/wp-content\\\/uploads\\\/2024\\\/02\\\/Sipty-logo-12.png\",\"width\":500,\"height\":500,\"caption\":\"Olive Oil Shop\"},\"image\":{\"@id\":\"https:\\\/\\\/oliveoilshop.ee\\\/#\\\/schema\\\/logo\\\/image\\\/\"},\"sameAs\":[\"https:\\\/\\\/www.facebook.com\\\/profile.php?id=61556092580476\",\"https:\\\/\\\/www.instagram.com\\\/oliveoilshop.ee\"]}]}<\/script>\n<!-- \/ Yoast SEO plugin. -->","yoast_head_json":{"title":"Ekstra V\u00e4\u00e4risoliivi\u00f5li Early Harvest 3L + Kanakis bio 3L - Olive Oil Shop","description":"Ekstra V\u00e4\u00e4risoliivi\u00f5li Early Harvest 3L + Kanakis bio 3L. Kreeka 100% extra virgin oliiv\u00f5li. V\u00e4rske ja kvaliteetne. Saadud esimesel k\u00fclmpressimisel.","robots":{"index":"index","follow":"follow","max-snippet":"max-snippet:-1","max-image-preview":"max-image-preview:large","max-video-preview":"max-video-preview:-1"},"canonical":"https:\/\/oliveoilshop.ee\/lv\/product\/ekstra-vaarisoliivioli-early-harvest-kanakis-bio-3l\/","og_locale":"lv_LV","og_type":"article","og_title":"Ekstra V\u00e4\u00e4risoliivi\u00f5li Early Harvest 3L + Kanakis bio 3L - Olive Oil Shop","og_description":"Ekstra V\u00e4\u00e4risoliivi\u00f5li Early Harvest 3L + Kanakis bio 3L. Kreeka 100% extra virgin oliiv\u00f5li. V\u00e4rske ja kvaliteetne. Saadud esimesel k\u00fclmpressimisel.","og_url":"https:\/\/oliveoilshop.ee\/lv\/product\/ekstra-vaarisoliivioli-early-harvest-kanakis-bio-3l\/","og_site_name":"Olive Oil Shop","article_publisher":"https:\/\/www.facebook.com\/profile.php?id=61556092580476","article_modified_time":"2026-05-12T15:30:24+00:00","og_image":[{"width":1587,"height":2245,"url":"https:\/\/oliveoilshop.ee\/wp-content\/uploads\/2025\/05\/3.png","type":"image\/png"}],"twitter_card":"summary_large_image","twitter_misc":{"Est. reading time":"3 min\u016btes"},"schema":{"@context":"https:\/\/schema.org","@graph":[{"@type":"WebPage","@id":"https:\/\/oliveoilshop.ee\/toode\/ekstra-vaarisoliivioli-early-harvest-kanakis-bio-3l\/","url":"https:\/\/oliveoilshop.ee\/toode\/ekstra-vaarisoliivioli-early-harvest-kanakis-bio-3l\/","name":"Ekstra V\u00e4\u00e4risoliivi\u00f5li Early Harvest 3L + Kanakis bio 3L - Olive Oil Shop","isPartOf":{"@id":"https:\/\/oliveoilshop.ee\/#website"},"primaryImageOfPage":{"@id":"https:\/\/oliveoilshop.ee\/toode\/ekstra-vaarisoliivioli-early-harvest-kanakis-bio-3l\/#primaryimage"},"image":{"@id":"https:\/\/oliveoilshop.ee\/toode\/ekstra-vaarisoliivioli-early-harvest-kanakis-bio-3l\/#primaryimage"},"thumbnailUrl":"https:\/\/oliveoilshop.ee\/wp-content\/uploads\/2025\/05\/3.png","datePublished":"2025-05-30T23:34:12+00:00","dateModified":"2026-05-12T15:30:24+00:00","description":"Ekstra V\u00e4\u00e4risoliivi\u00f5li Early Harvest 3L + Kanakis bio 3L. Kreeka 100% extra virgin oliiv\u00f5li. V\u00e4rske ja kvaliteetne. Saadud esimesel k\u00fclmpressimisel.","breadcrumb":{"@id":"https:\/\/oliveoilshop.ee\/toode\/ekstra-vaarisoliivioli-early-harvest-kanakis-bio-3l\/#breadcrumb"},"inLanguage":"lv-LV","potentialAction":[{"@type":"ReadAction","target":["https:\/\/oliveoilshop.ee\/toode\/ekstra-vaarisoliivioli-early-harvest-kanakis-bio-3l\/"]}]},{"@type":"ImageObject","inLanguage":"lv-LV","@id":"https:\/\/oliveoilshop.ee\/toode\/ekstra-vaarisoliivioli-early-harvest-kanakis-bio-3l\/#primaryimage","url":"https:\/\/oliveoilshop.ee\/wp-content\/uploads\/2025\/05\/3.png","contentUrl":"https:\/\/oliveoilshop.ee\/wp-content\/uploads\/2025\/05\/3.png","width":1587,"height":2245},{"@type":"BreadcrumbList","@id":"https:\/\/oliveoilshop.ee\/toode\/ekstra-vaarisoliivioli-early-harvest-kanakis-bio-3l\/#breadcrumb","itemListElement":[{"@type":"ListItem","position":1,"name":"Home","item":"https:\/\/oliveoilshop.ee\/"},{"@type":"ListItem","position":2,"name":"Pood","item":"https:\/\/oliveoilshop.ee\/pood\/"},{"@type":"ListItem","position":3,"name":"Ekstra V\u00e4\u00e4risoliivi\u00f5li Early Harvest 3L + Kanakis bio 3L"}]},{"@type":"WebSite","@id":"https:\/\/oliveoilshop.ee\/#website","url":"https:\/\/oliveoilshop.ee\/","name":"Olive Oil Shop","description":"V&auml;rske ja kvaliteetne ekstra v&auml;&auml;risoliivi&otilde;li Kreeka v&auml;iketootjatelt","publisher":{"@id":"https:\/\/oliveoilshop.ee\/#organization"},"potentialAction":[{"@type":"SearchAction","target":{"@type":"EntryPoint","urlTemplate":"https:\/\/oliveoilshop.ee\/?s={search_term_string}"},"query-input":{"@type":"PropertyValueSpecification","valueRequired":true,"valueName":"search_term_string"}}],"inLanguage":"lv-LV"},{"@type":"Organization","@id":"https:\/\/oliveoilshop.ee\/#organization","name":"Olive Oil Shop","url":"https:\/\/oliveoilshop.ee\/","logo":{"@type":"ImageObject","inLanguage":"lv-LV","@id":"https:\/\/oliveoilshop.ee\/#\/schema\/logo\/image\/","url":"https:\/\/oliveoilshop.ee\/wp-content\/uploads\/2024\/02\/Sipty-logo-12.png","contentUrl":"https:\/\/oliveoilshop.ee\/wp-content\/uploads\/2024\/02\/Sipty-logo-12.png","width":500,"height":500,"caption":"Olive Oil Shop"},"image":{"@id":"https:\/\/oliveoilshop.ee\/#\/schema\/logo\/image\/"},"sameAs":["https:\/\/www.facebook.com\/profile.php?id=61556092580476","https:\/\/www.instagram.com\/oliveoilshop.ee"]}]}},"_links":{"self":[{"href":"https:\/\/oliveoilshop.ee\/lv\/wp-json\/wp\/v2\/product\/17801","targetHints":{"allow":["GET"]}}],"collection":[{"href":"https:\/\/oliveoilshop.ee\/lv\/wp-json\/wp\/v2\/product"}],"about":[{"href":"https:\/\/oliveoilshop.ee\/lv\/wp-json\/wp\/v2\/types\/product"}],"replies":[{"embeddable":true,"href":"https:\/\/oliveoilshop.ee\/lv\/wp-json\/wp\/v2\/comments?post=17801"}],"version-history":[{"count":6,"href":"https:\/\/oliveoilshop.ee\/lv\/wp-json\/wp\/v2\/product\/17801\/revisions"}],"predecessor-version":[{"id":18553,"href":"https:\/\/oliveoilshop.ee\/lv\/wp-json\/wp\/v2\/product\/17801\/revisions\/18553"}],"wp:featuredmedia":[{"embeddable":true,"href":"https:\/\/oliveoilshop.ee\/lv\/wp-json\/wp\/v2\/media\/17804"}],"wp:attachment":[{"href":"https:\/\/oliveoilshop.ee\/lv\/wp-json\/wp\/v2\/media?parent=17801"}],"wp:term":[{"taxonomy":"product_brand","embeddable":true,"href":"https:\/\/oliveoilshop.ee\/lv\/wp-json\/wp\/v2\/product_brand?post=17801"},{"taxonomy":"product_cat","embeddable":true,"href":"https:\/\/oliveoilshop.ee\/lv\/wp-json\/wp\/v2\/product_cat?post=17801"},{"taxonomy":"product_tag","embeddable":true,"href":"https:\/\/oliveoilshop.ee\/lv\/wp-json\/wp\/v2\/product_tag?post=17801"}],"curies":[{"name":"wp","href":"https:\/\/api.w.org\/{rel}","templated":true}]}}