{"id":17402,"date":"2024-05-17T12:04:22","date_gmt":"2024-05-17T12:04:22","guid":{"rendered":"https:\/\/oliveoilshop.ee\/?post_type=product&#038;p=17402"},"modified":"2026-04-18T14:09:06","modified_gmt":"2026-04-18T14:09:06","slug":"moly-night-cup-mahe-urditee-parem-uni","status":"publish","type":"product","link":"https:\/\/oliveoilshop.ee\/lv\/product\/moly-night-cup-mahe-urditee-parem-uni\/","title":{"rendered":"MOLY NAKTS T\u0112JA - LAB\u0100KS MIEGS"},"content":{"rendered":"<p><b>Sast\u0101vs:\u00a0<\/b>Grie\u0137u kalnu t\u0113ja, sarkan\u0101 dzelo\u0146d\u0101rze, zil\u0101 skullcap, api\u0146i, zvaig\u017e\u0146u lavanda, ashwagandha, lakrica- m\u0101rrutku sakne.<\/p>\n<p>M\u0113s izmantojam 100% organiskos gar\u0161augus, kas r\u016bp\u012bgi atlas\u012bti no visas pasaules. Nesatur cukuru, kofe\u012bnu, m\u0101ksl\u012bg\u0101s gar\u0161as un kr\u0101svielas.<\/p>\n<p>10 biolo\u0123iski no\u0101rd\u0101mo t\u0113jas maisi\u0146u iepakojums (10 x 2,30 g).<\/p>","protected":false},"excerpt":{"rendered":"<p>Moly Nakts kauss sast\u0101v no augiem, kas pal\u012bdz c\u012bn\u012bties pret bezmiegu un stresu. Moly Nakts kauss satur gar\u0161augus, kas pal\u012bdz organismam atsl\u0101bin\u0101ties. Adaptog\u0113ni nodro\u0161ina labu miega kvalit\u0101ti, nomierino\u0161i iedarbojoties uz nervu sist\u0113mu.<\/p>","protected":false},"featured_media":17403,"comment_status":"open","ping_status":"closed","template":"","meta":{"om_disable_all_campaigns":false},"product_brand":[],"product_cat":[77],"product_tag":[],"class_list":{"0":"post-17402","1":"product","2":"type-product","3":"status-publish","4":"has-post-thumbnail","6":"product_cat-mahe-urditeed","8":"first","9":"instock","10":"downloadable","11":"shipping-taxable","12":"purchasable","13":"product-type-simple"},"yoast_head":"<!-- This site is optimized with the Yoast SEO plugin v27.4 - https:\/\/yoast.com\/product\/yoast-seo-wordpress\/ -->\n<title>MOLY NIGHT CUP TEE - PAREM UNI - Olive Oil Shop<\/title>\n<meta name=\"description\" content=\"Moly Night Cup koosneb ravimtaimedest, mis aitavad\u00a0v\u00f5idelda unetuse ja stressiga. Moly Night Cup sisaldab \u00fcrte, mis aitavad kehal l\u00f5\u00f5gastuda.\" \/>\n<meta name=\"robots\" content=\"index, follow, max-snippet:-1, max-image-preview:large, max-video-preview:-1\" \/>\n<link rel=\"canonical\" href=\"https:\/\/oliveoilshop.ee\/lv\/product\/moly-night-cup-mahe-urditee-parem-uni\/\" \/>\n<meta property=\"og:locale\" content=\"lv_LV\" \/>\n<meta property=\"og:type\" content=\"article\" \/>\n<meta property=\"og:title\" content=\"MOLY NIGHT CUP TEE - PAREM UNI - Olive Oil Shop\" \/>\n<meta property=\"og:description\" content=\"Moly Night Cup koosneb ravimtaimedest, mis aitavad\u00a0v\u00f5idelda unetuse ja stressiga. Moly Night Cup sisaldab \u00fcrte, mis aitavad kehal l\u00f5\u00f5gastuda.\" \/>\n<meta property=\"og:url\" content=\"https:\/\/oliveoilshop.ee\/lv\/product\/moly-night-cup-mahe-urditee-parem-uni\/\" \/>\n<meta property=\"og:site_name\" content=\"Olive Oil Shop\" \/>\n<meta property=\"article:publisher\" content=\"https:\/\/www.facebook.com\/profile.php?id=61556092580476\" \/>\n<meta property=\"article:modified_time\" content=\"2026-04-18T14:09:06+00:00\" \/>\n<meta property=\"og:image\" content=\"https:\/\/oliveoilshop.ee\/wp-content\/uploads\/2024\/05\/DARK-PURPLE-NIGHT-CUP-L.jpg\" \/>\n\t<meta property=\"og:image:width\" content=\"2500\" \/>\n\t<meta property=\"og:image:height\" content=\"1869\" \/>\n\t<meta property=\"og:image:type\" content=\"image\/jpeg\" \/>\n<meta name=\"twitter:card\" content=\"summary_large_image\" \/>\n<meta name=\"twitter:label1\" content=\"Est. reading time\" \/>\n\t<meta name=\"twitter:data1\" content=\"1 min\u016bte\" \/>\n<script type=\"application\/ld+json\" class=\"yoast-schema-graph\">{\"@context\":\"https:\\\/\\\/schema.org\",\"@graph\":[{\"@type\":\"WebPage\",\"@id\":\"https:\\\/\\\/oliveoilshop.ee\\\/toode\\\/moly-night-cup-mahe-urditee-parem-uni\\\/\",\"url\":\"https:\\\/\\\/oliveoilshop.ee\\\/toode\\\/moly-night-cup-mahe-urditee-parem-uni\\\/\",\"name\":\"MOLY NIGHT CUP TEE - PAREM UNI - Olive Oil Shop\",\"isPartOf\":{\"@id\":\"https:\\\/\\\/oliveoilshop.ee\\\/#website\"},\"primaryImageOfPage\":{\"@id\":\"https:\\\/\\\/oliveoilshop.ee\\\/toode\\\/moly-night-cup-mahe-urditee-parem-uni\\\/#primaryimage\"},\"image\":{\"@id\":\"https:\\\/\\\/oliveoilshop.ee\\\/toode\\\/moly-night-cup-mahe-urditee-parem-uni\\\/#primaryimage\"},\"thumbnailUrl\":\"https:\\\/\\\/oliveoilshop.ee\\\/wp-content\\\/uploads\\\/2024\\\/05\\\/DARK-PURPLE-NIGHT-CUP-L.jpg\",\"datePublished\":\"2024-05-17T12:04:22+00:00\",\"dateModified\":\"2026-04-18T14:09:06+00:00\",\"description\":\"Moly Night Cup koosneb ravimtaimedest, mis aitavad\u00a0v\u00f5idelda unetuse ja stressiga. Moly Night Cup sisaldab \u00fcrte, mis aitavad kehal l\u00f5\u00f5gastuda.\",\"breadcrumb\":{\"@id\":\"https:\\\/\\\/oliveoilshop.ee\\\/toode\\\/moly-night-cup-mahe-urditee-parem-uni\\\/#breadcrumb\"},\"inLanguage\":\"lv-LV\",\"potentialAction\":[{\"@type\":\"ReadAction\",\"target\":[\"https:\\\/\\\/oliveoilshop.ee\\\/toode\\\/moly-night-cup-mahe-urditee-parem-uni\\\/\"]}]},{\"@type\":\"ImageObject\",\"inLanguage\":\"lv-LV\",\"@id\":\"https:\\\/\\\/oliveoilshop.ee\\\/toode\\\/moly-night-cup-mahe-urditee-parem-uni\\\/#primaryimage\",\"url\":\"https:\\\/\\\/oliveoilshop.ee\\\/wp-content\\\/uploads\\\/2024\\\/05\\\/DARK-PURPLE-NIGHT-CUP-L.jpg\",\"contentUrl\":\"https:\\\/\\\/oliveoilshop.ee\\\/wp-content\\\/uploads\\\/2024\\\/05\\\/DARK-PURPLE-NIGHT-CUP-L.jpg\",\"width\":2500,\"height\":1869},{\"@type\":\"BreadcrumbList\",\"@id\":\"https:\\\/\\\/oliveoilshop.ee\\\/toode\\\/moly-night-cup-mahe-urditee-parem-uni\\\/#breadcrumb\",\"itemListElement\":[{\"@type\":\"ListItem\",\"position\":1,\"name\":\"Home\",\"item\":\"https:\\\/\\\/oliveoilshop.ee\\\/\"},{\"@type\":\"ListItem\",\"position\":2,\"name\":\"Pood\",\"item\":\"https:\\\/\\\/oliveoilshop.ee\\\/pood\\\/\"},{\"@type\":\"ListItem\",\"position\":3,\"name\":\"MOLY NIGHT CUP TEE &#8211; PAREM UNI\"}]},{\"@type\":\"WebSite\",\"@id\":\"https:\\\/\\\/oliveoilshop.ee\\\/#website\",\"url\":\"https:\\\/\\\/oliveoilshop.ee\\\/\",\"name\":\"Olive Oil Shop\",\"description\":\"V&auml;rske ja kvaliteetne ekstra v&auml;&auml;risoliivi&otilde;li Kreeka v&auml;iketootjatelt\",\"publisher\":{\"@id\":\"https:\\\/\\\/oliveoilshop.ee\\\/#organization\"},\"potentialAction\":[{\"@type\":\"SearchAction\",\"target\":{\"@type\":\"EntryPoint\",\"urlTemplate\":\"https:\\\/\\\/oliveoilshop.ee\\\/?s={search_term_string}\"},\"query-input\":{\"@type\":\"PropertyValueSpecification\",\"valueRequired\":true,\"valueName\":\"search_term_string\"}}],\"inLanguage\":\"lv-LV\"},{\"@type\":\"Organization\",\"@id\":\"https:\\\/\\\/oliveoilshop.ee\\\/#organization\",\"name\":\"Olive Oil Shop\",\"url\":\"https:\\\/\\\/oliveoilshop.ee\\\/\",\"logo\":{\"@type\":\"ImageObject\",\"inLanguage\":\"lv-LV\",\"@id\":\"https:\\\/\\\/oliveoilshop.ee\\\/#\\\/schema\\\/logo\\\/image\\\/\",\"url\":\"https:\\\/\\\/oliveoilshop.ee\\\/wp-content\\\/uploads\\\/2024\\\/02\\\/Sipty-logo-12.png\",\"contentUrl\":\"https:\\\/\\\/oliveoilshop.ee\\\/wp-content\\\/uploads\\\/2024\\\/02\\\/Sipty-logo-12.png\",\"width\":500,\"height\":500,\"caption\":\"Olive Oil Shop\"},\"image\":{\"@id\":\"https:\\\/\\\/oliveoilshop.ee\\\/#\\\/schema\\\/logo\\\/image\\\/\"},\"sameAs\":[\"https:\\\/\\\/www.facebook.com\\\/profile.php?id=61556092580476\",\"https:\\\/\\\/www.instagram.com\\\/oliveoilshop.ee\"]}]}<\/script>\n<!-- \/ Yoast SEO plugin. -->","yoast_head_json":{"title":"MOLY NIGHT CUP TEE - PAREM UNI - Olive Oil Shop","description":"Moly Night Cup koosneb ravimtaimedest, mis aitavad\u00a0v\u00f5idelda unetuse ja stressiga. Moly Night Cup sisaldab \u00fcrte, mis aitavad kehal l\u00f5\u00f5gastuda.","robots":{"index":"index","follow":"follow","max-snippet":"max-snippet:-1","max-image-preview":"max-image-preview:large","max-video-preview":"max-video-preview:-1"},"canonical":"https:\/\/oliveoilshop.ee\/lv\/product\/moly-night-cup-mahe-urditee-parem-uni\/","og_locale":"lv_LV","og_type":"article","og_title":"MOLY NIGHT CUP TEE - PAREM UNI - Olive Oil Shop","og_description":"Moly Night Cup koosneb ravimtaimedest, mis aitavad\u00a0v\u00f5idelda unetuse ja stressiga. Moly Night Cup sisaldab \u00fcrte, mis aitavad kehal l\u00f5\u00f5gastuda.","og_url":"https:\/\/oliveoilshop.ee\/lv\/product\/moly-night-cup-mahe-urditee-parem-uni\/","og_site_name":"Olive Oil Shop","article_publisher":"https:\/\/www.facebook.com\/profile.php?id=61556092580476","article_modified_time":"2026-04-18T14:09:06+00:00","og_image":[{"width":2500,"height":1869,"url":"https:\/\/oliveoilshop.ee\/wp-content\/uploads\/2024\/05\/DARK-PURPLE-NIGHT-CUP-L.jpg","type":"image\/jpeg"}],"twitter_card":"summary_large_image","twitter_misc":{"Est. reading time":"1 min\u016bte"},"schema":{"@context":"https:\/\/schema.org","@graph":[{"@type":"WebPage","@id":"https:\/\/oliveoilshop.ee\/toode\/moly-night-cup-mahe-urditee-parem-uni\/","url":"https:\/\/oliveoilshop.ee\/toode\/moly-night-cup-mahe-urditee-parem-uni\/","name":"MOLY NIGHT CUP TEE - PAREM UNI - Olive Oil Shop","isPartOf":{"@id":"https:\/\/oliveoilshop.ee\/#website"},"primaryImageOfPage":{"@id":"https:\/\/oliveoilshop.ee\/toode\/moly-night-cup-mahe-urditee-parem-uni\/#primaryimage"},"image":{"@id":"https:\/\/oliveoilshop.ee\/toode\/moly-night-cup-mahe-urditee-parem-uni\/#primaryimage"},"thumbnailUrl":"https:\/\/oliveoilshop.ee\/wp-content\/uploads\/2024\/05\/DARK-PURPLE-NIGHT-CUP-L.jpg","datePublished":"2024-05-17T12:04:22+00:00","dateModified":"2026-04-18T14:09:06+00:00","description":"Moly Night Cup koosneb ravimtaimedest, mis aitavad\u00a0v\u00f5idelda unetuse ja stressiga. Moly Night Cup sisaldab \u00fcrte, mis aitavad kehal l\u00f5\u00f5gastuda.","breadcrumb":{"@id":"https:\/\/oliveoilshop.ee\/toode\/moly-night-cup-mahe-urditee-parem-uni\/#breadcrumb"},"inLanguage":"lv-LV","potentialAction":[{"@type":"ReadAction","target":["https:\/\/oliveoilshop.ee\/toode\/moly-night-cup-mahe-urditee-parem-uni\/"]}]},{"@type":"ImageObject","inLanguage":"lv-LV","@id":"https:\/\/oliveoilshop.ee\/toode\/moly-night-cup-mahe-urditee-parem-uni\/#primaryimage","url":"https:\/\/oliveoilshop.ee\/wp-content\/uploads\/2024\/05\/DARK-PURPLE-NIGHT-CUP-L.jpg","contentUrl":"https:\/\/oliveoilshop.ee\/wp-content\/uploads\/2024\/05\/DARK-PURPLE-NIGHT-CUP-L.jpg","width":2500,"height":1869},{"@type":"BreadcrumbList","@id":"https:\/\/oliveoilshop.ee\/toode\/moly-night-cup-mahe-urditee-parem-uni\/#breadcrumb","itemListElement":[{"@type":"ListItem","position":1,"name":"Home","item":"https:\/\/oliveoilshop.ee\/"},{"@type":"ListItem","position":2,"name":"Pood","item":"https:\/\/oliveoilshop.ee\/pood\/"},{"@type":"ListItem","position":3,"name":"MOLY NIGHT CUP TEE &#8211; PAREM UNI"}]},{"@type":"WebSite","@id":"https:\/\/oliveoilshop.ee\/#website","url":"https:\/\/oliveoilshop.ee\/","name":"Olive Oil Shop","description":"V&auml;rske ja kvaliteetne ekstra v&auml;&auml;risoliivi&otilde;li Kreeka v&auml;iketootjatelt","publisher":{"@id":"https:\/\/oliveoilshop.ee\/#organization"},"potentialAction":[{"@type":"SearchAction","target":{"@type":"EntryPoint","urlTemplate":"https:\/\/oliveoilshop.ee\/?s={search_term_string}"},"query-input":{"@type":"PropertyValueSpecification","valueRequired":true,"valueName":"search_term_string"}}],"inLanguage":"lv-LV"},{"@type":"Organization","@id":"https:\/\/oliveoilshop.ee\/#organization","name":"Olive Oil Shop","url":"https:\/\/oliveoilshop.ee\/","logo":{"@type":"ImageObject","inLanguage":"lv-LV","@id":"https:\/\/oliveoilshop.ee\/#\/schema\/logo\/image\/","url":"https:\/\/oliveoilshop.ee\/wp-content\/uploads\/2024\/02\/Sipty-logo-12.png","contentUrl":"https:\/\/oliveoilshop.ee\/wp-content\/uploads\/2024\/02\/Sipty-logo-12.png","width":500,"height":500,"caption":"Olive Oil Shop"},"image":{"@id":"https:\/\/oliveoilshop.ee\/#\/schema\/logo\/image\/"},"sameAs":["https:\/\/www.facebook.com\/profile.php?id=61556092580476","https:\/\/www.instagram.com\/oliveoilshop.ee"]}]}},"_links":{"self":[{"href":"https:\/\/oliveoilshop.ee\/lv\/wp-json\/wp\/v2\/product\/17402","targetHints":{"allow":["GET"]}}],"collection":[{"href":"https:\/\/oliveoilshop.ee\/lv\/wp-json\/wp\/v2\/product"}],"about":[{"href":"https:\/\/oliveoilshop.ee\/lv\/wp-json\/wp\/v2\/types\/product"}],"replies":[{"embeddable":true,"href":"https:\/\/oliveoilshop.ee\/lv\/wp-json\/wp\/v2\/comments?post=17402"}],"version-history":[{"count":1,"href":"https:\/\/oliveoilshop.ee\/lv\/wp-json\/wp\/v2\/product\/17402\/revisions"}],"predecessor-version":[{"id":17404,"href":"https:\/\/oliveoilshop.ee\/lv\/wp-json\/wp\/v2\/product\/17402\/revisions\/17404"}],"wp:featuredmedia":[{"embeddable":true,"href":"https:\/\/oliveoilshop.ee\/lv\/wp-json\/wp\/v2\/media\/17403"}],"wp:attachment":[{"href":"https:\/\/oliveoilshop.ee\/lv\/wp-json\/wp\/v2\/media?parent=17402"}],"wp:term":[{"taxonomy":"product_brand","embeddable":true,"href":"https:\/\/oliveoilshop.ee\/lv\/wp-json\/wp\/v2\/product_brand?post=17402"},{"taxonomy":"product_cat","embeddable":true,"href":"https:\/\/oliveoilshop.ee\/lv\/wp-json\/wp\/v2\/product_cat?post=17402"},{"taxonomy":"product_tag","embeddable":true,"href":"https:\/\/oliveoilshop.ee\/lv\/wp-json\/wp\/v2\/product_tag?post=17402"}],"curies":[{"name":"wp","href":"https:\/\/api.w.org\/{rel}","templated":true}]}}