{"id":15682,"date":"2023-12-10T10:57:20","date_gmt":"2023-12-10T10:57:20","guid":{"rendered":"https:\/\/oliveoilshop.ee\/?post_type=product&#038;p=15682"},"modified":"2026-01-10T08:31:40","modified_gmt":"2026-01-10T08:31:40","slug":"ekstra-vaarisoliivioli-early-harvest-3l","status":"publish","type":"product","link":"https:\/\/oliveoilshop.ee\/lv\/product\/ekstra-vaarisoliivioli-early-harvest-3l\/","title":{"rendered":"Extra Virgin ol\u012bve\u013c\u013ca Early Harvest 3L"},"content":{"rendered":"<p class=\"cvGsUA direction-ltr align-justify para-style-body\"><span class=\"OYPEnA font-feature-liga-off font-feature-clig-off font-feature-calt-off text-decoration-none text-strikethrough-none\"><strong>Extra virgin ol\u012bve\u013c\u013ca Early Harvest<\/strong> jeb neapstr\u0101d\u0101ta augst\u0101k\u0101 labuma ol\u012bve\u013c\u013ca, kas ieg\u016bta no agr\u012bn\u0101s ra\u017eas, n\u0101k no Egejas j\u016bras vissen\u0101k\u0101s salas T\u0101sas. E\u013c\u013ca smar\u017eo p\u0113c svaigi p\u013cautas z\u0101les, un to ra\u017eo no za\u013c\u0101m ol\u012bv\u0101m, kas nov\u0101ktas pusgatavas.<\/span><\/p>\n<p class=\"cvGsUA direction-ltr align-justify para-style-body\"><span class=\"OYPEnA font-feature-liga-off font-feature-clig-off font-feature-calt-off text-decoration-none text-strikethrough-none\">Ra\u017eas nov\u0101k\u0161anas laik\u0101 e\u013c\u013ca ir za\u013ca. Da\u017eus m\u0113ne\u0161us p\u0113c ra\u017eas nov\u0101k\u0161anas za\u013c\u0101s lapas sadal\u0101s, un l\u012bdz ar to e\u013c\u013cas za\u013c\u0101 kr\u0101sa k\u013c\u016bst dzeltena, bet p\u0101r\u0113j\u0101s agr\u012bn\u0101s \u012bpa\u0161\u012bbas saglab\u0101jas reti. Agr\u012bn\u0101s ra\u017eas e\u013c\u013ca ir pieejama tikai ra\u017eas nov\u0101k\u0161anas sezonas s\u0101kum\u0101 (no oktobra vidus l\u012bdz novembra vidum), un t\u0101s sast\u0101vs ir \u0161\u0101ds <strong>vair\u0101k polifenolu<\/strong> nek\u0101 klasisk\u0101 augst\u0101k\u0101 labuma neapstr\u0101d\u0101ta ol\u012bve\u013c\u013ca. T\u0101s ir vielas, ko ol\u012bvkoks ra\u017eo \u201cpa\u0161aizsardz\u012bbai\u201d un kas pie\u0161\u0137ir ol\u012bve\u013c\u013cai t\u0101s \u012bpa\u0161o gar\u0161u.<\/span><\/p>\n<p class=\"cvGsUA direction-ltr align-justify para-style-body\"><span class=\"OYPEnA font-feature-liga-off font-feature-clig-off font-feature-calt-off text-decoration-none text-strikethrough-none\">Ol\u012bve\u013c\u013cas lab\u0101 gar\u0161a ir defin\u0113ta pat El: ol\u012bve\u013c\u013cas ties\u012bbu aktos. Neapstr\u0101d\u0101tai vai termiski neapstr\u0101d\u0101tai ol\u012bve\u013c\u013cai j\u0101b\u016bt ar \u0161\u0101d\u0101m \u012bpa\u0161\u012bb\u0101m:<\/span><\/p>\n<ul>\n<li><span class=\"OYPEnA font-feature-liga-off font-feature-clig-off font-feature-calt-off text-decoration-none text-strikethrough-none\">r\u016bgtums<\/span><\/li>\n<li><span class=\"OYPEnA font-feature-liga-off font-feature-clig-off font-feature-calt-off text-decoration-none text-strikethrough-none\">ol\u012bvu arom\u0101ts<\/span><\/li>\n<li><span class=\"OYPEnA font-feature-liga-off font-feature-clig-off font-feature-calt-off text-decoration-none text-strikethrough-none\">svaigi nop\u013cauta z\u0101liena smar\u017ea<\/span><\/li>\n<li><span class=\"OYPEnA font-feature-liga-off font-feature-clig-off font-feature-calt-off text-decoration-none text-strikethrough-none\">e\u013c\u013cai j\u0101rada kairin\u0101jums\/ka\u0161lis kakl\u0101. Tas nor\u0101da, ka<\/span><span class=\"OYPEnA font-feature-liga-off font-feature-clig-off font-feature-calt-off text-decoration-none text-strikethrough-none white-space-prewrap\">\u00a0<\/span><span class=\"OYPEnA font-feature-liga-off font-feature-clig-off font-feature-calt-off text-decoration-none text-strikethrough-none\">e\u013c\u013c\u0101 ir<\/span><span class=\"OYPEnA font-feature-liga-off font-feature-clig-off font-feature-calt-off text-decoration-none text-strikethrough-none white-space-prewrap\">\u00a0<\/span><span class=\"OYPEnA font-feature-liga-off font-feature-clig-off font-feature-calt-off text-decoration-none text-strikethrough-none\">oleokant\u0101ls.<\/span><\/li>\n<\/ul>\n<p class=\"cvGsUA direction-ltr align-justify para-style-body\"><span class=\"OYPEnA font-feature-liga-off font-feature-clig-off font-feature-calt-off text-decoration-none text-strikethrough-none\">Ja e\u013c\u013cai piem\u012bt visas iepriek\u0161 min\u0113t\u0101s \u012bpa\u0161\u012bbas, t\u0101 ir augst\u0101k\u0101 labuma neapstr\u0101d\u0101ta ol\u012bve\u013c\u013ca. Degust\u0113jot e\u013c\u013cu, j\u016bs varat ar\u012b pa\u0161i noteikt, vai t\u0101 ir kvalitat\u012bva.<\/span><\/p>\n<p class=\"cvGsUA direction-ltr align-justify para-style-body\"><span class=\"OYPEnA font-feature-liga-off font-feature-clig-off font-feature-calt-off text-decoration-none text-strikethrough-none\">Early Harvest satur lielu daudzumu polifenola, ko sauc par <strong>oleoc\u012bns<\/strong>, kas ir sp\u0113c\u012bgs antioksidants, un <strong>oleokant\u0101ls<\/strong>, kas, t\u0101pat k\u0101 ibuprof\u0113ns, pal\u012bdz mazin\u0101t iekaisumu organism\u0101. \u0160ie divi savienojumi ir \u013coti svar\u012bgi cilv\u0113ka vesel\u012bbai, vitalit\u0101tei un ilgm\u016b\u017e\u012bbai. Oleaka\u012bnu var sajust k\u0101 pat\u012bkamu r\u016bgtu gar\u0161u uz m\u0113les, bet oleokant\u0101lu p\u0113c nor\u012b\u0161anas var sajust k\u0101 vieglu dedzino\u0161u saj\u016btu r\u012bkles aizmugur\u0113.<\/span><\/p>\n<p class=\"cvGsUA direction-ltr align-justify para-style-body\"><span class=\"OYPEnA font-feature-liga-off font-feature-clig-off font-feature-calt-off text-decoration-none text-strikethrough-none\"><strong>Lieto\u0161ana:\u00a0<\/strong>Agr\u0101 ra\u017ea ir piem\u0113rota visiem \u0113dienu gatavo\u0161anas veidiem - cep\u0161anai, cep\u0161anai, saut\u0113\u0161anai, sajauk\u0161anai sal\u0101tos, iev\u0101r\u012bjumiem. Agr\u0101 ra\u017ea ir \u012bpa\u0161i piem\u0113rota d\u0101rze\u0146u \u0113dieniem. D\u0101rze\u0146os un ol\u012bve\u013c\u013c\u0101 eso\u0161ie polifenoli rada lielisku gar\u0161u kombin\u0101ciju \u0113dienos.<\/span><\/p>\n<p class=\"cvGsUA direction-ltr align-justify para-style-body\"><span class=\"OYPEnA font-feature-liga-off font-feature-clig-off font-feature-calt-off text-decoration-none text-strikethrough-none\">E\u013c\u013cas pies\u0101tin\u0101juma temperat\u016bra ir no 190\u00b0C l\u012bdz 205\u00b0C, kas ir piem\u0113rota liel\u0101kajai da\u013cai gatavo\u0161anas meto\u017eu, tostarp cep\u0161anai un cep\u0161anai. Kars\u0113jot polifenolu daudzums b\u016btiski nesamazin\u0101s, un svar\u012bg\u0101kais polifenols - oleokant\u0101ls - paliek gandr\u012bz neskarts.<\/span><\/p>\n<p><strong>Ol\u012bvu \u0161\u0137irne:<\/strong>\u00a0Throumba<\/p>\n<p><strong>Re\u0123ions:<\/strong>\u00a0Thassos sala<\/p>\n<p>Tasu neapstr\u0101d\u0101tas augst\u0101k\u0101 labuma ol\u012bve\u013c\u013cas gar\u0161a un kr\u0101sa \u013coti at\u0161\u0137iras no Kr\u0113tas e\u013c\u013c\u0101m. Ol\u012bvu \u0161\u0137irnes d\u0113\u013c Thassos e\u013c\u013cas kr\u0101sa ir zeltaini dzelten\u012bga.<\/p>\n<p><strong>Sast\u0101vs:\u00a0<\/strong>Augst\u0101k\u0101s kvalit\u0101tes neapstr\u0101d\u0101ta augst\u0101k\u0101 labuma ol\u012bve\u013c\u013ca.<\/p>\n<p><strong>Uztura inform\u0101cija:<\/strong>\u00a0100 ml produkta vid\u0113ji satur: 3389 kJ\/824 kcal, taukus 91,6 g (no tiem pies\u0101tin\u0101t\u0101s tauksk\u0101bes 12,8 g), og\u013chidr\u0101tus 0 g (no tiem cukurus 0 g), olbaltumvielas 0 g, s\u0101li 0 g.<\/p>\n<p>Pieejams ar\u012b 750 ml pudel\u0113 <strong><a href=\"https:\/\/oliveoilshop.ee\/lv\/product\/early-harvest-extra-virgin-olive-oil-1000ml\/\">DAL\u012aTIES UZ \u0160EIT\u00a0<\/a><\/strong><\/p>","protected":false},"excerpt":{"rendered":"<p>00,00\u20ac\/l<\/p>\n<p><span style=\"color: #ff0000;\">Jaun\u0101s 2025.\/2026. gada ra\u017eas sezonas pirm\u0101 pieg\u0101de ir gaid\u0101ma 2026. gada apr\u012bl\u012b.<\/span><\/p>\n<p>Svaiga un augstas kvalit\u0101tes auksti spiesta pirm\u0101s aukst\u0101 spieduma agr\u012bn\u0101s ra\u017eas neapstr\u0101d\u0101ta augst\u0101k\u0101 labuma ol\u012bve\u013c\u013ca no Tasu salas Grie\u0137ij\u0101. Ra\u017eota no 2024\/2025. gada ra\u017eas.<\/p>\n<p>P\u0113d\u0113j\u0101 izmanto\u0161anas diena 30.09.2027.<\/p>\n<p>Arom\u0101ts ir intens\u012bv\u0101ks, sp\u0113c\u012bg\u0101ks un nedaudz as\u0101ks nek\u0101 klasiskajai neapstr\u0101d\u0101tajai augst\u0101k\u0101 labuma ol\u012bve\u013c\u013cai. \u012apa\u0161i intens\u012bvs aug\u013cu arom\u0101ts un zeltaini dzeltena kr\u0101sa.<\/p>\n<p><strong>Lieto\u0161ana:<\/strong>\u00a0Piem\u0113rots lieto\u0161anai sal\u0101tos, \u0113dienu gatavo\u0161anai un cep\u0161anai, pie\u0161\u0137irot tiem lielisku gar\u0161u.<\/p>\n<p>P\u0101rtikas veikalos j\u016bs neatrad\u012bsiet neapstr\u0101d\u0101tu ol\u012bve\u013c\u013cu no agr\u012bnas ra\u017eas!<\/p>","protected":false},"featured_media":16711,"comment_status":"open","ping_status":"closed","template":"","meta":{"om_disable_all_campaigns":false},"product_brand":[],"product_cat":[70],"product_tag":[],"class_list":{"0":"post-15682","1":"product","2":"type-product","3":"status-publish","4":"has-post-thumbnail","6":"product_cat-olive-oil","8":"first","9":"outofstock","10":"shipping-taxable","11":"purchasable","12":"product-type-simple"},"yoast_head":"<!-- This site is optimized with the Yoast SEO plugin v27.4 - https:\/\/yoast.com\/product\/yoast-seo-wordpress\/ -->\n<title>Ekstra V\u00e4\u00e4risoliivi\u00f5li Early Harvest 3L - Olive Oil Shop<\/title>\n<meta name=\"description\" content=\"Ekstra v\u00e4\u00e4risoliivi\u00f5li Early Harvest. Kreeka 100% extra virgin oliiv\u00f5li. V\u00e4rske ja kvaliteetne. Saadud esimesel k\u00fclmpressimisel. 2024\/2025 aasta saagist.\" \/>\n<meta name=\"robots\" content=\"index, follow, max-snippet:-1, max-image-preview:large, max-video-preview:-1\" \/>\n<link rel=\"canonical\" href=\"https:\/\/oliveoilshop.ee\/lv\/product\/ekstra-vaarisoliivioli-early-harvest-3l\/\" \/>\n<meta property=\"og:locale\" content=\"lv_LV\" \/>\n<meta property=\"og:type\" content=\"article\" \/>\n<meta property=\"og:title\" content=\"Ekstra V\u00e4\u00e4risoliivi\u00f5li Early Harvest 3L - Olive Oil Shop\" \/>\n<meta property=\"og:description\" content=\"Ekstra v\u00e4\u00e4risoliivi\u00f5li Early Harvest. Kreeka 100% extra virgin oliiv\u00f5li. V\u00e4rske ja kvaliteetne. Saadud esimesel k\u00fclmpressimisel. 2024\/2025 aasta saagist.\" \/>\n<meta property=\"og:url\" content=\"https:\/\/oliveoilshop.ee\/lv\/product\/ekstra-vaarisoliivioli-early-harvest-3l\/\" \/>\n<meta property=\"og:site_name\" content=\"Olive Oil Shop\" \/>\n<meta property=\"article:publisher\" content=\"https:\/\/www.facebook.com\/profile.php?id=61556092580476\" \/>\n<meta property=\"article:modified_time\" content=\"2026-01-10T08:31:40+00:00\" \/>\n<meta property=\"og:image\" content=\"https:\/\/oliveoilshop.ee\/wp-content\/uploads\/2023\/12\/tootefoto-10-2-scaled-e1705331996944.jpg\" \/>\n\t<meta property=\"og:image:width\" content=\"1709\" \/>\n\t<meta property=\"og:image:height\" content=\"1826\" \/>\n\t<meta property=\"og:image:type\" content=\"image\/jpeg\" \/>\n<meta name=\"twitter:card\" content=\"summary_large_image\" \/>\n<meta name=\"twitter:label1\" content=\"Est. reading time\" \/>\n\t<meta name=\"twitter:data1\" content=\"2 min\u016btes\" \/>\n<script type=\"application\/ld+json\" class=\"yoast-schema-graph\">{\"@context\":\"https:\\\/\\\/schema.org\",\"@graph\":[{\"@type\":\"WebPage\",\"@id\":\"https:\\\/\\\/oliveoilshop.ee\\\/toode\\\/ekstra-vaarisoliivioli-early-harvest-3l\\\/\",\"url\":\"https:\\\/\\\/oliveoilshop.ee\\\/toode\\\/ekstra-vaarisoliivioli-early-harvest-3l\\\/\",\"name\":\"Ekstra V\u00e4\u00e4risoliivi\u00f5li Early Harvest 3L - Olive Oil Shop\",\"isPartOf\":{\"@id\":\"https:\\\/\\\/oliveoilshop.ee\\\/#website\"},\"primaryImageOfPage\":{\"@id\":\"https:\\\/\\\/oliveoilshop.ee\\\/toode\\\/ekstra-vaarisoliivioli-early-harvest-3l\\\/#primaryimage\"},\"image\":{\"@id\":\"https:\\\/\\\/oliveoilshop.ee\\\/toode\\\/ekstra-vaarisoliivioli-early-harvest-3l\\\/#primaryimage\"},\"thumbnailUrl\":\"https:\\\/\\\/oliveoilshop.ee\\\/wp-content\\\/uploads\\\/2023\\\/12\\\/tootefoto-10-2-scaled-e1705331996944.jpg\",\"datePublished\":\"2023-12-10T10:57:20+00:00\",\"dateModified\":\"2026-01-10T08:31:40+00:00\",\"description\":\"Ekstra v\u00e4\u00e4risoliivi\u00f5li Early Harvest. Kreeka 100% extra virgin oliiv\u00f5li. V\u00e4rske ja kvaliteetne. Saadud esimesel k\u00fclmpressimisel. 2024\\\/2025 aasta saagist.\",\"breadcrumb\":{\"@id\":\"https:\\\/\\\/oliveoilshop.ee\\\/toode\\\/ekstra-vaarisoliivioli-early-harvest-3l\\\/#breadcrumb\"},\"inLanguage\":\"lv-LV\",\"potentialAction\":[{\"@type\":\"ReadAction\",\"target\":[\"https:\\\/\\\/oliveoilshop.ee\\\/toode\\\/ekstra-vaarisoliivioli-early-harvest-3l\\\/\"]}]},{\"@type\":\"ImageObject\",\"inLanguage\":\"lv-LV\",\"@id\":\"https:\\\/\\\/oliveoilshop.ee\\\/toode\\\/ekstra-vaarisoliivioli-early-harvest-3l\\\/#primaryimage\",\"url\":\"https:\\\/\\\/oliveoilshop.ee\\\/wp-content\\\/uploads\\\/2023\\\/12\\\/tootefoto-10-2-scaled-e1705331996944.jpg\",\"contentUrl\":\"https:\\\/\\\/oliveoilshop.ee\\\/wp-content\\\/uploads\\\/2023\\\/12\\\/tootefoto-10-2-scaled-e1705331996944.jpg\",\"width\":1709,\"height\":1826,\"caption\":\"ekstra v\u00e4\u00e4risoliivi\u00f5li Early Harvest\"},{\"@type\":\"BreadcrumbList\",\"@id\":\"https:\\\/\\\/oliveoilshop.ee\\\/toode\\\/ekstra-vaarisoliivioli-early-harvest-3l\\\/#breadcrumb\",\"itemListElement\":[{\"@type\":\"ListItem\",\"position\":1,\"name\":\"Home\",\"item\":\"https:\\\/\\\/oliveoilshop.ee\\\/\"},{\"@type\":\"ListItem\",\"position\":2,\"name\":\"Pood\",\"item\":\"https:\\\/\\\/oliveoilshop.ee\\\/pood\\\/\"},{\"@type\":\"ListItem\",\"position\":3,\"name\":\"Ekstra V\u00e4\u00e4risoliivi\u00f5li Early Harvest 3L\"}]},{\"@type\":\"WebSite\",\"@id\":\"https:\\\/\\\/oliveoilshop.ee\\\/#website\",\"url\":\"https:\\\/\\\/oliveoilshop.ee\\\/\",\"name\":\"Olive Oil Shop\",\"description\":\"V&auml;rske ja kvaliteetne ekstra v&auml;&auml;risoliivi&otilde;li Kreeka v&auml;iketootjatelt\",\"publisher\":{\"@id\":\"https:\\\/\\\/oliveoilshop.ee\\\/#organization\"},\"potentialAction\":[{\"@type\":\"SearchAction\",\"target\":{\"@type\":\"EntryPoint\",\"urlTemplate\":\"https:\\\/\\\/oliveoilshop.ee\\\/?s={search_term_string}\"},\"query-input\":{\"@type\":\"PropertyValueSpecification\",\"valueRequired\":true,\"valueName\":\"search_term_string\"}}],\"inLanguage\":\"lv-LV\"},{\"@type\":\"Organization\",\"@id\":\"https:\\\/\\\/oliveoilshop.ee\\\/#organization\",\"name\":\"Olive Oil Shop\",\"url\":\"https:\\\/\\\/oliveoilshop.ee\\\/\",\"logo\":{\"@type\":\"ImageObject\",\"inLanguage\":\"lv-LV\",\"@id\":\"https:\\\/\\\/oliveoilshop.ee\\\/#\\\/schema\\\/logo\\\/image\\\/\",\"url\":\"https:\\\/\\\/oliveoilshop.ee\\\/wp-content\\\/uploads\\\/2024\\\/02\\\/Sipty-logo-12.png\",\"contentUrl\":\"https:\\\/\\\/oliveoilshop.ee\\\/wp-content\\\/uploads\\\/2024\\\/02\\\/Sipty-logo-12.png\",\"width\":500,\"height\":500,\"caption\":\"Olive Oil Shop\"},\"image\":{\"@id\":\"https:\\\/\\\/oliveoilshop.ee\\\/#\\\/schema\\\/logo\\\/image\\\/\"},\"sameAs\":[\"https:\\\/\\\/www.facebook.com\\\/profile.php?id=61556092580476\",\"https:\\\/\\\/www.instagram.com\\\/oliveoilshop.ee\"]}]}<\/script>\n<!-- \/ Yoast SEO plugin. -->","yoast_head_json":{"title":"Ekstra V\u00e4\u00e4risoliivi\u00f5li Early Harvest 3L - Olive Oil Shop","description":"Ekstra v\u00e4\u00e4risoliivi\u00f5li Early Harvest. Kreeka 100% extra virgin oliiv\u00f5li. V\u00e4rske ja kvaliteetne. Saadud esimesel k\u00fclmpressimisel. 2024\/2025 aasta saagist.","robots":{"index":"index","follow":"follow","max-snippet":"max-snippet:-1","max-image-preview":"max-image-preview:large","max-video-preview":"max-video-preview:-1"},"canonical":"https:\/\/oliveoilshop.ee\/lv\/product\/ekstra-vaarisoliivioli-early-harvest-3l\/","og_locale":"lv_LV","og_type":"article","og_title":"Ekstra V\u00e4\u00e4risoliivi\u00f5li Early Harvest 3L - Olive Oil Shop","og_description":"Ekstra v\u00e4\u00e4risoliivi\u00f5li Early Harvest. Kreeka 100% extra virgin oliiv\u00f5li. V\u00e4rske ja kvaliteetne. Saadud esimesel k\u00fclmpressimisel. 2024\/2025 aasta saagist.","og_url":"https:\/\/oliveoilshop.ee\/lv\/product\/ekstra-vaarisoliivioli-early-harvest-3l\/","og_site_name":"Olive Oil Shop","article_publisher":"https:\/\/www.facebook.com\/profile.php?id=61556092580476","article_modified_time":"2026-01-10T08:31:40+00:00","og_image":[{"width":1709,"height":1826,"url":"https:\/\/oliveoilshop.ee\/wp-content\/uploads\/2023\/12\/tootefoto-10-2-scaled-e1705331996944.jpg","type":"image\/jpeg"}],"twitter_card":"summary_large_image","twitter_misc":{"Est. reading time":"2 min\u016btes"},"schema":{"@context":"https:\/\/schema.org","@graph":[{"@type":"WebPage","@id":"https:\/\/oliveoilshop.ee\/toode\/ekstra-vaarisoliivioli-early-harvest-3l\/","url":"https:\/\/oliveoilshop.ee\/toode\/ekstra-vaarisoliivioli-early-harvest-3l\/","name":"Ekstra V\u00e4\u00e4risoliivi\u00f5li Early Harvest 3L - Olive Oil Shop","isPartOf":{"@id":"https:\/\/oliveoilshop.ee\/#website"},"primaryImageOfPage":{"@id":"https:\/\/oliveoilshop.ee\/toode\/ekstra-vaarisoliivioli-early-harvest-3l\/#primaryimage"},"image":{"@id":"https:\/\/oliveoilshop.ee\/toode\/ekstra-vaarisoliivioli-early-harvest-3l\/#primaryimage"},"thumbnailUrl":"https:\/\/oliveoilshop.ee\/wp-content\/uploads\/2023\/12\/tootefoto-10-2-scaled-e1705331996944.jpg","datePublished":"2023-12-10T10:57:20+00:00","dateModified":"2026-01-10T08:31:40+00:00","description":"Ekstra v\u00e4\u00e4risoliivi\u00f5li Early Harvest. Kreeka 100% extra virgin oliiv\u00f5li. V\u00e4rske ja kvaliteetne. Saadud esimesel k\u00fclmpressimisel. 2024\/2025 aasta saagist.","breadcrumb":{"@id":"https:\/\/oliveoilshop.ee\/toode\/ekstra-vaarisoliivioli-early-harvest-3l\/#breadcrumb"},"inLanguage":"lv-LV","potentialAction":[{"@type":"ReadAction","target":["https:\/\/oliveoilshop.ee\/toode\/ekstra-vaarisoliivioli-early-harvest-3l\/"]}]},{"@type":"ImageObject","inLanguage":"lv-LV","@id":"https:\/\/oliveoilshop.ee\/toode\/ekstra-vaarisoliivioli-early-harvest-3l\/#primaryimage","url":"https:\/\/oliveoilshop.ee\/wp-content\/uploads\/2023\/12\/tootefoto-10-2-scaled-e1705331996944.jpg","contentUrl":"https:\/\/oliveoilshop.ee\/wp-content\/uploads\/2023\/12\/tootefoto-10-2-scaled-e1705331996944.jpg","width":1709,"height":1826,"caption":"ekstra v\u00e4\u00e4risoliivi\u00f5li Early Harvest"},{"@type":"BreadcrumbList","@id":"https:\/\/oliveoilshop.ee\/toode\/ekstra-vaarisoliivioli-early-harvest-3l\/#breadcrumb","itemListElement":[{"@type":"ListItem","position":1,"name":"Home","item":"https:\/\/oliveoilshop.ee\/"},{"@type":"ListItem","position":2,"name":"Pood","item":"https:\/\/oliveoilshop.ee\/pood\/"},{"@type":"ListItem","position":3,"name":"Ekstra V\u00e4\u00e4risoliivi\u00f5li Early Harvest 3L"}]},{"@type":"WebSite","@id":"https:\/\/oliveoilshop.ee\/#website","url":"https:\/\/oliveoilshop.ee\/","name":"Olive Oil Shop","description":"V&auml;rske ja kvaliteetne ekstra v&auml;&auml;risoliivi&otilde;li Kreeka v&auml;iketootjatelt","publisher":{"@id":"https:\/\/oliveoilshop.ee\/#organization"},"potentialAction":[{"@type":"SearchAction","target":{"@type":"EntryPoint","urlTemplate":"https:\/\/oliveoilshop.ee\/?s={search_term_string}"},"query-input":{"@type":"PropertyValueSpecification","valueRequired":true,"valueName":"search_term_string"}}],"inLanguage":"lv-LV"},{"@type":"Organization","@id":"https:\/\/oliveoilshop.ee\/#organization","name":"Olive Oil Shop","url":"https:\/\/oliveoilshop.ee\/","logo":{"@type":"ImageObject","inLanguage":"lv-LV","@id":"https:\/\/oliveoilshop.ee\/#\/schema\/logo\/image\/","url":"https:\/\/oliveoilshop.ee\/wp-content\/uploads\/2024\/02\/Sipty-logo-12.png","contentUrl":"https:\/\/oliveoilshop.ee\/wp-content\/uploads\/2024\/02\/Sipty-logo-12.png","width":500,"height":500,"caption":"Olive Oil Shop"},"image":{"@id":"https:\/\/oliveoilshop.ee\/#\/schema\/logo\/image\/"},"sameAs":["https:\/\/www.facebook.com\/profile.php?id=61556092580476","https:\/\/www.instagram.com\/oliveoilshop.ee"]}]}},"_links":{"self":[{"href":"https:\/\/oliveoilshop.ee\/lv\/wp-json\/wp\/v2\/product\/15682","targetHints":{"allow":["GET"]}}],"collection":[{"href":"https:\/\/oliveoilshop.ee\/lv\/wp-json\/wp\/v2\/product"}],"about":[{"href":"https:\/\/oliveoilshop.ee\/lv\/wp-json\/wp\/v2\/types\/product"}],"replies":[{"embeddable":true,"href":"https:\/\/oliveoilshop.ee\/lv\/wp-json\/wp\/v2\/comments?post=15682"}],"version-history":[{"count":39,"href":"https:\/\/oliveoilshop.ee\/lv\/wp-json\/wp\/v2\/product\/15682\/revisions"}],"predecessor-version":[{"id":18274,"href":"https:\/\/oliveoilshop.ee\/lv\/wp-json\/wp\/v2\/product\/15682\/revisions\/18274"}],"wp:featuredmedia":[{"embeddable":true,"href":"https:\/\/oliveoilshop.ee\/lv\/wp-json\/wp\/v2\/media\/16711"}],"wp:attachment":[{"href":"https:\/\/oliveoilshop.ee\/lv\/wp-json\/wp\/v2\/media?parent=15682"}],"wp:term":[{"taxonomy":"product_brand","embeddable":true,"href":"https:\/\/oliveoilshop.ee\/lv\/wp-json\/wp\/v2\/product_brand?post=15682"},{"taxonomy":"product_cat","embeddable":true,"href":"https:\/\/oliveoilshop.ee\/lv\/wp-json\/wp\/v2\/product_cat?post=15682"},{"taxonomy":"product_tag","embeddable":true,"href":"https:\/\/oliveoilshop.ee\/lv\/wp-json\/wp\/v2\/product_tag?post=15682"}],"curies":[{"name":"wp","href":"https:\/\/api.w.org\/{rel}","templated":true}]}}