{"id":4400,"date":"2021-10-12T15:51:09","date_gmt":"2021-10-12T15:51:09","guid":{"rendered":"http:\/\/dummy.xtemos.com\/woodmart2\/elementor\/?page_id=4400"},"modified":"2024-02-28T09:20:58","modified_gmt":"2024-02-28T09:20:58","slug":"meist","status":"publish","type":"page","link":"https:\/\/oliveoilshop.ee\/lv\/meist\/","title":{"rendered":"Par mums"},"content":{"rendered":"<div data-elementor-type=\"wp-page\" data-elementor-id=\"4400\" class=\"elementor elementor-4400\">\n\t\t\t\t<div class=\"elementor-element elementor-element-795fedb e-flex e-con-boxed wd-section-disabled e-con e-parent\" data-id=\"795fedb\" data-element_type=\"container\" data-e-type=\"container\">\n\t\t\t\t\t<div class=\"e-con-inner\">\n\t\t<div class=\"elementor-element elementor-element-527d706 e-con-full e-flex wd-section-disabled e-con e-child\" data-id=\"527d706\" data-element_type=\"container\" data-e-type=\"container\">\n\t\t\t\t<div class=\"elementor-element elementor-element-02c8beb elementor-widget elementor-widget-image\" data-id=\"02c8beb\" data-element_type=\"widget\" data-e-type=\"widget\" data-widget_type=\"image.default\">\n\t\t\t\t<div class=\"elementor-widget-container\">\n\t\t\t\t\t\t\t\t\t\t\t\t\t\t\t<img fetchpriority=\"high\" decoding=\"async\" width=\"768\" height=\"576\" src=\"https:\/\/oliveoilshop.ee\/wp-content\/uploads\/2024\/02\/Thassos-1-768x576.jpg\" class=\"attachment-medium_large size-medium_large wp-image-16958\" alt=\"\" srcset=\"https:\/\/oliveoilshop.ee\/wp-content\/uploads\/2024\/02\/Thassos-1-768x576.jpg 768w, https:\/\/oliveoilshop.ee\/wp-content\/uploads\/2024\/02\/Thassos-1-400x300.jpg 400w, https:\/\/oliveoilshop.ee\/wp-content\/uploads\/2024\/02\/Thassos-1-1067x800.jpg 1067w, https:\/\/oliveoilshop.ee\/wp-content\/uploads\/2024\/02\/Thassos-1-1536x1152.jpg 1536w, https:\/\/oliveoilshop.ee\/wp-content\/uploads\/2024\/02\/Thassos-1-2048x1536.jpg 2048w, https:\/\/oliveoilshop.ee\/wp-content\/uploads\/2024\/02\/Thassos-1-16x12.jpg 16w, https:\/\/oliveoilshop.ee\/wp-content\/uploads\/2024\/02\/Thassos-1-700x525.jpg 700w, https:\/\/oliveoilshop.ee\/wp-content\/uploads\/2024\/02\/Thassos-1-150x113.jpg 150w\" sizes=\"(max-width: 768px) 100vw, 768px\" \/>\t\t\t\t\t\t\t\t\t\t\t\t\t\t\t<\/div>\n\t\t\t\t<\/div>\n\t\t\t\t<\/div>\n\t\t<div class=\"elementor-element elementor-element-7b436aa e-con-full e-flex wd-section-disabled e-con e-child\" data-id=\"7b436aa\" data-element_type=\"container\" data-e-type=\"container\">\n\t\t\t\t<div class=\"elementor-element elementor-element-17fa93d elementor-widget elementor-widget-wd_title\" data-id=\"17fa93d\" data-element_type=\"widget\" data-e-type=\"widget\" data-widget_type=\"wd_title.default\">\n\t\t\t\t<div class=\"elementor-widget-container\">\n\t\t\t\t\t\t\t<div class=\"title-wrapper set-mb-s reset-last-child wd-title-color-default wd-title-style-default wd-title-size-default text-left\">\n\n\t\t\t\n\t\t\t<div class=\"liner-continer\">\n\t\t\t\t<h4 class=\"woodmart-title-container title wd-fontsize-l\">M\u016bsu st\u0101sts<\/h4> \n\t\t\t\t\t\t\t<\/div>\n\n\t\t\t\t\t\t\t<div class=\"title-after_title set-cont-mb-s reset-last-child wd-fontsize-xs\">\n\t\t\t\t\t<p>M\u016bsu \u0123imene jau divdesmit gadus \u0113dienu gatavo\u0161an\u0101 izmanto neapstr\u0101d\u0101tu ol\u012bve\u013c\u013cu. M\u0113s s\u0101k\u0101m pirkt ol\u012bve\u013c\u013cas no da\u017e\u0101diem veikalu t\u012bkliem Igaunij\u0101 un Somij\u0101. 2008. gad\u0101 m\u0113s pirmo reizi dev\u0101mies ce\u013cojum\u0101 uz Grie\u0137iju, kur mums bija iesp\u0113ja izm\u0113\u0123in\u0101t augstas kvalit\u0101tes viet\u0113jo neapstr\u0101d\u0101tu augst\u0101k\u0101 labuma ol\u012bve\u013c\u013cu. Nopirk\u0101m ar\u012b kannu, ko pa\u0146emt l\u012bdzi uz m\u0101j\u0101m. At\u0161\u0137ir\u012bba sal\u012bdzin\u0101jum\u0101 ar veikalu t\u012bklos p\u0101rdotaj\u0101m ol\u012bve\u013c\u013c\u0101m bija iev\u0113rojama!<\/p><p>Kop\u0161 t\u0101 laika gandr\u012bz katru gadu esam apmekl\u0113ju\u0161i da\u017e\u0101das Grie\u0137ijas salas, piem\u0113ram, Rodas, Kr\u0113tu, Lefkadu, Korfu un Tasu. No katra ce\u013cojuma m\u0113s esam pa\u0146\u0113mu\u0161i l\u012bdzi ol\u012bve\u013c\u013cu tr\u012bs litru kann\u0101s, kas bija ievietotas m\u016bsu koferos. Tom\u0113r diem\u017e\u0113l daudzums, ko m\u0113s esam atvedu\u0161i, nesedz m\u016bsu ikgad\u0113jo ol\u012bve\u013c\u013cas pat\u0113ri\u0146u, kas ir aptuveni pusotrs litrs m\u0113nes\u012b.\u00a0<\/p><p>M\u016bsu neapstr\u012bdami iecien\u012bt\u0101k\u0101 ir Tasas salas ol\u012bve\u013c\u013ca, kuras gar\u0161a un kr\u0101sa \u013coti at\u0161\u0137iras no citu Grie\u0137ijas salu ol\u012bve\u013c\u013cas gar\u0161as un kr\u0101sas. Tagad m\u0113s v\u0113lamies dot jums iesp\u0113ju nobaud\u012bt \u0161o patiesi gar\u0161\u012bgo un kvalitat\u012bvo e\u013c\u013cu.<\/p>\t\t\t\t<\/div>\n\t\t\t\t\t<\/div>\n\t\t\t\t\t\t<\/div>\n\t\t\t\t<\/div>\n\t\t\t\t<\/div>\n\t\t\t\t\t<\/div>\n\t\t\t\t<\/div>\n\t\t<div class=\"elementor-element elementor-element-c09a361 e-flex e-con-boxed wd-section-disabled e-con e-parent\" data-id=\"c09a361\" data-element_type=\"container\" data-e-type=\"container\">\n\t\t\t\t\t<div class=\"e-con-inner\">\n\t\t<div class=\"elementor-element elementor-element-a323d40 e-con-full e-flex wd-section-disabled e-con e-child\" data-id=\"a323d40\" data-element_type=\"container\" data-e-type=\"container\">\n\t\t\t\t<div class=\"elementor-element elementor-element-4b530b4 elementor-widget elementor-widget-wd_image_or_svg\" data-id=\"4b530b4\" data-element_type=\"widget\" data-e-type=\"widget\" data-widget_type=\"wd_image_or_svg.default\">\n\t\t\t\t<div class=\"elementor-widget-container\">\n\t\t\t\t\t\n\t\t<div class=\"wd-image text-left\">\n\t\t\t\t\t\t\t\t<img decoding=\"async\" width=\"768\" height=\"576\" src=\"https:\/\/oliveoilshop.ee\/wp-content\/uploads\/2024\/02\/Thassos-2-768x576.jpg\" class=\"attachment-medium_large size-medium_large\" alt=\"\" srcset=\"https:\/\/oliveoilshop.ee\/wp-content\/uploads\/2024\/02\/Thassos-2-768x576.jpg 768w, https:\/\/oliveoilshop.ee\/wp-content\/uploads\/2024\/02\/Thassos-2-400x300.jpg 400w, https:\/\/oliveoilshop.ee\/wp-content\/uploads\/2024\/02\/Thassos-2-1067x800.jpg 1067w, https:\/\/oliveoilshop.ee\/wp-content\/uploads\/2024\/02\/Thassos-2-1536x1152.jpg 1536w, https:\/\/oliveoilshop.ee\/wp-content\/uploads\/2024\/02\/Thassos-2-2048x1536.jpg 2048w, https:\/\/oliveoilshop.ee\/wp-content\/uploads\/2024\/02\/Thassos-2-16x12.jpg 16w, https:\/\/oliveoilshop.ee\/wp-content\/uploads\/2024\/02\/Thassos-2-700x525.jpg 700w, https:\/\/oliveoilshop.ee\/wp-content\/uploads\/2024\/02\/Thassos-2-150x113.jpg 150w\" sizes=\"(max-width: 768px) 100vw, 768px\" \/>\t\t\t\t\t<\/div>\n\n\t\t\t\t\t\t<\/div>\n\t\t\t\t<\/div>\n\t\t\t\t<\/div>\n\t\t<div class=\"elementor-element elementor-element-105b3a1 e-con-full e-flex wd-section-disabled e-con e-child\" data-id=\"105b3a1\" data-element_type=\"container\" data-e-type=\"container\">\n\t\t\t\t<div class=\"elementor-element elementor-element-e57324d elementor-widget elementor-widget-wd_title\" data-id=\"e57324d\" data-element_type=\"widget\" data-e-type=\"widget\" data-widget_type=\"wd_title.default\">\n\t\t\t\t<div class=\"elementor-widget-container\">\n\t\t\t\t\t\t\t<div class=\"title-wrapper set-mb-s reset-last-child wd-title-color-default wd-title-style-default wd-title-size-default text-left\">\n\n\t\t\t\n\t\t\t<div class=\"liner-continer\">\n\t\t\t\t<h4 class=\"woodmart-title-container title wd-fontsize-l\"><br \/>\nThassos<\/h4> \n\t\t\t\t\t\t\t<\/div>\n\n\t\t\t\t\t\t\t<div class=\"title-after_title set-cont-mb-s reset-last-child wd-fontsize-xs\">\n\t\t\t\t\t<p>Tassa ir vist\u0101l\u0101k uz zieme\u013ciem eso\u0161\u0101 un viena no za\u013c\u0101kaj\u0101m Grie\u0137ijas sal\u0101m, kas nodro\u0161ina \u013coti labv\u0113l\u012bgu vidi ol\u012bvkoku audz\u0113\u0161anai gan zemajos, gan kalnainajos apvidos.<\/p><p>Ol\u012bvkoki uz Tasasas ir vair\u0101k nek\u0101 700 gadus veci, un Tasasas ol\u012bvkoku \u0161\u0137irni sauc par. <strong>\"Throumba\"<\/strong> vai <strong>\"Thassitiki\"<\/strong>. \u0160\u012bs \u0161\u0137irnes aug\u013ci ir vid\u0113ja lieluma un sver aptuveni 3 gramus. Throumba ol\u012bvas ir paz\u012bstamas k\u0101 delikatese, un t\u0101m ir vieta Vidusj\u016bras virtuv\u0113. Ol\u012bvu \u0161\u0137irnes d\u0113\u013c Thassos neapstr\u0101d\u0101ta augst\u0101k\u0101 labuma ol\u012bve\u013c\u013cai ir zeltaini dzelten\u012bga kr\u0101sa un gar\u0161a, kas \u013coti at\u0161\u0137iras no Kr\u0113tas ol\u012bve\u013c\u013cas.<\/p>\t\t\t\t<\/div>\n\t\t\t\t\t<\/div>\n\t\t\t\t\t\t<\/div>\n\t\t\t\t<\/div>\n\t\t\t\t<div class=\"elementor-element elementor-element-3c19b80 elementor-widget elementor-widget-wd_button\" data-id=\"3c19b80\" data-element_type=\"widget\" data-e-type=\"widget\" data-widget_type=\"wd_button.default\">\n\t\t\t\t<div class=\"elementor-widget-container\">\n\t\t\t\t\t\t\t<div class=\"wd-button-wrapper text-left\" >\n\t\t\t<a class=\"btn btn-style-default btn-style-rectangle btn-size-large btn-color-custom btn-icon-pos-right\"  href=\"https:\/\/oliveoilshop.ee\/lv\/shop\/\">\n\t\t\t\t<span class=\"wd-btn-text\" data-elementor-setting-key=\"text\">\n\t\t\t\t\tDAL\u012aTIES UZ \u0160EIT\t\t\t\t<\/span>\n\n\t\t\t\t\t\t\t<\/a>\n\t\t<\/div>\n\t\t\t\t\t\t<\/div>\n\t\t\t\t<\/div>\n\t\t\t\t<\/div>\n\t\t\t\t\t<\/div>\n\t\t\t\t<\/div>\n\t\t\t\t<\/div>","protected":false},"excerpt":{"rendered":"<p>Meie lugu Meie pere on kasutanud toidu valmistamisel ekstra v\u00e4\u00e4risoliivi\u00f5li\u00a0juba viimased kaksk\u00fcmmend aastat. Alustasime oliivi\u00f5lide ostmist erinevatest poekettidest nii Eestis<\/p>","protected":false},"author":1,"featured_media":0,"parent":0,"menu_order":0,"comment_status":"closed","ping_status":"closed","template":"","meta":{"om_disable_all_campaigns":false,"footnotes":""},"class_list":["post-4400","page","type-page","status-publish","hentry"],"yoast_head":"<!-- This site is optimized with the Yoast SEO plugin v27.4 - https:\/\/yoast.com\/product\/yoast-seo-wordpress\/ -->\n<title>Meist - Olive Oil Shop<\/title>\n<meta name=\"robots\" content=\"index, follow, max-snippet:-1, max-image-preview:large, max-video-preview:-1\" \/>\n<link rel=\"canonical\" href=\"https:\/\/oliveoilshop.ee\/lv\/meist\/\" \/>\n<meta property=\"og:locale\" content=\"lv_LV\" \/>\n<meta property=\"og:type\" content=\"article\" \/>\n<meta property=\"og:title\" content=\"Meist - Olive Oil Shop\" \/>\n<meta property=\"og:description\" content=\"Meie lugu Meie pere on kasutanud toidu valmistamisel ekstra v\u00e4\u00e4risoliivi\u00f5li\u00a0juba viimased kaksk\u00fcmmend aastat. Alustasime oliivi\u00f5lide ostmist erinevatest poekettidest nii Eestis\" \/>\n<meta property=\"og:url\" content=\"https:\/\/oliveoilshop.ee\/lv\/meist\/\" \/>\n<meta property=\"og:site_name\" content=\"Olive Oil Shop\" \/>\n<meta property=\"article:publisher\" content=\"https:\/\/www.facebook.com\/profile.php?id=61556092580476\" \/>\n<meta property=\"article:modified_time\" content=\"2024-02-28T09:20:58+00:00\" \/>\n<meta property=\"og:image\" content=\"https:\/\/oliveoilshop.ee\/wp-content\/uploads\/2024\/02\/Thassos-1-768x576.jpg\" \/>\n<meta name=\"twitter:card\" content=\"summary_large_image\" \/>\n<meta name=\"twitter:label1\" content=\"Est. reading time\" \/>\n\t<meta name=\"twitter:data1\" content=\"1 min\u016bte\" \/>\n<script type=\"application\/ld+json\" class=\"yoast-schema-graph\">{\"@context\":\"https:\\\/\\\/schema.org\",\"@graph\":[{\"@type\":\"WebPage\",\"@id\":\"https:\\\/\\\/oliveoilshop.ee\\\/meist\\\/\",\"url\":\"https:\\\/\\\/oliveoilshop.ee\\\/meist\\\/\",\"name\":\"Meist - Olive Oil Shop\",\"isPartOf\":{\"@id\":\"https:\\\/\\\/oliveoilshop.ee\\\/#website\"},\"primaryImageOfPage\":{\"@id\":\"https:\\\/\\\/oliveoilshop.ee\\\/meist\\\/#primaryimage\"},\"image\":{\"@id\":\"https:\\\/\\\/oliveoilshop.ee\\\/meist\\\/#primaryimage\"},\"thumbnailUrl\":\"https:\\\/\\\/oliveoilshop.ee\\\/wp-content\\\/uploads\\\/2024\\\/02\\\/Thassos-1-768x576.jpg\",\"datePublished\":\"2021-10-12T15:51:09+00:00\",\"dateModified\":\"2024-02-28T09:20:58+00:00\",\"breadcrumb\":{\"@id\":\"https:\\\/\\\/oliveoilshop.ee\\\/meist\\\/#breadcrumb\"},\"inLanguage\":\"lv-LV\",\"potentialAction\":[{\"@type\":\"ReadAction\",\"target\":[\"https:\\\/\\\/oliveoilshop.ee\\\/meist\\\/\"]}]},{\"@type\":\"ImageObject\",\"inLanguage\":\"lv-LV\",\"@id\":\"https:\\\/\\\/oliveoilshop.ee\\\/meist\\\/#primaryimage\",\"url\":\"https:\\\/\\\/oliveoilshop.ee\\\/wp-content\\\/uploads\\\/2024\\\/02\\\/Thassos-1-768x576.jpg\",\"contentUrl\":\"https:\\\/\\\/oliveoilshop.ee\\\/wp-content\\\/uploads\\\/2024\\\/02\\\/Thassos-1-768x576.jpg\"},{\"@type\":\"BreadcrumbList\",\"@id\":\"https:\\\/\\\/oliveoilshop.ee\\\/meist\\\/#breadcrumb\",\"itemListElement\":[{\"@type\":\"ListItem\",\"position\":1,\"name\":\"Home\",\"item\":\"https:\\\/\\\/oliveoilshop.ee\\\/\"},{\"@type\":\"ListItem\",\"position\":2,\"name\":\"Meist\"}]},{\"@type\":\"WebSite\",\"@id\":\"https:\\\/\\\/oliveoilshop.ee\\\/#website\",\"url\":\"https:\\\/\\\/oliveoilshop.ee\\\/\",\"name\":\"Olive Oil Shop\",\"description\":\"V&auml;rske ja kvaliteetne ekstra v&auml;&auml;risoliivi&otilde;li Kreeka v&auml;iketootjatelt\",\"publisher\":{\"@id\":\"https:\\\/\\\/oliveoilshop.ee\\\/#organization\"},\"potentialAction\":[{\"@type\":\"SearchAction\",\"target\":{\"@type\":\"EntryPoint\",\"urlTemplate\":\"https:\\\/\\\/oliveoilshop.ee\\\/?s={search_term_string}\"},\"query-input\":{\"@type\":\"PropertyValueSpecification\",\"valueRequired\":true,\"valueName\":\"search_term_string\"}}],\"inLanguage\":\"lv-LV\"},{\"@type\":\"Organization\",\"@id\":\"https:\\\/\\\/oliveoilshop.ee\\\/#organization\",\"name\":\"Olive Oil Shop\",\"url\":\"https:\\\/\\\/oliveoilshop.ee\\\/\",\"logo\":{\"@type\":\"ImageObject\",\"inLanguage\":\"lv-LV\",\"@id\":\"https:\\\/\\\/oliveoilshop.ee\\\/#\\\/schema\\\/logo\\\/image\\\/\",\"url\":\"https:\\\/\\\/oliveoilshop.ee\\\/wp-content\\\/uploads\\\/2024\\\/02\\\/Sipty-logo-12.png\",\"contentUrl\":\"https:\\\/\\\/oliveoilshop.ee\\\/wp-content\\\/uploads\\\/2024\\\/02\\\/Sipty-logo-12.png\",\"width\":500,\"height\":500,\"caption\":\"Olive Oil Shop\"},\"image\":{\"@id\":\"https:\\\/\\\/oliveoilshop.ee\\\/#\\\/schema\\\/logo\\\/image\\\/\"},\"sameAs\":[\"https:\\\/\\\/www.facebook.com\\\/profile.php?id=61556092580476\",\"https:\\\/\\\/www.instagram.com\\\/oliveoilshop.ee\"]}]}<\/script>\n<!-- \/ Yoast SEO plugin. -->","yoast_head_json":{"title":"Meist - Olive Oil Shop","robots":{"index":"index","follow":"follow","max-snippet":"max-snippet:-1","max-image-preview":"max-image-preview:large","max-video-preview":"max-video-preview:-1"},"canonical":"https:\/\/oliveoilshop.ee\/lv\/meist\/","og_locale":"lv_LV","og_type":"article","og_title":"Meist - Olive Oil Shop","og_description":"Meie lugu Meie pere on kasutanud toidu valmistamisel ekstra v\u00e4\u00e4risoliivi\u00f5li\u00a0juba viimased kaksk\u00fcmmend aastat. Alustasime oliivi\u00f5lide ostmist erinevatest poekettidest nii Eestis","og_url":"https:\/\/oliveoilshop.ee\/lv\/meist\/","og_site_name":"Olive Oil Shop","article_publisher":"https:\/\/www.facebook.com\/profile.php?id=61556092580476","article_modified_time":"2024-02-28T09:20:58+00:00","og_image":[{"url":"https:\/\/oliveoilshop.ee\/wp-content\/uploads\/2024\/02\/Thassos-1-768x576.jpg","type":"","width":"","height":""}],"twitter_card":"summary_large_image","twitter_misc":{"Est. reading time":"1 min\u016bte"},"schema":{"@context":"https:\/\/schema.org","@graph":[{"@type":"WebPage","@id":"https:\/\/oliveoilshop.ee\/meist\/","url":"https:\/\/oliveoilshop.ee\/meist\/","name":"Meist - Olive Oil Shop","isPartOf":{"@id":"https:\/\/oliveoilshop.ee\/#website"},"primaryImageOfPage":{"@id":"https:\/\/oliveoilshop.ee\/meist\/#primaryimage"},"image":{"@id":"https:\/\/oliveoilshop.ee\/meist\/#primaryimage"},"thumbnailUrl":"https:\/\/oliveoilshop.ee\/wp-content\/uploads\/2024\/02\/Thassos-1-768x576.jpg","datePublished":"2021-10-12T15:51:09+00:00","dateModified":"2024-02-28T09:20:58+00:00","breadcrumb":{"@id":"https:\/\/oliveoilshop.ee\/meist\/#breadcrumb"},"inLanguage":"lv-LV","potentialAction":[{"@type":"ReadAction","target":["https:\/\/oliveoilshop.ee\/meist\/"]}]},{"@type":"ImageObject","inLanguage":"lv-LV","@id":"https:\/\/oliveoilshop.ee\/meist\/#primaryimage","url":"https:\/\/oliveoilshop.ee\/wp-content\/uploads\/2024\/02\/Thassos-1-768x576.jpg","contentUrl":"https:\/\/oliveoilshop.ee\/wp-content\/uploads\/2024\/02\/Thassos-1-768x576.jpg"},{"@type":"BreadcrumbList","@id":"https:\/\/oliveoilshop.ee\/meist\/#breadcrumb","itemListElement":[{"@type":"ListItem","position":1,"name":"Home","item":"https:\/\/oliveoilshop.ee\/"},{"@type":"ListItem","position":2,"name":"Meist"}]},{"@type":"WebSite","@id":"https:\/\/oliveoilshop.ee\/#website","url":"https:\/\/oliveoilshop.ee\/","name":"Olive Oil Shop","description":"V&auml;rske ja kvaliteetne ekstra v&auml;&auml;risoliivi&otilde;li Kreeka v&auml;iketootjatelt","publisher":{"@id":"https:\/\/oliveoilshop.ee\/#organization"},"potentialAction":[{"@type":"SearchAction","target":{"@type":"EntryPoint","urlTemplate":"https:\/\/oliveoilshop.ee\/?s={search_term_string}"},"query-input":{"@type":"PropertyValueSpecification","valueRequired":true,"valueName":"search_term_string"}}],"inLanguage":"lv-LV"},{"@type":"Organization","@id":"https:\/\/oliveoilshop.ee\/#organization","name":"Olive Oil Shop","url":"https:\/\/oliveoilshop.ee\/","logo":{"@type":"ImageObject","inLanguage":"lv-LV","@id":"https:\/\/oliveoilshop.ee\/#\/schema\/logo\/image\/","url":"https:\/\/oliveoilshop.ee\/wp-content\/uploads\/2024\/02\/Sipty-logo-12.png","contentUrl":"https:\/\/oliveoilshop.ee\/wp-content\/uploads\/2024\/02\/Sipty-logo-12.png","width":500,"height":500,"caption":"Olive Oil Shop"},"image":{"@id":"https:\/\/oliveoilshop.ee\/#\/schema\/logo\/image\/"},"sameAs":["https:\/\/www.facebook.com\/profile.php?id=61556092580476","https:\/\/www.instagram.com\/oliveoilshop.ee"]}]}},"_links":{"self":[{"href":"https:\/\/oliveoilshop.ee\/lv\/wp-json\/wp\/v2\/pages\/4400","targetHints":{"allow":["GET"]}}],"collection":[{"href":"https:\/\/oliveoilshop.ee\/lv\/wp-json\/wp\/v2\/pages"}],"about":[{"href":"https:\/\/oliveoilshop.ee\/lv\/wp-json\/wp\/v2\/types\/page"}],"author":[{"embeddable":true,"href":"https:\/\/oliveoilshop.ee\/lv\/wp-json\/wp\/v2\/users\/1"}],"replies":[{"embeddable":true,"href":"https:\/\/oliveoilshop.ee\/lv\/wp-json\/wp\/v2\/comments?post=4400"}],"version-history":[{"count":74,"href":"https:\/\/oliveoilshop.ee\/lv\/wp-json\/wp\/v2\/pages\/4400\/revisions"}],"predecessor-version":[{"id":17124,"href":"https:\/\/oliveoilshop.ee\/lv\/wp-json\/wp\/v2\/pages\/4400\/revisions\/17124"}],"wp:attachment":[{"href":"https:\/\/oliveoilshop.ee\/lv\/wp-json\/wp\/v2\/media?parent=4400"}],"curies":[{"name":"wp","href":"https:\/\/api.w.org\/{rel}","templated":true}]}}