{"id":16170,"date":"2024-01-14T10:33:15","date_gmt":"2024-01-14T10:33:15","guid":{"rendered":"https:\/\/oliveoilshop.ee\/?page_id=16170"},"modified":"2024-01-14T11:08:33","modified_gmt":"2024-01-14T11:08:33","slug":"privaatsuspoliitika","status":"publish","type":"page","link":"https:\/\/oliveoilshop.ee\/lv\/privaatsuspoliitika\/","title":{"rendered":"Konfidencialit\u0101tes politika"},"content":{"rendered":"<div data-elementor-type=\"wp-page\" data-elementor-id=\"16170\" class=\"elementor elementor-16170\">\n\t\t\t\t<div class=\"elementor-element elementor-element-11460d94 e-flex e-con-boxed wd-section-disabled e-con e-parent\" data-id=\"11460d94\" data-element_type=\"container\" data-e-type=\"container\">\n\t\t\t\t\t<div class=\"e-con-inner\">\n\t\t\t\t<div class=\"elementor-element elementor-element-e7182a9 elementor-widget elementor-widget-wd_title\" data-id=\"e7182a9\" data-element_type=\"widget\" data-e-type=\"widget\" data-widget_type=\"wd_title.default\">\n\t\t\t\t<div class=\"elementor-widget-container\">\n\t\t\t\t\t\t\t<div class=\"title-wrapper set-mb-s reset-last-child wd-title-color-default wd-title-style-default wd-title-size-default text-left\">\n\n\t\t\t\n\t\t\t<div class=\"liner-continer\">\n\t\t\t\t<h4 class=\"woodmart-title-container title wd-fontsize-l\">Konfidencialit\u0101tes politika<\/h4> \n\t\t\t\t\t\t\t<\/div>\n\n\t\t\t\t\t<\/div>\n\t\t\t\t\t\t<\/div>\n\t\t\t\t<\/div>\n\t\t\t\t<div class=\"elementor-element elementor-element-14343461 color-scheme-inherit text-left elementor-widget elementor-widget-text-editor\" data-id=\"14343461\" data-element_type=\"widget\" data-e-type=\"widget\" data-widget_type=\"text-editor.default\">\n\t\t\t\t<div class=\"elementor-widget-container\">\n\t\t\t\t\t\t\t\t\t\n<p style=\"text-align: left;\"><strong>1. Visp\u0101r\u012bgi noteikumi<\/strong><\/p>\n\n<p>1.1 \u0160aj\u0101 konfidencialit\u0101tes politik\u0101 ir izkl\u0101st\u012bti principi, kas reglament\u0113 personas datu v\u0101k\u0161anu, apstr\u0101di un uzglab\u0101\u0161anu. Personas datus v\u0101c, apstr\u0101d\u0101 un uzglab\u0101 p\u0101rzinis (Oliveoilshop O\u00dc) (turpm\u0101k tekst\u0101 - datu p\u0101rzinis).<\/p>\n\n<p>1.2. \u0160aj\u0101 konfidencialit\u0101tes politik\u0101 datu subjekts ir klients vai cita fiziska persona, kuras personas datus apstr\u0101d\u0101 datu apstr\u0101d\u0101t\u0101js.<\/p>\n\n<p>1.3. \u0160aj\u0101 priv\u0101tuma politik\u0101 klients ir ikviens, kas ieg\u0101d\u0101jas preces vai pakalpojumus datu apstr\u0101d\u0101t\u0101ja t\u012bmek\u013ca vietn\u0113.<\/p>\n\n<p>1.4. Datu apstr\u0101d\u0101t\u0101js iev\u0113ro ties\u012bbu aktos noteiktos datu apstr\u0101des principus, tostarp personas datus apstr\u0101d\u0101 likum\u012bgi, godpr\u0101t\u012bgi un dro\u0161i. 1.5. Datu apstr\u0101d\u0101t\u0101js var apliecin\u0101t, ka personas dati ir apstr\u0101d\u0101ti saska\u0146\u0101 ar ties\u012bbu aktiem.<\/p>\n\n<p><strong>2. Personas datu v\u0101k\u0161ana, apstr\u0101de un uzglab\u0101\u0161ana<\/strong><\/p>\n\n<p>2.1. Personas dati, kurus v\u0101c, apstr\u0101d\u0101 un glab\u0101 datu p\u0101rzinis, tiek v\u0101kti elektroniski, galvenok\u0101rt izmantojot t\u012bmek\u013ca vietni un e-pastu.<\/p>\n\n<p>2.2. Kop\u012bgojot savus personas datus, j\u016bs datu apstr\u0101d\u0101t\u0101jam pie\u0161\u0137irat ties\u012bbas v\u0101kt, organiz\u0113t, izmantot un p\u0101rvald\u012bt personas datus, kurus j\u016bs tie\u0161i vai netie\u0161i kop\u012bgojat ar datu apstr\u0101d\u0101t\u0101ju, ieg\u0101d\u0101joties preces vai pakalpojumus t\u012bmek\u013ca vietn\u0113, priv\u0101tuma politik\u0101 noteiktajiem m\u0113r\u0137iem.<\/p>\n\n<p>2.3 Datu subjekts ir atbild\u012bgs par savu sniegto datu precizit\u0101ti, pareiz\u012bbu un piln\u012bgumu. Apzin\u0101ti nepatiesas inform\u0101cijas snieg\u0161ana tiks uzskat\u012bta par priv\u0101tuma politikas p\u0101rk\u0101pumu. Datu subjekta pien\u0101kums ir nekav\u0113joties inform\u0113t datu apstr\u0101d\u0101t\u0101ju par jebk\u0101d\u0101m izmai\u0146\u0101m sniegtajos datos.<\/p>\n\n<p>2.4. Datu apstr\u0101d\u0101t\u0101js nav atbild\u012bgs par kait\u0113jumu, kas datu subjektam vai tre\u0161aj\u0101m person\u0101m radies, datu subjektam iesniedzot nepatiesus datus.<\/p>\n\n<p><strong>3. Klientu personas datu apstr\u0101de<\/strong><\/p>\n\n<p>3.1.1 Datu apstr\u0101d\u0101t\u0101js var apstr\u0101d\u0101t \u0161\u0101dus datu subjekta personas datus;<br \/>3.1.2. Dzim\u0161anas datums;<br \/>3.1.3. T\u0101lru\u0146a numurs;<\/p>\n\n<p>3.1.4. E-pasta adrese;<br \/>3.1.5. Pieg\u0101des adrese; 3.1.6. Nor\u0113\u0137inu konta numurs;<\/p>\n\n<p>3.1.7. Maks\u0101jumu kartes dati;<br \/>3.2. Papildus iepriek\u0161 min\u0113tajam datu p\u0101rzinis ir ties\u012bgs v\u0101kt datus par klientu, kas ir pieejami publiskos re\u0123istros.<\/p>\n\n<p>3.3 Personas datu apstr\u0101des juridiskais pamats ir VDAR 6. panta 1. punkta a), b), c) un f) apak\u0161punkts: a) datu subjekts ir devis piekri\u0161anu savu personas datu apstr\u0101dei vien\u0101 vai vair\u0101kos konkr\u0113tos nol\u016bkos;<\/p>\n\n<p>(b) personas datu apstr\u0101de ir nepiecie\u0161ama, lai izpild\u012btu l\u012bgumu, kas nosl\u0113gts ar datu subjekta l\u012bdzdal\u012bbu, vai lai p\u0113c datu subjekta piepras\u012bjuma veiktu pas\u0101kumus pirms l\u012bguma nosl\u0113g\u0161anas;<\/p>\n\n<p>(c) apstr\u0101de ir nepiecie\u0161ama, lai izpild\u012btu juridisku pien\u0101kumu, kas attiecas uz p\u0101rzini;<br \/>(f) apstr\u0101de ir nepiecie\u0161ama p\u0101rzi\u0146a vai tre\u0161\u0101s personas le\u0123it\u012bmo intere\u0161u nodro\u0161in\u0101\u0161anai, iz\u0146emot.<\/p>\n\n<p>ja \u0161\u0101das intereses ir svar\u012bg\u0101kas par datu subjekta interes\u0113m vai pamatties\u012bb\u0101m un pamatbr\u012bv\u012bb\u0101m, kuru d\u0113\u013c personas dati ir j\u0101aizsarg\u0101, jo \u012bpa\u0161i, ja datu subjekts ir b\u0113rns.<\/p>\n\n<p>3.4. Personas datu apstr\u0101de saska\u0146\u0101 ar apstr\u0101des nol\u016bku:<br \/>3.4.1. Apstr\u0101des m\u0113r\u0137is - dro\u0161\u012bba un dro\u0161ums<br \/>Maksim\u0101lais glab\u0101\u0161anas periods - saska\u0146\u0101 ar ties\u012bbu aktos noteiktajiem termi\u0146iem.<\/p>\n\n<p>3.4.2. Apstr\u0101des m\u0113r\u0137is - pas\u016bt\u012bjumu apstr\u0101de Maksim\u0101lais personas datu glab\u0101\u0161anas termi\u0146\u0161 - 5 gadi.<\/p>\n\n<p>3.4.3. Apstr\u0101des m\u0113r\u0137is - nodro\u0161in\u0101t e-veikala pakalpojumu darb\u012bbu Personas datu maksim\u0101lais glab\u0101\u0161anas termi\u0146\u0161 - 5 gadi.<\/p>\n\n<p>3.4.4. Apstr\u0101des m\u0113r\u0137is - klientu vad\u012bba Maksim\u0101lais personas datu glab\u0101\u0161anas periods - 5 gadi.<\/p>\n\n<p>3.4.5. Apstr\u0101des m\u0113r\u0137is - finan\u0161u darb\u012bbas, gr\u0101matved\u012bba.<br \/>Maksim\u0101lais glab\u0101\u0161anas periods - saska\u0146\u0101 ar ties\u012bbu aktos noteiktajiem termi\u0146iem.<\/p>\n\n<p>3.4.6. Apstr\u0101des m\u0113r\u0137is - tirgved\u012bba.<br \/>Maksim\u0101lais personas datu glab\u0101\u0161anas periods - 5 gadi<\/p>\n\n<p>3.5. Datu apstr\u0101d\u0101t\u0101jam ir ties\u012bbas dal\u012bties ar Klienta personas datiem ar tre\u0161aj\u0101m person\u0101m, piem\u0113ram, pilnvarotiem datu apstr\u0101d\u0101t\u0101jiem, gr\u0101matve\u017eiem, transporta un kurjeru uz\u0146\u0113mumiem, uz\u0146\u0113mumiem, kas sniedz p\u0101rs\u016bt\u012b\u0161anas pakalpojumus, u.c. Datu apstr\u0101d\u0101t\u0101js ir personas datu p\u0101rzinis. Datu apstr\u0101d\u0101t\u0101js nodod maks\u0101jumu veik\u0161anai nepiecie\u0161amos personas datus apstr\u0101d\u0101t\u0101jam Montonio Finance O\u00dc.<\/p>\n\n<p>3.6. Apstr\u0101d\u0101jot un uzglab\u0101jot datu subjekta personas datus, datu apstr\u0101d\u0101t\u0101js \u012bsteno organizatoriskus un tehniskus pas\u0101kumus, lai nodro\u0161in\u0101tu personas datu aizsardz\u012bbu pret nejau\u0161u vai nelikum\u012bgu izn\u012bcin\u0101\u0161anu, groz\u012b\u0161anu, izpau\u0161anu un jebk\u0101du citu nelikum\u012bgu apstr\u0101di.<\/p>\n\n<p>3.7. Datu apstr\u0101d\u0101t\u0101js glab\u0101 datu subjektu datus atkar\u012bb\u0101 no apstr\u0101des m\u0113r\u0137a, bet ne ilg\u0101k k\u0101 5 gadus.<\/p>\n\n<p><strong>4. Datu subjekta ties\u012bbas<\/strong><\/p>\n\n<p>4.1 Datu subjektam ir ties\u012bbas piek\u013c\u016bt saviem personas datiem un iepaz\u012bties ar tiem.<br \/>4.2 Datu subjektam ir ties\u012bbas sa\u0146emt inform\u0101ciju par savu personas datu apstr\u0101di.<br \/>4.3 Datu subjektam ir ties\u012bbas papildin\u0101t vai labot neprec\u012bzus datus.<br \/>4.4 Ja datu apstr\u0101d\u0101t\u0101js apstr\u0101d\u0101 datu subjekta personas datus, pamatojoties uz datu subjekta piekri\u0161anu, datu subjektam ir ties\u012bbas jebkur\u0101 laik\u0101 atsaukt savu piekri\u0161anu.<\/p>\n\n<p>4.5. Datu subjekts var izmantot savas ties\u012bbas, sazinoties ar e-veikala klientu apkalpo\u0161anas dienestu pa e-pastu info@oliveoilshop.ee.<\/p>\n\n<p><strong>5. Nobeiguma noteikumi<\/strong><\/p>\n\n<p>5.1. \u0160ie datu aizsardz\u012bbas noteikumi un nosac\u012bjumi ir izstr\u0101d\u0101ti saska\u0146\u0101 ar Eiropas Parlamenta un Padomes Regulu (ES) Nr. 2016\/679 par fizisku personu aizsardz\u012bbu attiec\u012bb\u0101 uz personas datu apstr\u0101di un \u0161\u0101du datu br\u012bvu apriti un ar ko atce\u013c Direkt\u012bvu 95\/46\/EK (Visp\u0101r\u012bg\u0101 datu aizsardz\u012bbas regula), Igaunijas Republikas Personas datu aizsardz\u012bbas likumu un Igaunijas Republikas un Eiropas Savien\u012bbas ties\u012bbu aktiem.<\/p>\n\n<p>5.2. Datu p\u0101rzinim ir ties\u012bbas piln\u012bb\u0101 vai da\u013c\u0113ji groz\u012bt Datu aizsardz\u012bbas noteikumus, inform\u0113jot datu subjektus par groz\u012bjumiem t\u012bmek\u013ca vietn\u0113 www.oliveoilshop.ee.<\/p>\n\t\t\t\t\t\t\t\t<\/div>\n\t\t\t\t<\/div>\n\t\t\t\t\t<\/div>\n\t\t\t\t<\/div>\n\t\t\t\t<\/div>","protected":false},"excerpt":{"rendered":"<p>Privaatsuspoliitika 1. \u00dclds\u00e4tted 1.1. K\u00e4esolev privaatsuspoliitika reguleerib isikuandmete kogumist, t\u00f6\u00f6tlemist ja s\u00e4ilitamist k\u00e4sitlevaid p\u00f5him\u00f5tteid. Isikuandmeid kogub t\u00f6\u00f6tleb ja s\u00e4ilitab isikuandmete<\/p>","protected":false},"author":1,"featured_media":0,"parent":0,"menu_order":0,"comment_status":"closed","ping_status":"closed","template":"","meta":{"om_disable_all_campaigns":false,"footnotes":""},"class_list":["post-16170","page","type-page","status-publish","hentry"],"yoast_head":"<!-- This site is optimized with the Yoast SEO plugin v27.4 - https:\/\/yoast.com\/product\/yoast-seo-wordpress\/ -->\n<title>Privaatsuspoliitika - Olive Oil Shop<\/title>\n<meta name=\"robots\" content=\"index, follow, max-snippet:-1, max-image-preview:large, max-video-preview:-1\" \/>\n<link rel=\"canonical\" href=\"https:\/\/oliveoilshop.ee\/lv\/privaatsuspoliitika\/\" \/>\n<meta property=\"og:locale\" content=\"lv_LV\" \/>\n<meta property=\"og:type\" content=\"article\" \/>\n<meta property=\"og:title\" content=\"Privaatsuspoliitika - Olive Oil Shop\" \/>\n<meta property=\"og:description\" content=\"Privaatsuspoliitika 1. \u00dclds\u00e4tted 1.1. K\u00e4esolev privaatsuspoliitika reguleerib isikuandmete kogumist, t\u00f6\u00f6tlemist ja s\u00e4ilitamist k\u00e4sitlevaid p\u00f5him\u00f5tteid. Isikuandmeid kogub t\u00f6\u00f6tleb ja s\u00e4ilitab isikuandmete\" \/>\n<meta property=\"og:url\" content=\"https:\/\/oliveoilshop.ee\/lv\/privaatsuspoliitika\/\" \/>\n<meta property=\"og:site_name\" content=\"Olive Oil Shop\" \/>\n<meta property=\"article:publisher\" content=\"https:\/\/www.facebook.com\/profile.php?id=61556092580476\" \/>\n<meta property=\"article:modified_time\" content=\"2024-01-14T11:08:33+00:00\" \/>\n<meta name=\"twitter:card\" content=\"summary_large_image\" \/>\n<meta name=\"twitter:label1\" content=\"Est. reading time\" \/>\n\t<meta name=\"twitter:data1\" content=\"4 min\u016btes\" \/>\n<script type=\"application\/ld+json\" class=\"yoast-schema-graph\">{\"@context\":\"https:\\\/\\\/schema.org\",\"@graph\":[{\"@type\":\"WebPage\",\"@id\":\"https:\\\/\\\/oliveoilshop.ee\\\/privaatsuspoliitika\\\/\",\"url\":\"https:\\\/\\\/oliveoilshop.ee\\\/privaatsuspoliitika\\\/\",\"name\":\"Privaatsuspoliitika - Olive Oil Shop\",\"isPartOf\":{\"@id\":\"https:\\\/\\\/oliveoilshop.ee\\\/#website\"},\"datePublished\":\"2024-01-14T10:33:15+00:00\",\"dateModified\":\"2024-01-14T11:08:33+00:00\",\"breadcrumb\":{\"@id\":\"https:\\\/\\\/oliveoilshop.ee\\\/privaatsuspoliitika\\\/#breadcrumb\"},\"inLanguage\":\"lv-LV\",\"potentialAction\":[{\"@type\":\"ReadAction\",\"target\":[\"https:\\\/\\\/oliveoilshop.ee\\\/privaatsuspoliitika\\\/\"]}]},{\"@type\":\"BreadcrumbList\",\"@id\":\"https:\\\/\\\/oliveoilshop.ee\\\/privaatsuspoliitika\\\/#breadcrumb\",\"itemListElement\":[{\"@type\":\"ListItem\",\"position\":1,\"name\":\"Home\",\"item\":\"https:\\\/\\\/oliveoilshop.ee\\\/\"},{\"@type\":\"ListItem\",\"position\":2,\"name\":\"Privaatsuspoliitika\"}]},{\"@type\":\"WebSite\",\"@id\":\"https:\\\/\\\/oliveoilshop.ee\\\/#website\",\"url\":\"https:\\\/\\\/oliveoilshop.ee\\\/\",\"name\":\"Olive Oil Shop\",\"description\":\"V&auml;rske ja kvaliteetne ekstra v&auml;&auml;risoliivi&otilde;li Kreeka v&auml;iketootjatelt\",\"publisher\":{\"@id\":\"https:\\\/\\\/oliveoilshop.ee\\\/#organization\"},\"potentialAction\":[{\"@type\":\"SearchAction\",\"target\":{\"@type\":\"EntryPoint\",\"urlTemplate\":\"https:\\\/\\\/oliveoilshop.ee\\\/?s={search_term_string}\"},\"query-input\":{\"@type\":\"PropertyValueSpecification\",\"valueRequired\":true,\"valueName\":\"search_term_string\"}}],\"inLanguage\":\"lv-LV\"},{\"@type\":\"Organization\",\"@id\":\"https:\\\/\\\/oliveoilshop.ee\\\/#organization\",\"name\":\"Olive Oil Shop\",\"url\":\"https:\\\/\\\/oliveoilshop.ee\\\/\",\"logo\":{\"@type\":\"ImageObject\",\"inLanguage\":\"lv-LV\",\"@id\":\"https:\\\/\\\/oliveoilshop.ee\\\/#\\\/schema\\\/logo\\\/image\\\/\",\"url\":\"https:\\\/\\\/oliveoilshop.ee\\\/wp-content\\\/uploads\\\/2024\\\/02\\\/Sipty-logo-12.png\",\"contentUrl\":\"https:\\\/\\\/oliveoilshop.ee\\\/wp-content\\\/uploads\\\/2024\\\/02\\\/Sipty-logo-12.png\",\"width\":500,\"height\":500,\"caption\":\"Olive Oil Shop\"},\"image\":{\"@id\":\"https:\\\/\\\/oliveoilshop.ee\\\/#\\\/schema\\\/logo\\\/image\\\/\"},\"sameAs\":[\"https:\\\/\\\/www.facebook.com\\\/profile.php?id=61556092580476\",\"https:\\\/\\\/www.instagram.com\\\/oliveoilshop.ee\"]}]}<\/script>\n<!-- \/ Yoast SEO plugin. -->","yoast_head_json":{"title":"Privaatsuspoliitika - Olive Oil Shop","robots":{"index":"index","follow":"follow","max-snippet":"max-snippet:-1","max-image-preview":"max-image-preview:large","max-video-preview":"max-video-preview:-1"},"canonical":"https:\/\/oliveoilshop.ee\/lv\/privaatsuspoliitika\/","og_locale":"lv_LV","og_type":"article","og_title":"Privaatsuspoliitika - Olive Oil Shop","og_description":"Privaatsuspoliitika 1. \u00dclds\u00e4tted 1.1. K\u00e4esolev privaatsuspoliitika reguleerib isikuandmete kogumist, t\u00f6\u00f6tlemist ja s\u00e4ilitamist k\u00e4sitlevaid p\u00f5him\u00f5tteid. Isikuandmeid kogub t\u00f6\u00f6tleb ja s\u00e4ilitab isikuandmete","og_url":"https:\/\/oliveoilshop.ee\/lv\/privaatsuspoliitika\/","og_site_name":"Olive Oil Shop","article_publisher":"https:\/\/www.facebook.com\/profile.php?id=61556092580476","article_modified_time":"2024-01-14T11:08:33+00:00","twitter_card":"summary_large_image","twitter_misc":{"Est. reading time":"4 min\u016btes"},"schema":{"@context":"https:\/\/schema.org","@graph":[{"@type":"WebPage","@id":"https:\/\/oliveoilshop.ee\/privaatsuspoliitika\/","url":"https:\/\/oliveoilshop.ee\/privaatsuspoliitika\/","name":"Privaatsuspoliitika - Olive Oil Shop","isPartOf":{"@id":"https:\/\/oliveoilshop.ee\/#website"},"datePublished":"2024-01-14T10:33:15+00:00","dateModified":"2024-01-14T11:08:33+00:00","breadcrumb":{"@id":"https:\/\/oliveoilshop.ee\/privaatsuspoliitika\/#breadcrumb"},"inLanguage":"lv-LV","potentialAction":[{"@type":"ReadAction","target":["https:\/\/oliveoilshop.ee\/privaatsuspoliitika\/"]}]},{"@type":"BreadcrumbList","@id":"https:\/\/oliveoilshop.ee\/privaatsuspoliitika\/#breadcrumb","itemListElement":[{"@type":"ListItem","position":1,"name":"Home","item":"https:\/\/oliveoilshop.ee\/"},{"@type":"ListItem","position":2,"name":"Privaatsuspoliitika"}]},{"@type":"WebSite","@id":"https:\/\/oliveoilshop.ee\/#website","url":"https:\/\/oliveoilshop.ee\/","name":"Olive Oil Shop","description":"V&auml;rske ja kvaliteetne ekstra v&auml;&auml;risoliivi&otilde;li Kreeka v&auml;iketootjatelt","publisher":{"@id":"https:\/\/oliveoilshop.ee\/#organization"},"potentialAction":[{"@type":"SearchAction","target":{"@type":"EntryPoint","urlTemplate":"https:\/\/oliveoilshop.ee\/?s={search_term_string}"},"query-input":{"@type":"PropertyValueSpecification","valueRequired":true,"valueName":"search_term_string"}}],"inLanguage":"lv-LV"},{"@type":"Organization","@id":"https:\/\/oliveoilshop.ee\/#organization","name":"Olive Oil Shop","url":"https:\/\/oliveoilshop.ee\/","logo":{"@type":"ImageObject","inLanguage":"lv-LV","@id":"https:\/\/oliveoilshop.ee\/#\/schema\/logo\/image\/","url":"https:\/\/oliveoilshop.ee\/wp-content\/uploads\/2024\/02\/Sipty-logo-12.png","contentUrl":"https:\/\/oliveoilshop.ee\/wp-content\/uploads\/2024\/02\/Sipty-logo-12.png","width":500,"height":500,"caption":"Olive Oil Shop"},"image":{"@id":"https:\/\/oliveoilshop.ee\/#\/schema\/logo\/image\/"},"sameAs":["https:\/\/www.facebook.com\/profile.php?id=61556092580476","https:\/\/www.instagram.com\/oliveoilshop.ee"]}]}},"_links":{"self":[{"href":"https:\/\/oliveoilshop.ee\/lv\/wp-json\/wp\/v2\/pages\/16170","targetHints":{"allow":["GET"]}}],"collection":[{"href":"https:\/\/oliveoilshop.ee\/lv\/wp-json\/wp\/v2\/pages"}],"about":[{"href":"https:\/\/oliveoilshop.ee\/lv\/wp-json\/wp\/v2\/types\/page"}],"author":[{"embeddable":true,"href":"https:\/\/oliveoilshop.ee\/lv\/wp-json\/wp\/v2\/users\/1"}],"replies":[{"embeddable":true,"href":"https:\/\/oliveoilshop.ee\/lv\/wp-json\/wp\/v2\/comments?post=16170"}],"version-history":[{"count":11,"href":"https:\/\/oliveoilshop.ee\/lv\/wp-json\/wp\/v2\/pages\/16170\/revisions"}],"predecessor-version":[{"id":16182,"href":"https:\/\/oliveoilshop.ee\/lv\/wp-json\/wp\/v2\/pages\/16170\/revisions\/16182"}],"wp:attachment":[{"href":"https:\/\/oliveoilshop.ee\/lv\/wp-json\/wp\/v2\/media?parent=16170"}],"curies":[{"name":"wp","href":"https:\/\/api.w.org\/{rel}","templated":true}]}}