{"id":15949,"date":"2024-01-12T10:54:46","date_gmt":"2024-01-12T10:54:46","guid":{"rendered":"https:\/\/oliveoilshop.ee\/?page_id=15949"},"modified":"2024-01-14T11:15:38","modified_gmt":"2024-01-14T11:15:38","slug":"muugitingimused","status":"publish","type":"page","link":"https:\/\/oliveoilshop.ee\/lv\/muugitingimused\/","title":{"rendered":"P\u0101rdo\u0161anas nosac\u012bjumi"},"content":{"rendered":"<div data-elementor-type=\"wp-page\" data-elementor-id=\"15949\" class=\"elementor elementor-15949\">\n\t\t\t\t<div class=\"elementor-element elementor-element-19125755 e-flex e-con-boxed wd-section-disabled e-con e-parent\" data-id=\"19125755\" data-element_type=\"container\" data-e-type=\"container\">\n\t\t\t\t\t<div class=\"e-con-inner\">\n\t\t\t\t<div class=\"elementor-element elementor-element-97f2c31 elementor-widget elementor-widget-wd_title\" data-id=\"97f2c31\" data-element_type=\"widget\" data-e-type=\"widget\" data-widget_type=\"wd_title.default\">\n\t\t\t\t<div class=\"elementor-widget-container\">\n\t\t\t\t\t\t\t<div class=\"title-wrapper set-mb-s reset-last-child wd-title-color-default wd-title-style-default wd-title-size-default text-left\">\n\n\t\t\t\n\t\t\t<div class=\"liner-continer\">\n\t\t\t\t<h4 class=\"woodmart-title-container title wd-fontsize-l\">P\u0100RDO\u0160ANAS NOTEIKUMI UN NOSAC\u012aJUMI<\/h4> \n\t\t\t\t\t\t\t<\/div>\n\n\t\t\t\t\t<\/div>\n\t\t\t\t\t\t<\/div>\n\t\t\t\t<\/div>\n\t\t\t\t<div class=\"elementor-element elementor-element-6ae5201b color-scheme-inherit text-left elementor-widget elementor-widget-text-editor\" data-id=\"6ae5201b\" data-element_type=\"widget\" data-e-type=\"widget\" data-widget_type=\"text-editor.default\">\n\t\t\t\t<div class=\"elementor-widget-container\">\n\t\t\t\t\t\t\t\t\t\n<p>Interneta veikala oliveoilshop.ee (turpm\u0101k tekst\u0101 - interneta veikals) \u012bpa\u0161nieks ir O\u00dc Oliveoilshop (re\u0123istr\u0101cijas kods 16850930). Atra\u0161an\u0101s vieta: Suurekivi P\u00f5ik 25 A, Peetri 75312 Rae vald, Harjumaa.<\/p>\n\n\n\n<p><strong>Pirkuma l\u012bguma sp\u0113k\u0101 esam\u012bba, preces<\/strong><strong>\u2013\u00a0<\/strong><strong>un cenu inform\u0101cija<\/strong><\/p>\n\n\n\n<p>Pre\u010du ieg\u0101dei Interneta veikal\u0101 piem\u0113ro noteikumus un nosac\u012bjumus.<\/p>\n\n\n\n<p>Interneta veikal\u0101 p\u0101rdoto produktu cenas ir nor\u0101d\u012btas pie produktiem. Uz cenu attiecas pieg\u0101des maksa.<\/p>\n\n\n\n<p>Pieg\u0101des maksa ir atkar\u012bga no pirc\u0113ja atra\u0161an\u0101s vietas un pieg\u0101des veida. Pieg\u0101des maksa tiek nor\u0101d\u012bta pirc\u0113jam, veicot pas\u016bt\u012bjumu.<\/p>\n\n\n\n<p>Inform\u0101cija par prec\u0113m ir sniegta tie\u0161saistes veikal\u0101 tie\u0161i pie prec\u0113m.<\/p>\n\n\n\n<p><strong>Pas\u016bt\u012bjuma iesnieg\u0161ana<\/strong><\/p>\n\n\n\n<p>Lai veiktu pas\u016bt\u012bjumu, jums ir j\u0101pievieno v\u0113lamie produkti iepirkumu groz\u0101. Lai veiktu pas\u016bt\u012bjumu, ir j\u0101aizpilda nepiecie\u0161amie lauki un j\u0101izv\u0113las atbilsto\u0161ais pieg\u0101des veids. P\u0113c tam ekr\u0101n\u0101 tiek par\u0101d\u012bta maksas summa, kuru var samaks\u0101t ar bankas p\u0101rskait\u012bjumu vai citu maks\u0101juma veidu.<\/p>\n\n\n\n<p>L\u012bgums st\u0101jas sp\u0113k\u0101 no dienas, kad internetveikala nor\u0113\u0137inu kont\u0101 ir sa\u0146emta pien\u0101ko\u0161\u0101 summa.<\/p>\n\n\n\n<p>Ja pas\u016bt\u012bt\u0101s preces nav iesp\u0113jams pieg\u0101d\u0101t, jo beidzies to der\u012bguma termi\u0146\u0161 vai k\u0101da cita iemesla d\u0113\u013c, pirc\u0113js tiks inform\u0113ts p\u0113c iesp\u0113jas \u0101tr\u0101k, un samaks\u0101t\u0101 nauda (ieskaitot pieg\u0101des izmaksas) tiks atmaks\u0101ta, parasti 1-2 darba dienu laik\u0101. Atkar\u012bb\u0101 no maks\u0101\u0161anas veida maks\u0101juma sa\u0146em\u0161ana var aiz\u0146emt l\u012bdz 7 darba dien\u0101m.<\/p>\n\n\n\n<p><strong>Pieg\u0101de uz<\/strong><\/p>\n\n\n\n<p>Preces tiek s\u016bt\u012btas uz Igauniju un Somiju.<br>Nos\u016bt\u012b\u0161anas izmaksas sedz pirc\u0113js, un atbilsto\u0161\u0101 inform\u0101cija par cenu ir nor\u0101d\u012bta pie pieg\u0101des metodes.<\/p>\n\n\n\n<p>S\u016bt\u012bjumi Igaunijas teritorij\u0101 parasti ierodas pirc\u0113ja nor\u0101d\u012btaj\u0101 galam\u0113r\u0137\u012b 3-7 darba dienu laik\u0101 no pirkuma l\u012bguma sp\u0113k\u0101 st\u0101\u0161an\u0101s dienas. \u0100rpus Igaunijas pieg\u0101de notiek 8 kalend\u0101ro dienu laik\u0101.<\/p>\n\n\n\n<p>Iz\u0146\u0113muma gad\u012bjumos jums ir ties\u012bbas sa\u0146emt preces pieg\u0101di 30 kalend\u0101ro dienu laik\u0101.<\/p>\n\n\n\n<p>Ja Interneta veikals ir inform\u0113jis pirc\u0113ju t\u012bmek\u013ca vietn\u0113 vai pas\u016bt\u012bjuma apstiprin\u0101jum\u0101 par pieg\u0101des probl\u0113m\u0101m un termi\u0146u, kas p\u0101rsniedz 30 kalend\u0101r\u0101s dienas, tiek piem\u0113rots Interneta veikala public\u0113tais termi\u0146\u0161.<\/p>\n\n\n\n<p><strong>Atteikuma ties\u012bbas<\/strong><\/p>\n\n\n\n<p>P\u0113c pas\u016bt\u012bjuma sa\u0146em\u0161anas pirc\u0113jam ir ties\u012bbas atteikties no e-veikal\u0101 nosl\u0113gt\u0101 l\u012bguma 14 dienu laik\u0101. Saska\u0146\u0101 ar saist\u012bbu ties\u012bb\u0101m nav atteikuma ties\u012bbu attiec\u012bb\u0101 uz p\u0101rtikas produktiem, kas ieg\u0101d\u0101ti tie\u0161saist\u0113.<br>Atteikuma ties\u012bbas nav sp\u0113k\u0101, ja pirc\u0113js ir juridiska persona.<\/p>\n\n\n\n<p>Lai izmantotu 14 dienu atteikuma ties\u012bbas, pas\u016bt\u012bt\u0101s preces nedr\u012bkst izmantot nek\u0101d\u0101 cit\u0101 veid\u0101, iz\u0146emot to, kas nepiecie\u0161ams, lai p\u0101rliecin\u0101tos par pre\u010du raksturu, \u012bpa\u0161\u012bb\u0101m un darb\u012bbu, t\u0101pat k\u0101 tas ir at\u013cauts, test\u0113jot preces fizisk\u0101 veikal\u0101.<\/p>\n\n\n\n<p>Ja preces ir izmantotas citiem m\u0113r\u0137iem, kas nav nepiecie\u0161ami, lai p\u0101rliecin\u0101tos par pre\u010du raksturu, \u012bpa\u0161\u012bb\u0101m un darb\u012bbu, vai ja prec\u0113m ir lieto\u0161anas vai nolietojuma paz\u012bmes, Interneta veikalam ir ties\u012bbas samazin\u0101t atmaks\u0101jamo maksu atbilsto\u0161i pre\u010du v\u0113rt\u012bbas samazin\u0101jumam.<\/p>\n\n\n\n<p>Lai atgrieztu preces, jums j\u0101iesniedz atteikuma veidlapa, kas j\u0101nos\u016bta uz e-pasta adresi info@oliveoilshop.ee ne v\u0113l\u0101k k\u0101 14 dienu laik\u0101 p\u0113c pre\u010du sa\u0146em\u0161anas.<\/p>\n\n\n\n<p>Pre\u010du atgrie\u0161anas izmaksas sedz pirc\u0113js, ja vien pre\u010du atgrie\u0161anas iemesls nav tas, ka t\u0101s neatbilst pas\u016bt\u012btaj\u0101m (piem\u0113ram, t\u0101s ir nepareizas vai boj\u0101tas).<\/p>\n\n\n\n<p>Pirc\u0113jam preces ir j\u0101atdod atpaka\u013c 14 dienu laik\u0101 no pieteikuma datuma vai j\u0101iesniedz pier\u0101d\u012bjums, ka vi\u0146\u0161 t\u0101s ir nodevis p\u0101rvad\u0101t\u0101jam iepriek\u0161 min\u0113taj\u0101 termi\u0146\u0101.<\/p>\n\n\n\n<p>Gad\u012bjum\u0101, ja tiek sa\u0146emtas preces, kas nav atgrie\u017eamas, interneta veikals nekav\u0113joties, bet ne v\u0113l\u0101k k\u0101 14 dienu laik\u0101 no atteikuma sa\u0146em\u0161anas dienas, atmaks\u0101 pirc\u0113jam visus no pirc\u0113ja sa\u0146emtos maks\u0101jumus saska\u0146\u0101 ar l\u012bgumu.<\/p>\n\n\n\n<p>Interneta veikals var atteikties atmaks\u0101t naudu, kam\u0113r tas nav sa\u0146\u0113mis preces, uz kur\u0101m attiecas l\u012bgums, vai kam\u0113r pirc\u0113js nav iesniedzis pier\u0101d\u012bjumus, ka vi\u0146\u0161 ir nos\u016bt\u012bjis preces atpaka\u013c, atkar\u012bb\u0101 no t\u0101, kas notiek agr\u0101k.<\/p>\n\n\n\n<p>Ja pirc\u0113js ir nep\u0101rprotami izv\u0113l\u0113jies pieg\u0101des veidu, kas nav visl\u0113t\u0101kais no Interneta veikala pied\u0101v\u0101tajiem pieg\u0101des veidiem, Interneta veikalam nav pien\u0101kuma atl\u012bdzin\u0101t pat\u0113r\u0113t\u0101jam izmaksas, kas p\u0101rsniedz ar parasto pieg\u0101des veidu saist\u012bt\u0101s izmaksas.<\/p>\n\n\n\n<p>Interneta veikalam ir ties\u012bbas atteikties no p\u0101rdo\u0161anas un piepras\u012bt no pirc\u0113ja atgriezt preces, ja pre\u010du cena interneta veikal\u0101 ir k\u013c\u016bdaini nor\u0101d\u012bta iev\u0113rojami zem\u0101ka par pre\u010du tirgus cenu.<\/p>\n\n\n\n<p><strong>Ties\u012bbas iesniegt s\u016bdz\u012bbu<\/strong><\/p>\n\n\n\n<p>Interneta veikals ir atbild\u012bgs par jebkuru pirc\u0113jam p\u0101rdoto pre\u010du neatbilst\u012bbu vai defektu, kas past\u0101v\u0113ja jau pre\u010du pieg\u0101des br\u012bd\u012b un kas atkl\u0101jas laika posm\u0101 l\u012bdz diviem gadiem no pre\u010du pieg\u0101des pirc\u0113jam. \u0160\u0101 pirm\u0101 gada laik\u0101 p\u0113c pre\u010du pieg\u0101des pirc\u0113jam tiek uzskat\u012bts, ka defekts past\u0101v\u0113ja jau pieg\u0101des br\u012bd\u012b. Interneta veikala pien\u0101kums ir atsp\u0113kot \u0161o pie\u0146\u0113mumu.<\/p>\n\n\n\n<p>Defekta gad\u012bjum\u0101 pirc\u0113jam ir ties\u012bbas ne v\u0113l\u0101k k\u0101 divu m\u0113ne\u0161u laik\u0101 sazin\u0101ties ar interneta veikalu, nos\u016btot e-pastu uz info@oliveoilshop.ee vai zvanot pa t\u0101lruni +372 5 156 194.<br>Interneta veikals nav atbild\u012bgs par defektiem, kas radu\u0161ies p\u0113c preces pieg\u0101des pat\u0113r\u0113t\u0101ja darb\u012bbas vai bezdarb\u012bbas (nepareiza lieto\u0161ana, nelaimes gad\u012bjums u. tml.) vai norm\u0101la nolietojuma gad\u012bjum\u0101, kas radies preces norm\u0101las lieto\u0161anas rezult\u0101t\u0101.<\/p>\n\n\n\n<p>Ja prec\u0113m, kas ieg\u0101d\u0101tas no Interneta veikala, ir defekts, par kuru ir atbild\u012bgs Interneta veikals, Interneta veikals labos vai nomain\u012bs boj\u0101t\u0101s preces. Ja preces nav iesp\u0113jams salabot vai nomain\u012bt, Interneta veikals atmaks\u0101s pirc\u0113jam visus maks\u0101jumus par pirkuma l\u012bgumu.<\/p>\n\n\n\n<p>Interneta veikals 15 dienu laik\u0101 atbild\u0113s uz pat\u0113r\u0113t\u0101ja s\u016bdz\u012bbu rakstiski vai t\u0101d\u0101 form\u0101t\u0101, ko var atveidot rakstiski.<\/p>\n\n\n\n<p><strong>Str\u012bdu iz\u0161\u0137ir\u0161ana<\/strong><\/p>\n\n\n\n<p>Ja pirc\u0113jam ir k\u0101das s\u016bdz\u012bbas par Interneta veikalu, vi\u0146am\/vi\u0146ai j\u0101nos\u016bta e-pasts uz info@oliveoilshop.ee vai j\u0101zvana pa t\u0101lruni +372 5 156 194.<\/p>\n\n\n\n<p>Ja pirc\u0113js un interneta veikals nesp\u0113j atrisin\u0101t str\u012bdu, vienojoties, pirc\u0113js var v\u0113rsties Pat\u0113r\u0113t\u0101ju str\u012bdu komisij\u0101. Var iepaz\u012bties ar proced\u016bras noteikumiem un iesniegt pieteikumu saska\u0146\u0101 ar Pat\u0113r\u0113t\u0101ju ties\u012bbu aizsardz\u012bbas padomes vadl\u012bnij\u0101m. Pat\u0113r\u0113t\u0101ju str\u012bdu komiteja ir kompetenta risin\u0101t str\u012bdus, kas izriet no l\u012bguma, kas nosl\u0113gts starp pirc\u0113ju un interneta veikalu. Pirc\u0113ja s\u016bdz\u012bbas izskat\u012b\u0161ana Komisij\u0101 ir bez maksas.<\/p>\n\n\n\n<p>Pirc\u0113js var v\u0113rsties Eiropas Savien\u012bbas pat\u0113r\u0113t\u0101ju str\u012bdu iz\u0161\u0137ir\u0161anas platform\u0101.<\/p>\n\t\t\t\t\t\t\t\t<\/div>\n\t\t\t\t<\/div>\n\t\t\t\t\t<\/div>\n\t\t\t\t<\/div>\n\t\t\t\t<\/div>","protected":false},"excerpt":{"rendered":"<p>M\u00dc\u00dcGITINGIMUSED Veebipoe oliveoilshop.ee(edaspidi veebipood) omanik O\u00dc Oliveoilshop(registrikood 16850930). Asukohaga Suurekivi P\u00f5ik 25 A, Peetri 75312 Rae vald, Harjumaa. M\u00fc\u00fcgilepingu kehtivus,<\/p>","protected":false},"author":1,"featured_media":0,"parent":0,"menu_order":0,"comment_status":"closed","ping_status":"closed","template":"","meta":{"om_disable_all_campaigns":false,"footnotes":""},"class_list":["post-15949","page","type-page","status-publish","hentry"],"yoast_head":"<!-- This site is optimized with the Yoast SEO plugin v27.4 - https:\/\/yoast.com\/product\/yoast-seo-wordpress\/ -->\n<title>M\u00fc\u00fcgitingimused - Olive Oil Shop<\/title>\n<meta name=\"robots\" content=\"index, follow, max-snippet:-1, max-image-preview:large, max-video-preview:-1\" \/>\n<link rel=\"canonical\" href=\"https:\/\/oliveoilshop.ee\/lv\/muugitingimused\/\" \/>\n<meta property=\"og:locale\" content=\"lv_LV\" \/>\n<meta property=\"og:type\" content=\"article\" \/>\n<meta property=\"og:title\" content=\"M\u00fc\u00fcgitingimused - Olive Oil Shop\" \/>\n<meta property=\"og:description\" content=\"M\u00dc\u00dcGITINGIMUSED Veebipoe oliveoilshop.ee(edaspidi veebipood) omanik O\u00dc Oliveoilshop(registrikood 16850930). Asukohaga Suurekivi P\u00f5ik 25 A, Peetri 75312 Rae vald, Harjumaa. M\u00fc\u00fcgilepingu kehtivus,\" \/>\n<meta property=\"og:url\" content=\"https:\/\/oliveoilshop.ee\/lv\/muugitingimused\/\" \/>\n<meta property=\"og:site_name\" content=\"Olive Oil Shop\" \/>\n<meta property=\"article:publisher\" content=\"https:\/\/www.facebook.com\/profile.php?id=61556092580476\" \/>\n<meta property=\"article:modified_time\" content=\"2024-01-14T11:15:38+00:00\" \/>\n<meta name=\"twitter:card\" content=\"summary_large_image\" \/>\n<meta name=\"twitter:label1\" content=\"Est. reading time\" \/>\n\t<meta name=\"twitter:data1\" content=\"4 min\u016btes\" \/>\n<script type=\"application\/ld+json\" class=\"yoast-schema-graph\">{\"@context\":\"https:\\\/\\\/schema.org\",\"@graph\":[{\"@type\":\"WebPage\",\"@id\":\"https:\\\/\\\/oliveoilshop.ee\\\/muugitingimused\\\/\",\"url\":\"https:\\\/\\\/oliveoilshop.ee\\\/muugitingimused\\\/\",\"name\":\"M\u00fc\u00fcgitingimused - Olive Oil Shop\",\"isPartOf\":{\"@id\":\"https:\\\/\\\/oliveoilshop.ee\\\/#website\"},\"datePublished\":\"2024-01-12T10:54:46+00:00\",\"dateModified\":\"2024-01-14T11:15:38+00:00\",\"breadcrumb\":{\"@id\":\"https:\\\/\\\/oliveoilshop.ee\\\/muugitingimused\\\/#breadcrumb\"},\"inLanguage\":\"lv-LV\",\"potentialAction\":[{\"@type\":\"ReadAction\",\"target\":[\"https:\\\/\\\/oliveoilshop.ee\\\/muugitingimused\\\/\"]}]},{\"@type\":\"BreadcrumbList\",\"@id\":\"https:\\\/\\\/oliveoilshop.ee\\\/muugitingimused\\\/#breadcrumb\",\"itemListElement\":[{\"@type\":\"ListItem\",\"position\":1,\"name\":\"Home\",\"item\":\"https:\\\/\\\/oliveoilshop.ee\\\/\"},{\"@type\":\"ListItem\",\"position\":2,\"name\":\"M\u00fc\u00fcgitingimused\"}]},{\"@type\":\"WebSite\",\"@id\":\"https:\\\/\\\/oliveoilshop.ee\\\/#website\",\"url\":\"https:\\\/\\\/oliveoilshop.ee\\\/\",\"name\":\"Olive Oil Shop\",\"description\":\"V&auml;rske ja kvaliteetne ekstra v&auml;&auml;risoliivi&otilde;li Kreeka v&auml;iketootjatelt\",\"publisher\":{\"@id\":\"https:\\\/\\\/oliveoilshop.ee\\\/#organization\"},\"potentialAction\":[{\"@type\":\"SearchAction\",\"target\":{\"@type\":\"EntryPoint\",\"urlTemplate\":\"https:\\\/\\\/oliveoilshop.ee\\\/?s={search_term_string}\"},\"query-input\":{\"@type\":\"PropertyValueSpecification\",\"valueRequired\":true,\"valueName\":\"search_term_string\"}}],\"inLanguage\":\"lv-LV\"},{\"@type\":\"Organization\",\"@id\":\"https:\\\/\\\/oliveoilshop.ee\\\/#organization\",\"name\":\"Olive Oil Shop\",\"url\":\"https:\\\/\\\/oliveoilshop.ee\\\/\",\"logo\":{\"@type\":\"ImageObject\",\"inLanguage\":\"lv-LV\",\"@id\":\"https:\\\/\\\/oliveoilshop.ee\\\/#\\\/schema\\\/logo\\\/image\\\/\",\"url\":\"https:\\\/\\\/oliveoilshop.ee\\\/wp-content\\\/uploads\\\/2024\\\/02\\\/Sipty-logo-12.png\",\"contentUrl\":\"https:\\\/\\\/oliveoilshop.ee\\\/wp-content\\\/uploads\\\/2024\\\/02\\\/Sipty-logo-12.png\",\"width\":500,\"height\":500,\"caption\":\"Olive Oil Shop\"},\"image\":{\"@id\":\"https:\\\/\\\/oliveoilshop.ee\\\/#\\\/schema\\\/logo\\\/image\\\/\"},\"sameAs\":[\"https:\\\/\\\/www.facebook.com\\\/profile.php?id=61556092580476\",\"https:\\\/\\\/www.instagram.com\\\/oliveoilshop.ee\"]}]}<\/script>\n<!-- \/ Yoast SEO plugin. -->","yoast_head_json":{"title":"M\u00fc\u00fcgitingimused - Olive Oil Shop","robots":{"index":"index","follow":"follow","max-snippet":"max-snippet:-1","max-image-preview":"max-image-preview:large","max-video-preview":"max-video-preview:-1"},"canonical":"https:\/\/oliveoilshop.ee\/lv\/muugitingimused\/","og_locale":"lv_LV","og_type":"article","og_title":"M\u00fc\u00fcgitingimused - Olive Oil Shop","og_description":"M\u00dc\u00dcGITINGIMUSED Veebipoe oliveoilshop.ee(edaspidi veebipood) omanik O\u00dc Oliveoilshop(registrikood 16850930). Asukohaga Suurekivi P\u00f5ik 25 A, Peetri 75312 Rae vald, Harjumaa. M\u00fc\u00fcgilepingu kehtivus,","og_url":"https:\/\/oliveoilshop.ee\/lv\/muugitingimused\/","og_site_name":"Olive Oil Shop","article_publisher":"https:\/\/www.facebook.com\/profile.php?id=61556092580476","article_modified_time":"2024-01-14T11:15:38+00:00","twitter_card":"summary_large_image","twitter_misc":{"Est. reading time":"4 min\u016btes"},"schema":{"@context":"https:\/\/schema.org","@graph":[{"@type":"WebPage","@id":"https:\/\/oliveoilshop.ee\/muugitingimused\/","url":"https:\/\/oliveoilshop.ee\/muugitingimused\/","name":"M\u00fc\u00fcgitingimused - Olive Oil Shop","isPartOf":{"@id":"https:\/\/oliveoilshop.ee\/#website"},"datePublished":"2024-01-12T10:54:46+00:00","dateModified":"2024-01-14T11:15:38+00:00","breadcrumb":{"@id":"https:\/\/oliveoilshop.ee\/muugitingimused\/#breadcrumb"},"inLanguage":"lv-LV","potentialAction":[{"@type":"ReadAction","target":["https:\/\/oliveoilshop.ee\/muugitingimused\/"]}]},{"@type":"BreadcrumbList","@id":"https:\/\/oliveoilshop.ee\/muugitingimused\/#breadcrumb","itemListElement":[{"@type":"ListItem","position":1,"name":"Home","item":"https:\/\/oliveoilshop.ee\/"},{"@type":"ListItem","position":2,"name":"M\u00fc\u00fcgitingimused"}]},{"@type":"WebSite","@id":"https:\/\/oliveoilshop.ee\/#website","url":"https:\/\/oliveoilshop.ee\/","name":"Olive Oil Shop","description":"V&auml;rske ja kvaliteetne ekstra v&auml;&auml;risoliivi&otilde;li Kreeka v&auml;iketootjatelt","publisher":{"@id":"https:\/\/oliveoilshop.ee\/#organization"},"potentialAction":[{"@type":"SearchAction","target":{"@type":"EntryPoint","urlTemplate":"https:\/\/oliveoilshop.ee\/?s={search_term_string}"},"query-input":{"@type":"PropertyValueSpecification","valueRequired":true,"valueName":"search_term_string"}}],"inLanguage":"lv-LV"},{"@type":"Organization","@id":"https:\/\/oliveoilshop.ee\/#organization","name":"Olive Oil Shop","url":"https:\/\/oliveoilshop.ee\/","logo":{"@type":"ImageObject","inLanguage":"lv-LV","@id":"https:\/\/oliveoilshop.ee\/#\/schema\/logo\/image\/","url":"https:\/\/oliveoilshop.ee\/wp-content\/uploads\/2024\/02\/Sipty-logo-12.png","contentUrl":"https:\/\/oliveoilshop.ee\/wp-content\/uploads\/2024\/02\/Sipty-logo-12.png","width":500,"height":500,"caption":"Olive Oil Shop"},"image":{"@id":"https:\/\/oliveoilshop.ee\/#\/schema\/logo\/image\/"},"sameAs":["https:\/\/www.facebook.com\/profile.php?id=61556092580476","https:\/\/www.instagram.com\/oliveoilshop.ee"]}]}},"_links":{"self":[{"href":"https:\/\/oliveoilshop.ee\/lv\/wp-json\/wp\/v2\/pages\/15949","targetHints":{"allow":["GET"]}}],"collection":[{"href":"https:\/\/oliveoilshop.ee\/lv\/wp-json\/wp\/v2\/pages"}],"about":[{"href":"https:\/\/oliveoilshop.ee\/lv\/wp-json\/wp\/v2\/types\/page"}],"author":[{"embeddable":true,"href":"https:\/\/oliveoilshop.ee\/lv\/wp-json\/wp\/v2\/users\/1"}],"replies":[{"embeddable":true,"href":"https:\/\/oliveoilshop.ee\/lv\/wp-json\/wp\/v2\/comments?post=15949"}],"version-history":[{"count":7,"href":"https:\/\/oliveoilshop.ee\/lv\/wp-json\/wp\/v2\/pages\/15949\/revisions"}],"predecessor-version":[{"id":16190,"href":"https:\/\/oliveoilshop.ee\/lv\/wp-json\/wp\/v2\/pages\/15949\/revisions\/16190"}],"wp:attachment":[{"href":"https:\/\/oliveoilshop.ee\/lv\/wp-json\/wp\/v2\/media?parent=15949"}],"curies":[{"name":"wp","href":"https:\/\/api.w.org\/{rel}","templated":true}]}}