{"id":15642,"date":"2023-12-10T09:54:09","date_gmt":"2023-12-10T09:54:09","guid":{"rendered":"https:\/\/oliveoilshop.ee\/?page_id=15642"},"modified":"2024-03-04T11:10:52","modified_gmt":"2024-03-04T11:10:52","slug":"oliivioli-sidrunikook","status":"publish","type":"page","link":"https:\/\/oliveoilshop.ee\/lv\/oliivioli-sidrunikook\/","title":{"rendered":"Receptes"},"content":{"rendered":"<div data-elementor-type=\"wp-page\" data-elementor-id=\"15642\" class=\"elementor elementor-15642\">\n\t\t\t\t<div class=\"elementor-element elementor-element-4421b09 e-con-full e-flex wd-section-disabled e-con e-parent\" data-id=\"4421b09\" data-element_type=\"container\" data-e-type=\"container\">\n\t\t<div class=\"elementor-element elementor-element-5c297a4 e-con-full e-flex wd-section-disabled e-con e-child\" data-id=\"5c297a4\" data-element_type=\"container\" data-e-type=\"container\">\n\t\t\t\t<div class=\"elementor-element elementor-element-2a7d95d elementor-widget elementor-widget-image\" data-id=\"2a7d95d\" data-element_type=\"widget\" data-e-type=\"widget\" data-widget_type=\"image.default\">\n\t\t\t\t<div class=\"elementor-widget-container\">\n\t\t\t\t\t\t\t\t\t\t\t\t\t\t\t<img fetchpriority=\"high\" decoding=\"async\" width=\"768\" height=\"847\" src=\"https:\/\/oliveoilshop.ee\/wp-content\/uploads\/2024\/03\/IMG_6088-1-768x847.jpg\" class=\"attachment-medium_large size-medium_large wp-image-17257\" alt=\"\" srcset=\"https:\/\/oliveoilshop.ee\/wp-content\/uploads\/2024\/03\/IMG_6088-1-768x847.jpg 768w, https:\/\/oliveoilshop.ee\/wp-content\/uploads\/2024\/03\/IMG_6088-1-272x300.jpg 272w, https:\/\/oliveoilshop.ee\/wp-content\/uploads\/2024\/03\/IMG_6088-1-726x800.jpg 726w, https:\/\/oliveoilshop.ee\/wp-content\/uploads\/2024\/03\/IMG_6088-1-1394x1536.jpg 1394w, https:\/\/oliveoilshop.ee\/wp-content\/uploads\/2024\/03\/IMG_6088-1-1858x2048.jpg 1858w, https:\/\/oliveoilshop.ee\/wp-content\/uploads\/2024\/03\/IMG_6088-1-11x12.jpg 11w, https:\/\/oliveoilshop.ee\/wp-content\/uploads\/2024\/03\/IMG_6088-1-700x772.jpg 700w, https:\/\/oliveoilshop.ee\/wp-content\/uploads\/2024\/03\/IMG_6088-1-150x165.jpg 150w\" sizes=\"(max-width: 768px) 100vw, 768px\" \/>\t\t\t\t\t\t\t\t\t\t\t\t\t\t\t<\/div>\n\t\t\t\t<\/div>\n\t\t\t\t<\/div>\n\t\t<div class=\"elementor-element elementor-element-06b9855 e-con-full e-flex wd-section-disabled e-con e-child\" data-id=\"06b9855\" data-element_type=\"container\" data-e-type=\"container\">\n\t\t\t\t<div class=\"elementor-element elementor-element-197b3ef elementor-widget elementor-widget-spacer\" data-id=\"197b3ef\" data-element_type=\"widget\" data-e-type=\"widget\" data-widget_type=\"spacer.default\">\n\t\t\t\t<div class=\"elementor-widget-container\">\n\t\t\t\t\t\t\t<div class=\"elementor-spacer\">\n\t\t\t<div class=\"elementor-spacer-inner\"><\/div>\n\t\t<\/div>\n\t\t\t\t\t\t<\/div>\n\t\t\t\t<\/div>\n\t\t\t\t<div class=\"elementor-element elementor-element-7da2604 elementor-widget elementor-widget-heading\" data-id=\"7da2604\" data-element_type=\"widget\" data-e-type=\"widget\" data-widget_type=\"heading.default\">\n\t\t\t\t<div class=\"elementor-widget-container\">\n\t\t\t\t\t<h2 class=\"elementor-heading-title elementor-size-default\">V\u00e4rske ja kevadine SIDRUNI-oliivi\u00f5likook<\/h2>\t\t\t\t<\/div>\n\t\t\t\t<\/div>\n\t\t\t\t<div class=\"elementor-element elementor-element-96afd2c color-scheme-inherit text-left elementor-widget elementor-widget-text-editor\" data-id=\"96afd2c\" data-element_type=\"widget\" data-e-type=\"widget\" data-widget_type=\"text-editor.default\">\n\t\t\t\t<div class=\"elementor-widget-container\">\n\t\t\t\t\t\t\t\t\t<p>Sidruni oliivi\u00f5likook valmib kiirelt ja lihtsalt ning lausa sulab suus.\u00a0<\/p><p><span style=\"font-weight: 400;\">Koogi salajaseks koostisosaks on <a href=\"https:\/\/oliveoilshop.ee\/lv\/product\/ekstra-vaarisoliivioli-early-harvest-3l\/\" target=\"_blank\" rel=\"noopener\">Early Harvest neapstr\u0101d\u0101ta augst\u0101k\u0101 labuma ol\u012bve\u013c\u013ca<\/a>, mis muudab koogi m\u00f5nusalt mahlaseks ja loob koos sidruni hapukusega imelise maitsete kombinatsiooni.<\/span><\/p>\t\t\t\t\t\t\t\t<\/div>\n\t\t\t\t<\/div>\n\t\t\t\t<div class=\"elementor-element elementor-element-1d91a38 elementor-widget elementor-widget-heading\" data-id=\"1d91a38\" data-element_type=\"widget\" data-e-type=\"widget\" data-widget_type=\"heading.default\">\n\t\t\t\t<div class=\"elementor-widget-container\">\n\t\t\t\t\t<h4 class=\"elementor-heading-title elementor-size-default\">koostisosad<\/h4>\t\t\t\t<\/div>\n\t\t\t\t<\/div>\n\t\t\t\t<div class=\"elementor-element elementor-element-867a90d elementor-widget elementor-widget-wd_list\" data-id=\"867a90d\" data-element_type=\"widget\" data-e-type=\"widget\" data-widget_type=\"wd_list.default\">\n\t\t\t\t<div class=\"elementor-widget-container\">\n\t\t\t\t\t\t\t<ul class=\"wd-list color-scheme- wd-fontsize-xs wd-list-type-without wd-list-style- wd-justify-left\">\n\t\t\t\t\t\t\t\t\t\t\t<li class=\"elementor-repeater-item-f868b2b\">\n\t\t\t\t\t\n\t\t\t\t\t<span class=\"list-content\">\n\t\t\t\t\t\t1 dl nisujhau\t\t\t\t\t<\/span>\n\n\t\t\t\t\t\t\t\t\t<\/li>\n\t\t\t\t\t\t\t\t\t\t\t<li class=\"elementor-repeater-item-534795d\">\n\t\t\t\t\t\n\t\t\t\t\t<span class=\"list-content\">\n\t\t\t\t\t\t2 dl mandlijahu\t\t\t\t\t<\/span>\n\n\t\t\t\t\t\t\t\t\t<\/li>\n\t\t\t\t\t\t\t\t\t\t\t<li class=\"elementor-repeater-item-b100e43\">\n\t\t\t\t\t\n\t\t\t\t\t<span class=\"list-content\">\n\t\t\t\t\t\t1-1,5 dl suhkrut\t\t\t\t\t<\/span>\n\n\t\t\t\t\t\t\t\t\t<\/li>\n\t\t\t\t\t\t\t\t\t\t\t<li class=\"elementor-repeater-item-11642f1\">\n\t\t\t\t\t\n\t\t\t\t\t<span class=\"list-content\">\n\t\t\t\t\t\t1 tl k\u00fcpsetuspulbrit\t\t\t\t\t<\/span>\n\n\t\t\t\t\t\t\t\t\t<\/li>\n\t\t\t\t\t\t\t\t\t\t\t<li class=\"elementor-repeater-item-ee4cc7b\">\n\t\t\t\t\t\n\t\t\t\t\t<span class=\"list-content\">\n\t\t\t\t\t\t\u00bd tl soola\t\t\t\t\t<\/span>\n\n\t\t\t\t\t\t\t\t\t<\/li>\n\t\t\t\t\t\t\t\t\t\t\t<li class=\"elementor-repeater-item-a98c4f5\">\n\t\t\t\t\t\n\t\t\t\t\t<span class=\"list-content\">\n\t\t\t\t\t\t1\u00bd dl\u00a0Early Harvest ekstra v\u00e4\u00e4risoliivi\u00f5li (leiad siit)\t\t\t\t\t<\/span>\n\n\t\t\t\t\t\n\t\t\t\t\t\t<a  href=\"https:\/\/oliveoilshop.ee\/lv\/product\/ekstra-vaarisoliivioli-early-harvest-3l\/\" target=\"_blank\" class=\"wd-fill\" aria-label=\"List item link\"><\/a>\n\t\t\t\t\t\t\t\t\t<\/li>\n\t\t\t\t\t\t\t\t\t\t\t<li class=\"elementor-repeater-item-fe428ca\">\n\t\t\t\t\t\n\t\t\t\t\t<span class=\"list-content\">\n\t\t\t\t\t\t 1 kanamuna\t\t\t\t\t<\/span>\n\n\t\t\t\t\t\t\t\t\t<\/li>\n\t\t\t\t\t\t\t\t\t\t\t<li class=\"elementor-repeater-item-dcf6bcb\">\n\t\t\t\t\t\n\t\t\t\t\t<span class=\"list-content\">\n\t\t\t\t\t\t150 g Kreeka jogurtit\u00a0\t\t\t\t\t<\/span>\n\n\t\t\t\t\t\t\t\t\t<\/li>\n\t\t\t\t\t\t\t\t\t\t\t<li class=\"elementor-repeater-item-be284fd\">\n\t\t\t\t\t\n\t\t\t\t\t<span class=\"list-content\">\n\t\t\t\t\t\t\u00bd dl sidrunimahla\t\t\t\t\t<\/span>\n\n\t\t\t\t\t\t\t\t\t<\/li>\n\t\t\t\t\t\t\t\t\t\t\t<li class=\"elementor-repeater-item-29e3ac2\">\n\t\t\t\t\t\n\t\t\t\t\t<span class=\"list-content\">\n\t\t\t\t\t\t 2 tl riivitud sidrunikoort\t\t\t\t\t<\/span>\n\n\t\t\t\t\t\t\t\t\t<\/li>\n\t\t\t\t\t<\/ul>\n\n\t\t\t\t\t\t<\/div>\n\t\t\t\t<\/div>\n\t\t\t\t<div class=\"elementor-element elementor-element-493c5bc color-scheme-inherit text-left elementor-widget elementor-widget-text-editor\" data-id=\"493c5bc\" data-element_type=\"widget\" data-e-type=\"widget\" data-widget_type=\"text-editor.default\">\n\t\t\t\t<div class=\"elementor-widget-container\">\n\t\t\t\t\t\t\t\t\t<p><span style=\"font-weight: 400;\">Ps! oliivi\u00f5li valik m\u00f5jutab koogi maitset oluliselt. Mida v\u00e4rskem ja kvaliteetsem on oliivi\u00f5li, seda mahlasem ja maitsvam kook j\u00e4\u00e4b.<\/span><\/p>\t\t\t\t\t\t\t\t<\/div>\n\t\t\t\t<\/div>\n\t\t\t\t<\/div>\n\t\t\t\t<\/div>\n\t\t<div class=\"elementor-element elementor-element-26efa43 e-con-full e-flex wd-section-disabled e-con e-parent\" data-id=\"26efa43\" data-element_type=\"container\" data-e-type=\"container\">\n\t\t<div class=\"elementor-element elementor-element-89b792a e-con-full e-flex wd-section-disabled e-con e-child\" data-id=\"89b792a\" data-element_type=\"container\" data-e-type=\"container\">\n\t\t\t\t<div class=\"elementor-element elementor-element-3f3273e elementor-widget elementor-widget-heading\" data-id=\"3f3273e\" data-element_type=\"widget\" data-e-type=\"widget\" data-widget_type=\"heading.default\">\n\t\t\t\t<div class=\"elementor-widget-container\">\n\t\t\t\t\t<h4 class=\"elementor-heading-title elementor-size-default\">VALMISTAMINE<\/h4>\t\t\t\t<\/div>\n\t\t\t\t<\/div>\n\t\t\t\t<div class=\"elementor-element elementor-element-05a13ab elementor-widget elementor-widget-wd_text_block\" data-id=\"05a13ab\" data-element_type=\"widget\" data-e-type=\"widget\" data-widget_type=\"wd_text_block.default\">\n\t\t\t\t<div class=\"elementor-widget-container\">\n\t\t\t\t\t\t\t<div class=\"wd-text-block reset-last-child text-left\">\n\t\t\t\n\t\t\t<p>1. Sega\u00a0kausis omavahel suhkur, nisujahu, mandlijahu, k\u00fcpsetuspulber, suhkur ja sool<\/p><p>2. Sega teises kausis \u00fchtlaseks \u00f5li, jogurt, sidrunimahl, sidrunikoored ja muna. Seej\u00e4rel vala segud omavahel kokku.<\/p><p>3. Vala tainas koogivormi ning k\u00fcpseta ahjus 175 kraadi juures 30-35 minutit.<\/p><p>4. Kaunista soovi korral tuhksuhkruga.<\/p>\n\t\t\t\t\t<\/div>\n\t\t\t\t\t\t<\/div>\n\t\t\t\t<\/div>\n\t\t\t\t<\/div>\n\t\t<div class=\"elementor-element elementor-element-e3d24cd e-con-full e-flex wd-section-disabled e-con e-child\" data-id=\"e3d24cd\" data-element_type=\"container\" data-e-type=\"container\">\n\t\t\t\t<div class=\"elementor-element elementor-element-ae83951 elementor-widget elementor-widget-spacer\" data-id=\"ae83951\" data-element_type=\"widget\" data-e-type=\"widget\" data-widget_type=\"spacer.default\">\n\t\t\t\t<div class=\"elementor-widget-container\">\n\t\t\t\t\t\t\t<div class=\"elementor-spacer\">\n\t\t\t<div class=\"elementor-spacer-inner\"><\/div>\n\t\t<\/div>\n\t\t\t\t\t\t<\/div>\n\t\t\t\t<\/div>\n\t\t\t\t<\/div>\n\t\t\t\t<\/div>\n\t\t<div class=\"elementor-element elementor-element-bfe290f e-flex e-con-boxed wd-section-disabled e-con e-parent\" data-id=\"bfe290f\" data-element_type=\"container\" data-e-type=\"container\">\n\t\t\t\t\t<div class=\"e-con-inner\">\n\t\t\t\t\t<\/div>\n\t\t\t\t<\/div>\n\t\t\t\t<\/div>","protected":false},"excerpt":{"rendered":"<p>V\u00e4rske ja kevadine SIDRUNI-oliivi\u00f5likook Sidruni oliivi\u00f5likook valmib kiirelt ja lihtsalt ning lausa sulab suus.\u00a0 Koogi salajaseks koostisosaks on Early Harvest<\/p>","protected":false},"author":1,"featured_media":0,"parent":0,"menu_order":0,"comment_status":"closed","ping_status":"closed","template":"","meta":{"om_disable_all_campaigns":false,"footnotes":""},"class_list":["post-15642","page","type-page","status-publish","hentry"],"yoast_head":"<!-- This site is optimized with the Yoast SEO plugin v27.4 - https:\/\/yoast.com\/product\/yoast-seo-wordpress\/ -->\n<title>Oliivi\u00f5li-sidrunikook<\/title>\n<meta name=\"description\" content=\"oliivi\u00f5li sidrunikook on v\u00e4rrske ja kevadine. Ekstra v\u00e4\u00e4risoliivi\u00f5li Early Harvest annab koogile imelise maitse ja pehme tekstuuri.\" \/>\n<meta name=\"robots\" content=\"index, follow, max-snippet:-1, max-image-preview:large, max-video-preview:-1\" \/>\n<link rel=\"canonical\" href=\"https:\/\/oliveoilshop.ee\/lv\/oliivioli-sidrunikook\/\" \/>\n<meta property=\"og:locale\" content=\"lv_LV\" \/>\n<meta property=\"og:type\" content=\"article\" \/>\n<meta property=\"og:title\" content=\"Oliivi\u00f5li-sidrunikook\" \/>\n<meta property=\"og:description\" content=\"oliivi\u00f5li sidrunikook on v\u00e4rrske ja kevadine. Ekstra v\u00e4\u00e4risoliivi\u00f5li Early Harvest annab koogile imelise maitse ja pehme tekstuuri.\" \/>\n<meta property=\"og:url\" content=\"https:\/\/oliveoilshop.ee\/lv\/oliivioli-sidrunikook\/\" \/>\n<meta property=\"og:site_name\" content=\"Olive Oil Shop\" \/>\n<meta property=\"article:publisher\" content=\"https:\/\/www.facebook.com\/profile.php?id=61556092580476\" \/>\n<meta property=\"article:modified_time\" content=\"2024-03-04T11:10:52+00:00\" \/>\n<meta property=\"og:image\" content=\"https:\/\/oliveoilshop.ee\/wp-content\/uploads\/2024\/03\/IMG_6088-1-768x847.jpg\" \/>\n<meta name=\"twitter:card\" content=\"summary_large_image\" \/>\n<meta name=\"twitter:label1\" content=\"Est. reading time\" \/>\n\t<meta name=\"twitter:data1\" content=\"1 min\u016bte\" \/>\n<script type=\"application\/ld+json\" class=\"yoast-schema-graph\">{\"@context\":\"https:\\\/\\\/schema.org\",\"@graph\":[{\"@type\":\"WebPage\",\"@id\":\"https:\\\/\\\/oliveoilshop.ee\\\/oliivioli-sidrunikook\\\/\",\"url\":\"https:\\\/\\\/oliveoilshop.ee\\\/oliivioli-sidrunikook\\\/\",\"name\":\"Oliivi\u00f5li-sidrunikook\",\"isPartOf\":{\"@id\":\"https:\\\/\\\/oliveoilshop.ee\\\/#website\"},\"primaryImageOfPage\":{\"@id\":\"https:\\\/\\\/oliveoilshop.ee\\\/oliivioli-sidrunikook\\\/#primaryimage\"},\"image\":{\"@id\":\"https:\\\/\\\/oliveoilshop.ee\\\/oliivioli-sidrunikook\\\/#primaryimage\"},\"thumbnailUrl\":\"https:\\\/\\\/oliveoilshop.ee\\\/wp-content\\\/uploads\\\/2024\\\/03\\\/IMG_6088-1-768x847.jpg\",\"datePublished\":\"2023-12-10T09:54:09+00:00\",\"dateModified\":\"2024-03-04T11:10:52+00:00\",\"description\":\"oliivi\u00f5li sidrunikook on v\u00e4rrske ja kevadine. Ekstra v\u00e4\u00e4risoliivi\u00f5li Early Harvest annab koogile imelise maitse ja pehme tekstuuri.\",\"breadcrumb\":{\"@id\":\"https:\\\/\\\/oliveoilshop.ee\\\/oliivioli-sidrunikook\\\/#breadcrumb\"},\"inLanguage\":\"lv-LV\",\"potentialAction\":[{\"@type\":\"ReadAction\",\"target\":[\"https:\\\/\\\/oliveoilshop.ee\\\/oliivioli-sidrunikook\\\/\"]}]},{\"@type\":\"ImageObject\",\"inLanguage\":\"lv-LV\",\"@id\":\"https:\\\/\\\/oliveoilshop.ee\\\/oliivioli-sidrunikook\\\/#primaryimage\",\"url\":\"https:\\\/\\\/oliveoilshop.ee\\\/wp-content\\\/uploads\\\/2024\\\/03\\\/IMG_6088-1-768x847.jpg\",\"contentUrl\":\"https:\\\/\\\/oliveoilshop.ee\\\/wp-content\\\/uploads\\\/2024\\\/03\\\/IMG_6088-1-768x847.jpg\"},{\"@type\":\"BreadcrumbList\",\"@id\":\"https:\\\/\\\/oliveoilshop.ee\\\/oliivioli-sidrunikook\\\/#breadcrumb\",\"itemListElement\":[{\"@type\":\"ListItem\",\"position\":1,\"name\":\"Home\",\"item\":\"https:\\\/\\\/oliveoilshop.ee\\\/\"},{\"@type\":\"ListItem\",\"position\":2,\"name\":\"Retseptid\"}]},{\"@type\":\"WebSite\",\"@id\":\"https:\\\/\\\/oliveoilshop.ee\\\/#website\",\"url\":\"https:\\\/\\\/oliveoilshop.ee\\\/\",\"name\":\"Olive Oil Shop\",\"description\":\"V&auml;rske ja kvaliteetne ekstra v&auml;&auml;risoliivi&otilde;li Kreeka v&auml;iketootjatelt\",\"publisher\":{\"@id\":\"https:\\\/\\\/oliveoilshop.ee\\\/#organization\"},\"potentialAction\":[{\"@type\":\"SearchAction\",\"target\":{\"@type\":\"EntryPoint\",\"urlTemplate\":\"https:\\\/\\\/oliveoilshop.ee\\\/?s={search_term_string}\"},\"query-input\":{\"@type\":\"PropertyValueSpecification\",\"valueRequired\":true,\"valueName\":\"search_term_string\"}}],\"inLanguage\":\"lv-LV\"},{\"@type\":\"Organization\",\"@id\":\"https:\\\/\\\/oliveoilshop.ee\\\/#organization\",\"name\":\"Olive Oil Shop\",\"url\":\"https:\\\/\\\/oliveoilshop.ee\\\/\",\"logo\":{\"@type\":\"ImageObject\",\"inLanguage\":\"lv-LV\",\"@id\":\"https:\\\/\\\/oliveoilshop.ee\\\/#\\\/schema\\\/logo\\\/image\\\/\",\"url\":\"https:\\\/\\\/oliveoilshop.ee\\\/wp-content\\\/uploads\\\/2024\\\/02\\\/Sipty-logo-12.png\",\"contentUrl\":\"https:\\\/\\\/oliveoilshop.ee\\\/wp-content\\\/uploads\\\/2024\\\/02\\\/Sipty-logo-12.png\",\"width\":500,\"height\":500,\"caption\":\"Olive Oil Shop\"},\"image\":{\"@id\":\"https:\\\/\\\/oliveoilshop.ee\\\/#\\\/schema\\\/logo\\\/image\\\/\"},\"sameAs\":[\"https:\\\/\\\/www.facebook.com\\\/profile.php?id=61556092580476\",\"https:\\\/\\\/www.instagram.com\\\/oliveoilshop.ee\"]}]}<\/script>\n<!-- \/ Yoast SEO plugin. -->","yoast_head_json":{"title":"Oliivi\u00f5li-sidrunikook","description":"oliivi\u00f5li sidrunikook on v\u00e4rrske ja kevadine. Ekstra v\u00e4\u00e4risoliivi\u00f5li Early Harvest annab koogile imelise maitse ja pehme tekstuuri.","robots":{"index":"index","follow":"follow","max-snippet":"max-snippet:-1","max-image-preview":"max-image-preview:large","max-video-preview":"max-video-preview:-1"},"canonical":"https:\/\/oliveoilshop.ee\/lv\/oliivioli-sidrunikook\/","og_locale":"lv_LV","og_type":"article","og_title":"Oliivi\u00f5li-sidrunikook","og_description":"oliivi\u00f5li sidrunikook on v\u00e4rrske ja kevadine. Ekstra v\u00e4\u00e4risoliivi\u00f5li Early Harvest annab koogile imelise maitse ja pehme tekstuuri.","og_url":"https:\/\/oliveoilshop.ee\/lv\/oliivioli-sidrunikook\/","og_site_name":"Olive Oil Shop","article_publisher":"https:\/\/www.facebook.com\/profile.php?id=61556092580476","article_modified_time":"2024-03-04T11:10:52+00:00","og_image":[{"url":"https:\/\/oliveoilshop.ee\/wp-content\/uploads\/2024\/03\/IMG_6088-1-768x847.jpg","type":"","width":"","height":""}],"twitter_card":"summary_large_image","twitter_misc":{"Est. reading time":"1 min\u016bte"},"schema":{"@context":"https:\/\/schema.org","@graph":[{"@type":"WebPage","@id":"https:\/\/oliveoilshop.ee\/oliivioli-sidrunikook\/","url":"https:\/\/oliveoilshop.ee\/oliivioli-sidrunikook\/","name":"Oliivi\u00f5li-sidrunikook","isPartOf":{"@id":"https:\/\/oliveoilshop.ee\/#website"},"primaryImageOfPage":{"@id":"https:\/\/oliveoilshop.ee\/oliivioli-sidrunikook\/#primaryimage"},"image":{"@id":"https:\/\/oliveoilshop.ee\/oliivioli-sidrunikook\/#primaryimage"},"thumbnailUrl":"https:\/\/oliveoilshop.ee\/wp-content\/uploads\/2024\/03\/IMG_6088-1-768x847.jpg","datePublished":"2023-12-10T09:54:09+00:00","dateModified":"2024-03-04T11:10:52+00:00","description":"oliivi\u00f5li sidrunikook on v\u00e4rrske ja kevadine. Ekstra v\u00e4\u00e4risoliivi\u00f5li Early Harvest annab koogile imelise maitse ja pehme tekstuuri.","breadcrumb":{"@id":"https:\/\/oliveoilshop.ee\/oliivioli-sidrunikook\/#breadcrumb"},"inLanguage":"lv-LV","potentialAction":[{"@type":"ReadAction","target":["https:\/\/oliveoilshop.ee\/oliivioli-sidrunikook\/"]}]},{"@type":"ImageObject","inLanguage":"lv-LV","@id":"https:\/\/oliveoilshop.ee\/oliivioli-sidrunikook\/#primaryimage","url":"https:\/\/oliveoilshop.ee\/wp-content\/uploads\/2024\/03\/IMG_6088-1-768x847.jpg","contentUrl":"https:\/\/oliveoilshop.ee\/wp-content\/uploads\/2024\/03\/IMG_6088-1-768x847.jpg"},{"@type":"BreadcrumbList","@id":"https:\/\/oliveoilshop.ee\/oliivioli-sidrunikook\/#breadcrumb","itemListElement":[{"@type":"ListItem","position":1,"name":"Home","item":"https:\/\/oliveoilshop.ee\/"},{"@type":"ListItem","position":2,"name":"Retseptid"}]},{"@type":"WebSite","@id":"https:\/\/oliveoilshop.ee\/#website","url":"https:\/\/oliveoilshop.ee\/","name":"Olive Oil Shop","description":"V&auml;rske ja kvaliteetne ekstra v&auml;&auml;risoliivi&otilde;li Kreeka v&auml;iketootjatelt","publisher":{"@id":"https:\/\/oliveoilshop.ee\/#organization"},"potentialAction":[{"@type":"SearchAction","target":{"@type":"EntryPoint","urlTemplate":"https:\/\/oliveoilshop.ee\/?s={search_term_string}"},"query-input":{"@type":"PropertyValueSpecification","valueRequired":true,"valueName":"search_term_string"}}],"inLanguage":"lv-LV"},{"@type":"Organization","@id":"https:\/\/oliveoilshop.ee\/#organization","name":"Olive Oil Shop","url":"https:\/\/oliveoilshop.ee\/","logo":{"@type":"ImageObject","inLanguage":"lv-LV","@id":"https:\/\/oliveoilshop.ee\/#\/schema\/logo\/image\/","url":"https:\/\/oliveoilshop.ee\/wp-content\/uploads\/2024\/02\/Sipty-logo-12.png","contentUrl":"https:\/\/oliveoilshop.ee\/wp-content\/uploads\/2024\/02\/Sipty-logo-12.png","width":500,"height":500,"caption":"Olive Oil Shop"},"image":{"@id":"https:\/\/oliveoilshop.ee\/#\/schema\/logo\/image\/"},"sameAs":["https:\/\/www.facebook.com\/profile.php?id=61556092580476","https:\/\/www.instagram.com\/oliveoilshop.ee"]}]}},"_links":{"self":[{"href":"https:\/\/oliveoilshop.ee\/lv\/wp-json\/wp\/v2\/pages\/15642","targetHints":{"allow":["GET"]}}],"collection":[{"href":"https:\/\/oliveoilshop.ee\/lv\/wp-json\/wp\/v2\/pages"}],"about":[{"href":"https:\/\/oliveoilshop.ee\/lv\/wp-json\/wp\/v2\/types\/page"}],"author":[{"embeddable":true,"href":"https:\/\/oliveoilshop.ee\/lv\/wp-json\/wp\/v2\/users\/1"}],"replies":[{"embeddable":true,"href":"https:\/\/oliveoilshop.ee\/lv\/wp-json\/wp\/v2\/comments?post=15642"}],"version-history":[{"count":140,"href":"https:\/\/oliveoilshop.ee\/lv\/wp-json\/wp\/v2\/pages\/15642\/revisions"}],"predecessor-version":[{"id":17301,"href":"https:\/\/oliveoilshop.ee\/lv\/wp-json\/wp\/v2\/pages\/15642\/revisions\/17301"}],"wp:attachment":[{"href":"https:\/\/oliveoilshop.ee\/lv\/wp-json\/wp\/v2\/media?parent=15642"}],"curies":[{"name":"wp","href":"https:\/\/api.w.org\/{rel}","templated":true}]}}