{"id":18400,"date":"2026-04-01T11:09:55","date_gmt":"2026-04-01T11:09:55","guid":{"rendered":"https:\/\/oliveoilshop.ee\/?post_type=product&#038;p=18400"},"modified":"2026-04-05T18:15:20","modified_gmt":"2026-04-05T18:15:20","slug":"ekstra-vaarisoliivioli-bio-5l","status":"publish","type":"product","link":"https:\/\/oliveoilshop.ee\/en\/product\/ekstra-vaarisoliivioli-bio-5l\/","title":{"rendered":"Extra virgin olive oil organic 5L"},"content":{"rendered":"<p><strong>Why olive oil?<\/strong><\/p>\n<p>Natural and fresh olive oil has provided the inhabitants of the Mediterranean region with health and longevity for centuries. Its biological and nutritional value is extremely important. Olive oil is among the 10 most beneficial foods. Extra virgin olive oil is the highest quality olive oil.<\/p>\n<p><strong>Olive oil in Mediterranean cuisine<\/strong><\/p>\n<p>Olive oil is central to Mediterranean cuisine. Approximately 2-4 tablespoons of olive oil are used daily in cooking.<\/p>\n<p>Olive oil is suitable for use in salads, cooking, and frying, bringing out flavours and aromas more.<\/p>\n<p>Olive oil also has the ability to keep fish, meat and vegetables tender when roasted. In desserts, the oil keeps cakes moist and gives biscuits a wonderfully crispy texture. Olive oil is suitable for use in salads with lemon juice or vinegar. Bread can also be dipped in olive oil, as is done in Mediterranean countries.<\/p>\n<p><strong>Olive oil and frying<\/strong><\/p>\n<p>According to an old belief, extra virgin olive oil is not suitable for frying because it does not tolerate high temperatures well. However, this belief is untrue.<\/p>\n<p>Thanks to its natural abundance of monounsaturated fatty acids, extra virgin olive oil can withstand high temperatures better than many other oils. Studies have shown that olive oil does not soak into food during frying, but remains on its surface, while all other fats soak completely into the food. Oleic acid also does not change as a result of heating.<\/p>\n<p>We can also claim that Greek gastronomy revolves around a giant frying pan, as frying is one of the oldest Mediterranean cooking methods.<\/p>\n<p><strong>Kanakis Family Company<\/strong><\/p>\n<p>With only love and respect for their region and especially the sacred olive tree, Elias Kanakis and Stavroula Trifyli founded a family business in 1999, which is dedicated to the cultivation of olive trees, the production of extra virgin olive oil, and its export.<span class=\"Apple-converted-space\">\u00a0<\/span><\/p>\n<p>Harnessing the unique soil and climate conditions of the Papulia Pylias region, combining environmentally friendly cultivation and harvesting practices, and continuous certification controls, the Kanakis family business is now among the leaders in its field, exporting its products to more than 30 countries.<\/p>\n<p>Kanakis' family operates with a vision that every person on the planet should taste at least one drop of olive oil and learn about its beneficial properties.<\/p>","protected":false},"excerpt":{"rendered":"<p>\u20ac15.00\/l<\/p>\n<p>Kanakise family's organic cold-pressed extra virgin olive oil from the 2025\/2026 harvest season.<\/p>\n<p>Canister filled 09.03.2026. Last use by 09.09.2027.<\/p>\n<div class=\"page\" title=\"Page 1\">\n<div class=\"layoutArea\">\n<div class=\"column\">\n<p>Koroneiki Olive Variety. Acidity 0.1\u20130.5%%.<\/p>\n<p>The olive groves are located on the Peloponnese peninsula in the Pappoulia region of Pylos.<\/p>\n<p>Nutritional information per 100ml. Energy 3460kj\/827kcal. Fats 95g, of which saturated fatty acids 14g, monounsaturated fatty acids 74g, polyunsaturated fatty acids 7g. Carbohydrates 0g, of which sugars 0g. Protein 0g. Sodium 0g. Acidity 0.1-0.5%. Producer Kanakis Ilias Partnership, Papulia Messinia, Peloponnese 24001, Greece.<\/p>\n<p>&nbsp;<\/p>\n<\/div>\n<\/div>\n<\/div>\n<h5><b>\u00a0\u00a0<\/b><\/h5>","protected":false},"featured_media":18401,"comment_status":"open","ping_status":"closed","template":"","meta":{"om_disable_all_campaigns":false},"product_brand":[],"product_cat":[70],"product_tag":[],"class_list":{"0":"post-18400","1":"product","2":"type-product","3":"status-publish","4":"has-post-thumbnail","6":"product_cat-olive-oil","8":"first","9":"instock","10":"shipping-taxable","11":"purchasable","12":"product-type-simple"},"yoast_head":"<!-- This site is optimized with the Yoast SEO plugin v27.4 - https:\/\/yoast.com\/product\/yoast-seo-wordpress\/ -->\n<title>Ekstra v\u00e4\u00e4risoliivi\u00f5li bio 5L - Olive Oil Shop<\/title>\n<meta name=\"description\" content=\"Ekstra v\u00e4\u00e4risoliivi\u00f5li bio 5l. Kreeka 100% extra virgin oliiv\u00f5li. V\u00e4rske ja kvaliteetne. Saadud esimesel k\u00fclmpressimisel.\" \/>\n<meta name=\"robots\" content=\"index, follow, max-snippet:-1, max-image-preview:large, max-video-preview:-1\" \/>\n<link rel=\"canonical\" href=\"https:\/\/oliveoilshop.ee\/en\/product\/ekstra-vaarisoliivioli-bio-5l\/\" \/>\n<meta property=\"og:locale\" content=\"en_GB\" \/>\n<meta property=\"og:type\" content=\"article\" \/>\n<meta property=\"og:title\" content=\"Ekstra v\u00e4\u00e4risoliivi\u00f5li bio 5L - Olive Oil Shop\" \/>\n<meta property=\"og:description\" content=\"Ekstra v\u00e4\u00e4risoliivi\u00f5li bio 5l. Kreeka 100% extra virgin oliiv\u00f5li. V\u00e4rske ja kvaliteetne. Saadud esimesel k\u00fclmpressimisel.\" \/>\n<meta property=\"og:url\" content=\"https:\/\/oliveoilshop.ee\/en\/product\/ekstra-vaarisoliivioli-bio-5l\/\" \/>\n<meta property=\"og:site_name\" content=\"Olive Oil Shop\" \/>\n<meta property=\"article:publisher\" content=\"https:\/\/www.facebook.com\/profile.php?id=61556092580476\" \/>\n<meta property=\"article:modified_time\" content=\"2026-04-05T18:15:20+00:00\" \/>\n<meta property=\"og:image\" content=\"https:\/\/oliveoilshop.ee\/wp-content\/uploads\/2026\/04\/3M4A1909_2_1-scaled.jpg\" \/>\n\t<meta property=\"og:image:width\" content=\"1707\" \/>\n\t<meta property=\"og:image:height\" content=\"2560\" \/>\n\t<meta property=\"og:image:type\" content=\"image\/jpeg\" \/>\n<meta name=\"twitter:card\" content=\"summary_large_image\" \/>\n<meta name=\"twitter:label1\" content=\"Estimated reading time\" \/>\n\t<meta name=\"twitter:data1\" content=\"2 minutes\" \/>\n<script type=\"application\/ld+json\" class=\"yoast-schema-graph\">{\"@context\":\"https:\\\/\\\/schema.org\",\"@graph\":[{\"@type\":\"WebPage\",\"@id\":\"https:\\\/\\\/oliveoilshop.ee\\\/toode\\\/ekstra-vaarisoliivioli-bio-5l\\\/\",\"url\":\"https:\\\/\\\/oliveoilshop.ee\\\/toode\\\/ekstra-vaarisoliivioli-bio-5l\\\/\",\"name\":\"Ekstra v\u00e4\u00e4risoliivi\u00f5li bio 5L - Olive Oil Shop\",\"isPartOf\":{\"@id\":\"https:\\\/\\\/oliveoilshop.ee\\\/#website\"},\"primaryImageOfPage\":{\"@id\":\"https:\\\/\\\/oliveoilshop.ee\\\/toode\\\/ekstra-vaarisoliivioli-bio-5l\\\/#primaryimage\"},\"image\":{\"@id\":\"https:\\\/\\\/oliveoilshop.ee\\\/toode\\\/ekstra-vaarisoliivioli-bio-5l\\\/#primaryimage\"},\"thumbnailUrl\":\"https:\\\/\\\/oliveoilshop.ee\\\/wp-content\\\/uploads\\\/2026\\\/04\\\/3M4A1909_2_1-scaled.jpg\",\"datePublished\":\"2026-04-01T11:09:55+00:00\",\"dateModified\":\"2026-04-05T18:15:20+00:00\",\"description\":\"Ekstra v\u00e4\u00e4risoliivi\u00f5li bio 5l. Kreeka 100% extra virgin oliiv\u00f5li. V\u00e4rske ja kvaliteetne. Saadud esimesel k\u00fclmpressimisel.\",\"breadcrumb\":{\"@id\":\"https:\\\/\\\/oliveoilshop.ee\\\/toode\\\/ekstra-vaarisoliivioli-bio-5l\\\/#breadcrumb\"},\"inLanguage\":\"en-GB\",\"potentialAction\":[{\"@type\":\"ReadAction\",\"target\":[\"https:\\\/\\\/oliveoilshop.ee\\\/toode\\\/ekstra-vaarisoliivioli-bio-5l\\\/\"]}]},{\"@type\":\"ImageObject\",\"inLanguage\":\"en-GB\",\"@id\":\"https:\\\/\\\/oliveoilshop.ee\\\/toode\\\/ekstra-vaarisoliivioli-bio-5l\\\/#primaryimage\",\"url\":\"https:\\\/\\\/oliveoilshop.ee\\\/wp-content\\\/uploads\\\/2026\\\/04\\\/3M4A1909_2_1-scaled.jpg\",\"contentUrl\":\"https:\\\/\\\/oliveoilshop.ee\\\/wp-content\\\/uploads\\\/2026\\\/04\\\/3M4A1909_2_1-scaled.jpg\",\"width\":1707,\"height\":2560},{\"@type\":\"BreadcrumbList\",\"@id\":\"https:\\\/\\\/oliveoilshop.ee\\\/toode\\\/ekstra-vaarisoliivioli-bio-5l\\\/#breadcrumb\",\"itemListElement\":[{\"@type\":\"ListItem\",\"position\":1,\"name\":\"Home\",\"item\":\"https:\\\/\\\/oliveoilshop.ee\\\/\"},{\"@type\":\"ListItem\",\"position\":2,\"name\":\"Pood\",\"item\":\"https:\\\/\\\/oliveoilshop.ee\\\/pood\\\/\"},{\"@type\":\"ListItem\",\"position\":3,\"name\":\"Ekstra v\u00e4\u00e4risoliivi\u00f5li bio 5L\"}]},{\"@type\":\"WebSite\",\"@id\":\"https:\\\/\\\/oliveoilshop.ee\\\/#website\",\"url\":\"https:\\\/\\\/oliveoilshop.ee\\\/\",\"name\":\"Olive Oil Shop\",\"description\":\"V&auml;rske ja kvaliteetne ekstra v&auml;&auml;risoliivi&otilde;li Kreeka v&auml;iketootjatelt\",\"publisher\":{\"@id\":\"https:\\\/\\\/oliveoilshop.ee\\\/#organization\"},\"potentialAction\":[{\"@type\":\"SearchAction\",\"target\":{\"@type\":\"EntryPoint\",\"urlTemplate\":\"https:\\\/\\\/oliveoilshop.ee\\\/?s={search_term_string}\"},\"query-input\":{\"@type\":\"PropertyValueSpecification\",\"valueRequired\":true,\"valueName\":\"search_term_string\"}}],\"inLanguage\":\"en-GB\"},{\"@type\":\"Organization\",\"@id\":\"https:\\\/\\\/oliveoilshop.ee\\\/#organization\",\"name\":\"Olive Oil Shop\",\"url\":\"https:\\\/\\\/oliveoilshop.ee\\\/\",\"logo\":{\"@type\":\"ImageObject\",\"inLanguage\":\"en-GB\",\"@id\":\"https:\\\/\\\/oliveoilshop.ee\\\/#\\\/schema\\\/logo\\\/image\\\/\",\"url\":\"https:\\\/\\\/oliveoilshop.ee\\\/wp-content\\\/uploads\\\/2024\\\/02\\\/Sipty-logo-12.png\",\"contentUrl\":\"https:\\\/\\\/oliveoilshop.ee\\\/wp-content\\\/uploads\\\/2024\\\/02\\\/Sipty-logo-12.png\",\"width\":500,\"height\":500,\"caption\":\"Olive Oil Shop\"},\"image\":{\"@id\":\"https:\\\/\\\/oliveoilshop.ee\\\/#\\\/schema\\\/logo\\\/image\\\/\"},\"sameAs\":[\"https:\\\/\\\/www.facebook.com\\\/profile.php?id=61556092580476\",\"https:\\\/\\\/www.instagram.com\\\/oliveoilshop.ee\"]}]}<\/script>\n<!-- \/ Yoast SEO plugin. -->","yoast_head_json":{"title":"Ekstra v\u00e4\u00e4risoliivi\u00f5li bio 5L - Olive Oil Shop","description":"Ekstra v\u00e4\u00e4risoliivi\u00f5li bio 5l. Kreeka 100% extra virgin oliiv\u00f5li. V\u00e4rske ja kvaliteetne. Saadud esimesel k\u00fclmpressimisel.","robots":{"index":"index","follow":"follow","max-snippet":"max-snippet:-1","max-image-preview":"max-image-preview:large","max-video-preview":"max-video-preview:-1"},"canonical":"https:\/\/oliveoilshop.ee\/en\/product\/ekstra-vaarisoliivioli-bio-5l\/","og_locale":"en_GB","og_type":"article","og_title":"Ekstra v\u00e4\u00e4risoliivi\u00f5li bio 5L - Olive Oil Shop","og_description":"Ekstra v\u00e4\u00e4risoliivi\u00f5li bio 5l. Kreeka 100% extra virgin oliiv\u00f5li. V\u00e4rske ja kvaliteetne. Saadud esimesel k\u00fclmpressimisel.","og_url":"https:\/\/oliveoilshop.ee\/en\/product\/ekstra-vaarisoliivioli-bio-5l\/","og_site_name":"Olive Oil Shop","article_publisher":"https:\/\/www.facebook.com\/profile.php?id=61556092580476","article_modified_time":"2026-04-05T18:15:20+00:00","og_image":[{"width":1707,"height":2560,"url":"https:\/\/oliveoilshop.ee\/wp-content\/uploads\/2026\/04\/3M4A1909_2_1-scaled.jpg","type":"image\/jpeg"}],"twitter_card":"summary_large_image","twitter_misc":{"Estimated reading time":"2 minutes"},"schema":{"@context":"https:\/\/schema.org","@graph":[{"@type":"WebPage","@id":"https:\/\/oliveoilshop.ee\/toode\/ekstra-vaarisoliivioli-bio-5l\/","url":"https:\/\/oliveoilshop.ee\/toode\/ekstra-vaarisoliivioli-bio-5l\/","name":"Ekstra v\u00e4\u00e4risoliivi\u00f5li bio 5L - Olive Oil Shop","isPartOf":{"@id":"https:\/\/oliveoilshop.ee\/#website"},"primaryImageOfPage":{"@id":"https:\/\/oliveoilshop.ee\/toode\/ekstra-vaarisoliivioli-bio-5l\/#primaryimage"},"image":{"@id":"https:\/\/oliveoilshop.ee\/toode\/ekstra-vaarisoliivioli-bio-5l\/#primaryimage"},"thumbnailUrl":"https:\/\/oliveoilshop.ee\/wp-content\/uploads\/2026\/04\/3M4A1909_2_1-scaled.jpg","datePublished":"2026-04-01T11:09:55+00:00","dateModified":"2026-04-05T18:15:20+00:00","description":"Ekstra v\u00e4\u00e4risoliivi\u00f5li bio 5l. Kreeka 100% extra virgin oliiv\u00f5li. V\u00e4rske ja kvaliteetne. Saadud esimesel k\u00fclmpressimisel.","breadcrumb":{"@id":"https:\/\/oliveoilshop.ee\/toode\/ekstra-vaarisoliivioli-bio-5l\/#breadcrumb"},"inLanguage":"en-GB","potentialAction":[{"@type":"ReadAction","target":["https:\/\/oliveoilshop.ee\/toode\/ekstra-vaarisoliivioli-bio-5l\/"]}]},{"@type":"ImageObject","inLanguage":"en-GB","@id":"https:\/\/oliveoilshop.ee\/toode\/ekstra-vaarisoliivioli-bio-5l\/#primaryimage","url":"https:\/\/oliveoilshop.ee\/wp-content\/uploads\/2026\/04\/3M4A1909_2_1-scaled.jpg","contentUrl":"https:\/\/oliveoilshop.ee\/wp-content\/uploads\/2026\/04\/3M4A1909_2_1-scaled.jpg","width":1707,"height":2560},{"@type":"BreadcrumbList","@id":"https:\/\/oliveoilshop.ee\/toode\/ekstra-vaarisoliivioli-bio-5l\/#breadcrumb","itemListElement":[{"@type":"ListItem","position":1,"name":"Home","item":"https:\/\/oliveoilshop.ee\/"},{"@type":"ListItem","position":2,"name":"Pood","item":"https:\/\/oliveoilshop.ee\/pood\/"},{"@type":"ListItem","position":3,"name":"Ekstra v\u00e4\u00e4risoliivi\u00f5li bio 5L"}]},{"@type":"WebSite","@id":"https:\/\/oliveoilshop.ee\/#website","url":"https:\/\/oliveoilshop.ee\/","name":"Olive Oil Shop","description":"V&auml;rske ja kvaliteetne ekstra v&auml;&auml;risoliivi&otilde;li Kreeka v&auml;iketootjatelt","publisher":{"@id":"https:\/\/oliveoilshop.ee\/#organization"},"potentialAction":[{"@type":"SearchAction","target":{"@type":"EntryPoint","urlTemplate":"https:\/\/oliveoilshop.ee\/?s={search_term_string}"},"query-input":{"@type":"PropertyValueSpecification","valueRequired":true,"valueName":"search_term_string"}}],"inLanguage":"en-GB"},{"@type":"Organization","@id":"https:\/\/oliveoilshop.ee\/#organization","name":"Olive Oil Shop","url":"https:\/\/oliveoilshop.ee\/","logo":{"@type":"ImageObject","inLanguage":"en-GB","@id":"https:\/\/oliveoilshop.ee\/#\/schema\/logo\/image\/","url":"https:\/\/oliveoilshop.ee\/wp-content\/uploads\/2024\/02\/Sipty-logo-12.png","contentUrl":"https:\/\/oliveoilshop.ee\/wp-content\/uploads\/2024\/02\/Sipty-logo-12.png","width":500,"height":500,"caption":"Olive Oil Shop"},"image":{"@id":"https:\/\/oliveoilshop.ee\/#\/schema\/logo\/image\/"},"sameAs":["https:\/\/www.facebook.com\/profile.php?id=61556092580476","https:\/\/www.instagram.com\/oliveoilshop.ee"]}]}},"_links":{"self":[{"href":"https:\/\/oliveoilshop.ee\/en\/wp-json\/wp\/v2\/product\/18400","targetHints":{"allow":["GET"]}}],"collection":[{"href":"https:\/\/oliveoilshop.ee\/en\/wp-json\/wp\/v2\/product"}],"about":[{"href":"https:\/\/oliveoilshop.ee\/en\/wp-json\/wp\/v2\/types\/product"}],"replies":[{"embeddable":true,"href":"https:\/\/oliveoilshop.ee\/en\/wp-json\/wp\/v2\/comments?post=18400"}],"version-history":[{"count":7,"href":"https:\/\/oliveoilshop.ee\/en\/wp-json\/wp\/v2\/product\/18400\/revisions"}],"predecessor-version":[{"id":18435,"href":"https:\/\/oliveoilshop.ee\/en\/wp-json\/wp\/v2\/product\/18400\/revisions\/18435"}],"wp:featuredmedia":[{"embeddable":true,"href":"https:\/\/oliveoilshop.ee\/en\/wp-json\/wp\/v2\/media\/18401"}],"wp:attachment":[{"href":"https:\/\/oliveoilshop.ee\/en\/wp-json\/wp\/v2\/media?parent=18400"}],"wp:term":[{"taxonomy":"product_brand","embeddable":true,"href":"https:\/\/oliveoilshop.ee\/en\/wp-json\/wp\/v2\/product_brand?post=18400"},{"taxonomy":"product_cat","embeddable":true,"href":"https:\/\/oliveoilshop.ee\/en\/wp-json\/wp\/v2\/product_cat?post=18400"},{"taxonomy":"product_tag","embeddable":true,"href":"https:\/\/oliveoilshop.ee\/en\/wp-json\/wp\/v2\/product_tag?post=18400"}],"curies":[{"name":"wp","href":"https:\/\/api.w.org\/{rel}","templated":true}]}}