{"id":17864,"date":"2025-07-01T11:09:46","date_gmt":"2025-07-01T11:09:46","guid":{"rendered":"https:\/\/oliveoilshop.ee\/?post_type=product&#038;p=17864"},"modified":"2026-05-04T08:41:33","modified_gmt":"2026-05-04T08:41:33","slug":"ekstra-vaarisoliivioli-early-harvest","status":"publish","type":"product","link":"https:\/\/oliveoilshop.ee\/en\/product\/ekstra-vaarisoliivioli-early-harvest\/","title":{"rendered":"Ekstra V\u00e4\u00e4risoliivi\u00f5li Early Harvest 2x5L"},"content":{"rendered":"<p class=\"cvGsUA direction-ltr align-justify para-style-body\"><span class=\"OYPEnA font-feature-liga-off font-feature-clig-off font-feature-calt-off text-decoration-none text-strikethrough-none\"><strong>Extra virgin olive oil Early Harvest<\/strong> This early harvest extra virgin olive oil comes from the northernmost island of the Aegean Sea, Thassos. The oil smells like freshly cut grass and is made from green olives picked when semi-ripe.<\/span><\/p>\n<p class=\"cvGsUA direction-ltr align-justify para-style-body\"><span class=\"OYPEnA font-feature-liga-off font-feature-clig-off font-feature-calt-off text-decoration-none text-strikethrough-none\">During harvest, the oil is green. A couple of months after harvest, the leaf-green colour decomposes and with it, the green colour of the oil turns yellow, while other characteristics of early harvest remain. Early harvest oil can only be obtained at the beginning of the harvest season (mid-October to mid-November) and it contains <strong>more polyphenols<\/strong> When classic extra virgin olive oil. These are substances that the olive tree produces for \u201cself-protection\u201d and which give olive oil its special flavour.<\/span><\/p>\n<p class=\"cvGsUA direction-ltr align-justify para-style-body\"><span class=\"OYPEnA font-feature-liga-off font-feature-clig-off font-feature-calt-off text-decoration-none text-strikethrough-none\">The good taste of olive oil is even defined in El's olive oil legislation. Raw or unheated olive oil must have the following characteristics:<\/span><\/p>\n<ul>\n<li><span class=\"OYPEnA font-feature-liga-off font-feature-clig-off font-feature-calt-off text-decoration-none text-strikethrough-none\">kibedus<\/span><\/li>\n<li><span class=\"OYPEnA font-feature-liga-off font-feature-clig-off font-feature-calt-off text-decoration-none text-strikethrough-none\">Olive berry flavour<\/span><\/li>\n<li><span class=\"OYPEnA font-feature-liga-off font-feature-clig-off font-feature-calt-off text-decoration-none text-strikethrough-none\">the scent of freshly cut grass<\/span><\/li>\n<li><span class=\"OYPEnA font-feature-liga-off font-feature-clig-off font-feature-calt-off text-decoration-none text-strikethrough-none\">The oil must be causing irritation\/coughing in the throat. This indicates that<\/span><span class=\"OYPEnA font-feature-liga-off font-feature-clig-off font-feature-calt-off text-decoration-none text-strikethrough-none white-space-prewrap\">\u00a0<\/span><span class=\"OYPEnA font-feature-liga-off font-feature-clig-off font-feature-calt-off text-decoration-none text-strikethrough-none\">in oil<\/span><span class=\"OYPEnA font-feature-liga-off font-feature-clig-off font-feature-calt-off text-decoration-none text-strikethrough-none white-space-prewrap\">\u00a0<\/span><span class=\"OYPEnA font-feature-liga-off font-feature-clig-off font-feature-calt-off text-decoration-none text-strikethrough-none\">Oleocanthal.<\/span><\/li>\n<\/ul>\n<p class=\"cvGsUA direction-ltr align-justify para-style-body\"><span class=\"OYPEnA font-feature-liga-off font-feature-clig-off font-feature-calt-off text-decoration-none text-strikethrough-none\">If all of the above properties are present in the oil, then the oil is of extra virgin olive oil quality. You can also determine for yourself whether the oil is of good quality by tasting it.<\/span><\/p>\n<p class=\"cvGsUA direction-ltr align-justify para-style-body\"><span class=\"OYPEnA font-feature-liga-off font-feature-clig-off font-feature-calt-off text-decoration-none text-strikethrough-none\">Early Harvest contains a large amount of a polyphenol called <strong>Oleotsiin<\/strong>, is a strong antioxidant, and <strong>Oleocanthal<\/strong>, which, similar to ibuprofen, helps to reduce inflammation in the body. These two compounds are extremely important for human health, vitality, and longevity. Oleacein can be perceived on the tongue as a pleasant bitter taste, and oleocanthal is felt as a mild stinging sensation at the back of the throat after swallowing.<\/span><\/p>\n<p class=\"cvGsUA direction-ltr align-justify para-style-body\"><span class=\"OYPEnA font-feature-liga-off font-feature-clig-off font-feature-calt-off text-decoration-none text-strikethrough-none\"><strong>Usage\u00a0<\/strong>Early harvest is suitable for preparing all kinds of food \u2013 for frying, baking, stewing, mixing into salads, and for preserves. Early harvest is particularly well-suited for preparing vegetable dishes. The polyphenols in vegetables and olive oil create an excellent flavour combination in dishes.<\/span><\/p>\n<p class=\"cvGsUA direction-ltr align-justify para-style-body\"><span class=\"OYPEnA font-feature-liga-off font-feature-clig-off font-feature-calt-off text-decoration-none text-strikethrough-none\">The oil's smoke point is between 190-205 \u00b0C, which is suitable for most cooking methods, including frying and baking. Heating does not significantly reduce the polyphenol content, and the most important polyphenol, oleocanthal, remains almost intact.<\/span><\/p>\n<p><strong>Olive variety<\/strong>\u00a0Throumba<\/p>\n<p><strong>Region<\/strong>\u00a0Thassos island<\/p>\n<p>Thassos extra virgin olive oil's flavour and colour differ significantly from Cretan oils. Due to the olive variety, Thassos oil's colour is more of a golden yellow.<\/p>\n<p><strong>Ingredients\u00a0<\/strong>Premium quality extra virgin olive oil.<\/p>\n<p><strong>Nutritional information:<\/strong>\u00a0100 ml of the product contains on average: 3389 kJ\/824 kcal, fats 91.6 g (of which saturates 12.8 g), carbohydrates 0 g (of which sugars 0 g), proteins 0 g, salt 0 g.<\/p>\n<p>Also available in a 750ml bottle <strong><a href=\"https:\/\/oliveoilshop.ee\/en\/product\/early-harvest-extra-virgin-olive-oil-1000ml\/\">BUY HERE\u00a0<\/a><\/strong><\/p>","protected":false},"excerpt":{"rendered":"<p>15,50\u20ac\/l<\/p>\n<p><span style=\"color: #ff0000;\"><strong class=\"Yjhzub\" data-sfc-root=\"c\" data-sfc-cb=\"\" data-complete=\"true\" data-processed=\"true\" data-copy-service-computed-style=\"font-family: &quot;Google Sans&quot;, Arial, sans-serif; font-size: 16px; font-weight: 600; margin: 0px; text-decoration: none; border-bottom: 0px rgb(10, 10, 10);\">ESIMENE UUE HOOAJA 2025\/2026 EARLY HARVEST KOOREM V\u00c4LJUB THASSOSELT 14.05.26 NING J\u00d5UAB MEIE LATTU HILJEMALT 29.05.26. EELTELLIMUSI ON V\u00d5IMALIK TEHA ALATES 04.05.26.<\/strong><\/span><\/p>\n<p>V\u00e4rske ja kvaliteetne esimesel k\u00fclmpressimisel saadud varajase korje ekstra v\u00e4\u00e4risoliivi\u00f5li Kreekast Thassose saarelt. Valmistatud 2025\/2026 aasta saagist.<\/p>\n<p>Viimane kasutusp\u00e4ev 30.09.2028.<\/p>\n<p>The taste is more intense, stronger and slightly sharper compared to classic extra virgin olive oil. With a particularly intense fruity aroma and golden-yellow colour.<\/p>\n<p><strong>Usage<\/strong>\u00a0Suitable for use in salads, cooking, and frying, providing food with excellent flavour.<\/p>\n<p>Extra virgin olive oil from early harvest cannot be found in grocery stores!<\/p>","protected":false},"featured_media":17865,"comment_status":"open","ping_status":"closed","template":"","meta":{"om_disable_all_campaigns":false},"product_brand":[],"product_cat":[70],"product_tag":[],"class_list":{"0":"post-17864","1":"product","2":"type-product","3":"status-publish","4":"has-post-thumbnail","6":"product_cat-olive-oil","8":"first","9":"instock","10":"shipping-taxable","11":"purchasable","12":"product-type-simple"},"yoast_head":"<!-- This site is optimized with the Yoast SEO plugin v27.5 - https:\/\/yoast.com\/product\/yoast-seo-wordpress\/ -->\n<title>Ekstra V\u00e4\u00e4risoliivi\u00f5li Early Harvest 2x5L - Olive Oil Shop<\/title>\n<meta name=\"description\" content=\"Ekstra v\u00e4\u00e4risoliivi\u00f5li Early Harvest. Kreeka 100% extra virgin oliiv\u00f5li. V\u00e4rske ja kvaliteetne. Saadud esimesel k\u00fclmpressimisel. 2024\/2025 aasta saagist.\" \/>\n<meta name=\"robots\" content=\"index, follow, max-snippet:-1, max-image-preview:large, max-video-preview:-1\" \/>\n<link rel=\"canonical\" href=\"https:\/\/oliveoilshop.ee\/en\/product\/ekstra-vaarisoliivioli-early-harvest\/\" \/>\n<meta property=\"og:locale\" content=\"en_GB\" \/>\n<meta property=\"og:type\" content=\"article\" \/>\n<meta property=\"og:title\" content=\"Ekstra V\u00e4\u00e4risoliivi\u00f5li Early Harvest 2x5L - Olive Oil Shop\" \/>\n<meta property=\"og:description\" content=\"Ekstra v\u00e4\u00e4risoliivi\u00f5li Early Harvest. Kreeka 100% extra virgin oliiv\u00f5li. V\u00e4rske ja kvaliteetne. Saadud esimesel k\u00fclmpressimisel. 2024\/2025 aasta saagist.\" \/>\n<meta property=\"og:url\" content=\"https:\/\/oliveoilshop.ee\/en\/product\/ekstra-vaarisoliivioli-early-harvest\/\" \/>\n<meta property=\"og:site_name\" content=\"Olive Oil Shop\" \/>\n<meta property=\"article:publisher\" content=\"https:\/\/www.facebook.com\/profile.php?id=61556092580476\" \/>\n<meta property=\"article:modified_time\" content=\"2026-05-04T08:41:33+00:00\" \/>\n<meta property=\"og:image\" content=\"https:\/\/oliveoilshop.ee\/wp-content\/uploads\/2025\/07\/7.png\" \/>\n\t<meta property=\"og:image:width\" content=\"1587\" \/>\n\t<meta property=\"og:image:height\" content=\"2245\" \/>\n\t<meta property=\"og:image:type\" content=\"image\/png\" \/>\n<meta name=\"twitter:card\" content=\"summary_large_image\" \/>\n<meta name=\"twitter:label1\" content=\"Estimated reading time\" \/>\n\t<meta name=\"twitter:data1\" content=\"2 minutes\" \/>\n<script type=\"application\/ld+json\" class=\"yoast-schema-graph\">{\"@context\":\"https:\\\/\\\/schema.org\",\"@graph\":[{\"@type\":\"WebPage\",\"@id\":\"https:\\\/\\\/oliveoilshop.ee\\\/toode\\\/ekstra-vaarisoliivioli-early-harvest\\\/\",\"url\":\"https:\\\/\\\/oliveoilshop.ee\\\/toode\\\/ekstra-vaarisoliivioli-early-harvest\\\/\",\"name\":\"Ekstra V\u00e4\u00e4risoliivi\u00f5li Early Harvest 2x5L - Olive Oil Shop\",\"isPartOf\":{\"@id\":\"https:\\\/\\\/oliveoilshop.ee\\\/#website\"},\"primaryImageOfPage\":{\"@id\":\"https:\\\/\\\/oliveoilshop.ee\\\/toode\\\/ekstra-vaarisoliivioli-early-harvest\\\/#primaryimage\"},\"image\":{\"@id\":\"https:\\\/\\\/oliveoilshop.ee\\\/toode\\\/ekstra-vaarisoliivioli-early-harvest\\\/#primaryimage\"},\"thumbnailUrl\":\"https:\\\/\\\/oliveoilshop.ee\\\/wp-content\\\/uploads\\\/2025\\\/07\\\/7.png\",\"datePublished\":\"2025-07-01T11:09:46+00:00\",\"dateModified\":\"2026-05-04T08:41:33+00:00\",\"description\":\"Ekstra v\u00e4\u00e4risoliivi\u00f5li Early Harvest. Kreeka 100% extra virgin oliiv\u00f5li. V\u00e4rske ja kvaliteetne. Saadud esimesel k\u00fclmpressimisel. 2024\\\/2025 aasta saagist.\",\"breadcrumb\":{\"@id\":\"https:\\\/\\\/oliveoilshop.ee\\\/toode\\\/ekstra-vaarisoliivioli-early-harvest\\\/#breadcrumb\"},\"inLanguage\":\"en-GB\",\"potentialAction\":[{\"@type\":\"ReadAction\",\"target\":[\"https:\\\/\\\/oliveoilshop.ee\\\/toode\\\/ekstra-vaarisoliivioli-early-harvest\\\/\"]}]},{\"@type\":\"ImageObject\",\"inLanguage\":\"en-GB\",\"@id\":\"https:\\\/\\\/oliveoilshop.ee\\\/toode\\\/ekstra-vaarisoliivioli-early-harvest\\\/#primaryimage\",\"url\":\"https:\\\/\\\/oliveoilshop.ee\\\/wp-content\\\/uploads\\\/2025\\\/07\\\/7.png\",\"contentUrl\":\"https:\\\/\\\/oliveoilshop.ee\\\/wp-content\\\/uploads\\\/2025\\\/07\\\/7.png\",\"width\":1587,\"height\":2245},{\"@type\":\"BreadcrumbList\",\"@id\":\"https:\\\/\\\/oliveoilshop.ee\\\/toode\\\/ekstra-vaarisoliivioli-early-harvest\\\/#breadcrumb\",\"itemListElement\":[{\"@type\":\"ListItem\",\"position\":1,\"name\":\"Home\",\"item\":\"https:\\\/\\\/oliveoilshop.ee\\\/\"},{\"@type\":\"ListItem\",\"position\":2,\"name\":\"Pood\",\"item\":\"https:\\\/\\\/oliveoilshop.ee\\\/pood\\\/\"},{\"@type\":\"ListItem\",\"position\":3,\"name\":\"Ekstra V\u00e4\u00e4risoliivi\u00f5li Early Harvest 2x5L\"}]},{\"@type\":\"WebSite\",\"@id\":\"https:\\\/\\\/oliveoilshop.ee\\\/#website\",\"url\":\"https:\\\/\\\/oliveoilshop.ee\\\/\",\"name\":\"Olive Oil Shop\",\"description\":\"V&auml;rske ja kvaliteetne ekstra v&auml;&auml;risoliivi&otilde;li Kreeka v&auml;iketootjatelt\",\"publisher\":{\"@id\":\"https:\\\/\\\/oliveoilshop.ee\\\/#organization\"},\"potentialAction\":[{\"@type\":\"SearchAction\",\"target\":{\"@type\":\"EntryPoint\",\"urlTemplate\":\"https:\\\/\\\/oliveoilshop.ee\\\/?s={search_term_string}\"},\"query-input\":{\"@type\":\"PropertyValueSpecification\",\"valueRequired\":true,\"valueName\":\"search_term_string\"}}],\"inLanguage\":\"en-GB\"},{\"@type\":\"Organization\",\"@id\":\"https:\\\/\\\/oliveoilshop.ee\\\/#organization\",\"name\":\"Olive Oil Shop\",\"url\":\"https:\\\/\\\/oliveoilshop.ee\\\/\",\"logo\":{\"@type\":\"ImageObject\",\"inLanguage\":\"en-GB\",\"@id\":\"https:\\\/\\\/oliveoilshop.ee\\\/#\\\/schema\\\/logo\\\/image\\\/\",\"url\":\"https:\\\/\\\/oliveoilshop.ee\\\/wp-content\\\/uploads\\\/2024\\\/02\\\/Sipty-logo-12.png\",\"contentUrl\":\"https:\\\/\\\/oliveoilshop.ee\\\/wp-content\\\/uploads\\\/2024\\\/02\\\/Sipty-logo-12.png\",\"width\":500,\"height\":500,\"caption\":\"Olive Oil Shop\"},\"image\":{\"@id\":\"https:\\\/\\\/oliveoilshop.ee\\\/#\\\/schema\\\/logo\\\/image\\\/\"},\"sameAs\":[\"https:\\\/\\\/www.facebook.com\\\/profile.php?id=61556092580476\",\"https:\\\/\\\/www.instagram.com\\\/oliveoilshop.ee\"]}]}<\/script>\n<!-- \/ Yoast SEO plugin. -->","yoast_head_json":{"title":"Ekstra V\u00e4\u00e4risoliivi\u00f5li Early Harvest 2x5L - Olive Oil Shop","description":"Ekstra v\u00e4\u00e4risoliivi\u00f5li Early Harvest. Kreeka 100% extra virgin oliiv\u00f5li. V\u00e4rske ja kvaliteetne. Saadud esimesel k\u00fclmpressimisel. 2024\/2025 aasta saagist.","robots":{"index":"index","follow":"follow","max-snippet":"max-snippet:-1","max-image-preview":"max-image-preview:large","max-video-preview":"max-video-preview:-1"},"canonical":"https:\/\/oliveoilshop.ee\/en\/product\/ekstra-vaarisoliivioli-early-harvest\/","og_locale":"en_GB","og_type":"article","og_title":"Ekstra V\u00e4\u00e4risoliivi\u00f5li Early Harvest 2x5L - Olive Oil Shop","og_description":"Ekstra v\u00e4\u00e4risoliivi\u00f5li Early Harvest. Kreeka 100% extra virgin oliiv\u00f5li. V\u00e4rske ja kvaliteetne. Saadud esimesel k\u00fclmpressimisel. 2024\/2025 aasta saagist.","og_url":"https:\/\/oliveoilshop.ee\/en\/product\/ekstra-vaarisoliivioli-early-harvest\/","og_site_name":"Olive Oil Shop","article_publisher":"https:\/\/www.facebook.com\/profile.php?id=61556092580476","article_modified_time":"2026-05-04T08:41:33+00:00","og_image":[{"width":1587,"height":2245,"url":"https:\/\/oliveoilshop.ee\/wp-content\/uploads\/2025\/07\/7.png","type":"image\/png"}],"twitter_card":"summary_large_image","twitter_misc":{"Estimated reading time":"2 minutes"},"schema":{"@context":"https:\/\/schema.org","@graph":[{"@type":"WebPage","@id":"https:\/\/oliveoilshop.ee\/toode\/ekstra-vaarisoliivioli-early-harvest\/","url":"https:\/\/oliveoilshop.ee\/toode\/ekstra-vaarisoliivioli-early-harvest\/","name":"Ekstra V\u00e4\u00e4risoliivi\u00f5li Early Harvest 2x5L - Olive Oil Shop","isPartOf":{"@id":"https:\/\/oliveoilshop.ee\/#website"},"primaryImageOfPage":{"@id":"https:\/\/oliveoilshop.ee\/toode\/ekstra-vaarisoliivioli-early-harvest\/#primaryimage"},"image":{"@id":"https:\/\/oliveoilshop.ee\/toode\/ekstra-vaarisoliivioli-early-harvest\/#primaryimage"},"thumbnailUrl":"https:\/\/oliveoilshop.ee\/wp-content\/uploads\/2025\/07\/7.png","datePublished":"2025-07-01T11:09:46+00:00","dateModified":"2026-05-04T08:41:33+00:00","description":"Ekstra v\u00e4\u00e4risoliivi\u00f5li Early Harvest. Kreeka 100% extra virgin oliiv\u00f5li. V\u00e4rske ja kvaliteetne. Saadud esimesel k\u00fclmpressimisel. 2024\/2025 aasta saagist.","breadcrumb":{"@id":"https:\/\/oliveoilshop.ee\/toode\/ekstra-vaarisoliivioli-early-harvest\/#breadcrumb"},"inLanguage":"en-GB","potentialAction":[{"@type":"ReadAction","target":["https:\/\/oliveoilshop.ee\/toode\/ekstra-vaarisoliivioli-early-harvest\/"]}]},{"@type":"ImageObject","inLanguage":"en-GB","@id":"https:\/\/oliveoilshop.ee\/toode\/ekstra-vaarisoliivioli-early-harvest\/#primaryimage","url":"https:\/\/oliveoilshop.ee\/wp-content\/uploads\/2025\/07\/7.png","contentUrl":"https:\/\/oliveoilshop.ee\/wp-content\/uploads\/2025\/07\/7.png","width":1587,"height":2245},{"@type":"BreadcrumbList","@id":"https:\/\/oliveoilshop.ee\/toode\/ekstra-vaarisoliivioli-early-harvest\/#breadcrumb","itemListElement":[{"@type":"ListItem","position":1,"name":"Home","item":"https:\/\/oliveoilshop.ee\/"},{"@type":"ListItem","position":2,"name":"Pood","item":"https:\/\/oliveoilshop.ee\/pood\/"},{"@type":"ListItem","position":3,"name":"Ekstra V\u00e4\u00e4risoliivi\u00f5li Early Harvest 2x5L"}]},{"@type":"WebSite","@id":"https:\/\/oliveoilshop.ee\/#website","url":"https:\/\/oliveoilshop.ee\/","name":"Olive Oil Shop","description":"V&auml;rske ja kvaliteetne ekstra v&auml;&auml;risoliivi&otilde;li Kreeka v&auml;iketootjatelt","publisher":{"@id":"https:\/\/oliveoilshop.ee\/#organization"},"potentialAction":[{"@type":"SearchAction","target":{"@type":"EntryPoint","urlTemplate":"https:\/\/oliveoilshop.ee\/?s={search_term_string}"},"query-input":{"@type":"PropertyValueSpecification","valueRequired":true,"valueName":"search_term_string"}}],"inLanguage":"en-GB"},{"@type":"Organization","@id":"https:\/\/oliveoilshop.ee\/#organization","name":"Olive Oil Shop","url":"https:\/\/oliveoilshop.ee\/","logo":{"@type":"ImageObject","inLanguage":"en-GB","@id":"https:\/\/oliveoilshop.ee\/#\/schema\/logo\/image\/","url":"https:\/\/oliveoilshop.ee\/wp-content\/uploads\/2024\/02\/Sipty-logo-12.png","contentUrl":"https:\/\/oliveoilshop.ee\/wp-content\/uploads\/2024\/02\/Sipty-logo-12.png","width":500,"height":500,"caption":"Olive Oil Shop"},"image":{"@id":"https:\/\/oliveoilshop.ee\/#\/schema\/logo\/image\/"},"sameAs":["https:\/\/www.facebook.com\/profile.php?id=61556092580476","https:\/\/www.instagram.com\/oliveoilshop.ee"]}]}},"_links":{"self":[{"href":"https:\/\/oliveoilshop.ee\/en\/wp-json\/wp\/v2\/product\/17864","targetHints":{"allow":["GET"]}}],"collection":[{"href":"https:\/\/oliveoilshop.ee\/en\/wp-json\/wp\/v2\/product"}],"about":[{"href":"https:\/\/oliveoilshop.ee\/en\/wp-json\/wp\/v2\/types\/product"}],"replies":[{"embeddable":true,"href":"https:\/\/oliveoilshop.ee\/en\/wp-json\/wp\/v2\/comments?post=17864"}],"version-history":[{"count":4,"href":"https:\/\/oliveoilshop.ee\/en\/wp-json\/wp\/v2\/product\/17864\/revisions"}],"predecessor-version":[{"id":18517,"href":"https:\/\/oliveoilshop.ee\/en\/wp-json\/wp\/v2\/product\/17864\/revisions\/18517"}],"wp:featuredmedia":[{"embeddable":true,"href":"https:\/\/oliveoilshop.ee\/en\/wp-json\/wp\/v2\/media\/17865"}],"wp:attachment":[{"href":"https:\/\/oliveoilshop.ee\/en\/wp-json\/wp\/v2\/media?parent=17864"}],"wp:term":[{"taxonomy":"product_brand","embeddable":true,"href":"https:\/\/oliveoilshop.ee\/en\/wp-json\/wp\/v2\/product_brand?post=17864"},{"taxonomy":"product_cat","embeddable":true,"href":"https:\/\/oliveoilshop.ee\/en\/wp-json\/wp\/v2\/product_cat?post=17864"},{"taxonomy":"product_tag","embeddable":true,"href":"https:\/\/oliveoilshop.ee\/en\/wp-json\/wp\/v2\/product_tag?post=17864"}],"curies":[{"name":"wp","href":"https:\/\/api.w.org\/{rel}","templated":true}]}}