{"id":17801,"date":"2025-05-30T23:34:12","date_gmt":"2025-05-30T23:34:12","guid":{"rendered":"https:\/\/oliveoilshop.ee\/?post_type=product&#038;p=17801"},"modified":"2026-05-12T15:30:24","modified_gmt":"2026-05-12T15:30:24","slug":"ekstra-vaarisoliivioli-early-harvest-kanakis-bio-3l","status":"publish","type":"product","link":"https:\/\/oliveoilshop.ee\/en\/product\/ekstra-vaarisoliivioli-early-harvest-kanakis-bio-3l\/","title":{"rendered":"Ekstra V\u00e4\u00e4risoliivi\u00f5li Early Harvest 3L + Kanakis bio 3L"},"content":{"rendered":"<p><strong>Why olive oil?<\/strong><\/p>\n<p>Natural and fresh olive oil has provided the inhabitants of the Mediterranean region with health and longevity for centuries. Its biological and nutritional value is extremely important. Olive oil is among the 10 most beneficial foods. Extra virgin olive oil is the highest quality olive oil.<\/p>\n<p><strong>Olive oil in Mediterranean cuisine<\/strong><\/p>\n<p>Olive oil is central to Mediterranean cuisine. Approximately 2-4 tablespoons of olive oil are used daily in cooking.<\/p>\n<p>Olive oil is suitable for use in salads, cooking, and frying, bringing out flavours and aromas more.<\/p>\n<p>Olive oil also has the ability to keep fish, meat and vegetables tender when roasted. In desserts, the oil keeps cakes moist and gives biscuits a wonderfully crispy texture. Olive oil is suitable for use in salads with lemon juice or vinegar. Bread can also be dipped in olive oil, as is done in Mediterranean countries.<\/p>\n<p><strong>Olive oil and frying<\/strong><\/p>\n<p>According to an old belief, extra virgin olive oil is not suitable for frying because it does not tolerate high temperatures well. However, this belief is untrue.<\/p>\n<p>Thanks to its natural abundance of monounsaturated fatty acids, extra virgin olive oil can withstand high temperatures better than many other oils. Studies have shown that olive oil does not soak into food during frying, but remains on its surface, while all other fats soak completely into the food. Oleic acid also does not change as a result of heating.<\/p>\n<p>We can also claim that Greek gastronomy revolves around a giant frying pan, as frying is one of the oldest Mediterranean cooking methods.<\/p>\n<p><strong>Kanakis Family Company<\/strong><\/p>\n<p>With only love and respect for their region and especially the sacred olive tree, Elias Kanakis and Stavroula Trifyli founded a family business in 1999, which is dedicated to the cultivation of olive trees, the production of extra virgin olive oil, and its export.<span class=\"Apple-converted-space\">\u00a0<\/span><\/p>\n<p>Harnessing the unique soil and climate conditions of the Papulia Pylias region, combining environmentally friendly cultivation and harvesting practices, and continuous certification controls, the Kanakis family business is now among the leaders in its field, exporting its products to more than 30 countries.<\/p>\n<p>Kanakis' family operates with a vision that every person on the planet should taste at least one drop of olive oil and learn about its beneficial properties.<\/p>\n<p><b>Ekstra v\u00e4\u00e4risoliivi\u00f5li orgaaniline 3l: <\/b>Happesus 0,1 \u2013 0,5%, k\u00fclmpressitud 25`C. Valmistatud 2023\/2024 aasta saagist.<\/p>\n<p><b>Olive variety <\/b>Koroneiki<\/p>\n<p><b>Region <\/b>Kreeka Peloponnesos poolsaare l\u00e4\u00e4nepoolses osas ( Papoulia Pylias )<\/p>\n<p><b>Ingredients <\/b>Otse oliividelt ainult mehaaniliste meetoditega saadud super kategooria oliivi\u00f5li<\/p>\n<p><b>Nutritional information: <\/b>15 ml toodet sisaldab keskmiselt: 124 Kcal, rasvad 14 g \/ 21% ( millest k\u00fcllastunud rasvhapped 11 g, monok\u00fcllastamata rasvhapped 1 g ), kolesterool 0 g, suhkur 0 g, naatrium 0 g, valku 0 g, kiudained 0 g<span class=\"Apple-converted-space\">\u00a0<\/span><\/p>","protected":false},"excerpt":{"rendered":"<p>16,50\u20ac\/l<\/p>\n<p><strong class=\"Yjhzub\" data-sfc-root=\"c\" data-sfc-cb=\"\" data-complete=\"true\" data-processed=\"true\" data-copy-service-computed-style=\"font-family: &quot;Google Sans&quot;, Arial, sans-serif; font-size: 16px; font-weight: 600; margin: 0px; text-decoration: none; border-bottom: 0px rgb(10, 10, 10);\">ESIMENE UUE HOOAJA 2025\/2026 EARLY HARVEST KOOREM V\u00c4LJUB THASSOSELT 14.05.26 NING J\u00d5UAB MEIE LATTU HILJEMALT 29.05.26. EELTELLIMUSI ON V\u00d5IMALIK TEHA ALATES 04.05.26.<\/strong><\/p>\n<p>V\u00e4rske ja kvaliteetne esimesel k\u00fclmpressimisel saadud varajase korje ekstra v\u00e4\u00e4risoliivi\u00f5li Kreekast Thassose saarelt ja esimesel k\u00fclmpressimisel saadud orgaaniline ekstra v\u00e4\u00e4risoliivi\u00f5li Kreekast, Peloponnesos poolsaarelt. Valmistatud 2025\/2026 aasta saagist.<\/p>\n<p>Bio kanister t\u00e4idetud 11.05.2026. Viimane kasutusp\u00e4ev 11.11.2027.<\/p>\n<p>Early Harvest kanister viimane kasutusp\u00e4ev 30.09.2028.<\/p>\n<p><strong>Usage<\/strong> Suitable for use in salads, cooking, and frying, giving food a great taste!<\/p>","protected":false},"featured_media":17804,"comment_status":"open","ping_status":"closed","template":"","meta":{"om_disable_all_campaigns":false},"product_brand":[],"product_cat":[70],"product_tag":[],"class_list":{"0":"post-17801","1":"product","2":"type-product","3":"status-publish","4":"has-post-thumbnail","6":"product_cat-olive-oil","8":"first","9":"instock","10":"shipping-taxable","11":"purchasable","12":"product-type-simple"},"yoast_head":"<!-- This site is optimized with the Yoast SEO plugin v27.6 - https:\/\/yoast.com\/product\/yoast-seo-wordpress\/ -->\n<title>Ekstra V\u00e4\u00e4risoliivi\u00f5li Early Harvest 3L + Kanakis bio 3L - Olive Oil Shop<\/title>\n<meta name=\"description\" content=\"Ekstra V\u00e4\u00e4risoliivi\u00f5li Early Harvest 3L + Kanakis bio 3L. Kreeka 100% extra virgin oliiv\u00f5li. V\u00e4rske ja kvaliteetne. Saadud esimesel k\u00fclmpressimisel.\" \/>\n<meta name=\"robots\" content=\"index, follow, max-snippet:-1, max-image-preview:large, max-video-preview:-1\" \/>\n<link rel=\"canonical\" href=\"https:\/\/oliveoilshop.ee\/en\/product\/ekstra-vaarisoliivioli-early-harvest-kanakis-bio-3l\/\" \/>\n<meta property=\"og:locale\" content=\"en_GB\" \/>\n<meta property=\"og:type\" content=\"article\" \/>\n<meta property=\"og:title\" content=\"Ekstra V\u00e4\u00e4risoliivi\u00f5li Early Harvest 3L + Kanakis bio 3L - Olive Oil Shop\" \/>\n<meta property=\"og:description\" content=\"Ekstra V\u00e4\u00e4risoliivi\u00f5li Early Harvest 3L + Kanakis bio 3L. Kreeka 100% extra virgin oliiv\u00f5li. V\u00e4rske ja kvaliteetne. Saadud esimesel k\u00fclmpressimisel.\" \/>\n<meta property=\"og:url\" content=\"https:\/\/oliveoilshop.ee\/en\/product\/ekstra-vaarisoliivioli-early-harvest-kanakis-bio-3l\/\" \/>\n<meta property=\"og:site_name\" content=\"Olive Oil Shop\" \/>\n<meta property=\"article:publisher\" content=\"https:\/\/www.facebook.com\/profile.php?id=61556092580476\" \/>\n<meta property=\"article:modified_time\" content=\"2026-05-12T15:30:24+00:00\" \/>\n<meta property=\"og:image\" content=\"https:\/\/oliveoilshop.ee\/wp-content\/uploads\/2025\/05\/3.png\" \/>\n\t<meta property=\"og:image:width\" content=\"1587\" \/>\n\t<meta property=\"og:image:height\" content=\"2245\" \/>\n\t<meta property=\"og:image:type\" content=\"image\/png\" \/>\n<meta name=\"twitter:card\" content=\"summary_large_image\" \/>\n<meta name=\"twitter:label1\" content=\"Estimated reading time\" \/>\n\t<meta name=\"twitter:data1\" content=\"3 minutes\" \/>\n<script type=\"application\/ld+json\" class=\"yoast-schema-graph\">{\"@context\":\"https:\\\/\\\/schema.org\",\"@graph\":[{\"@type\":\"WebPage\",\"@id\":\"https:\\\/\\\/oliveoilshop.ee\\\/toode\\\/ekstra-vaarisoliivioli-early-harvest-kanakis-bio-3l\\\/\",\"url\":\"https:\\\/\\\/oliveoilshop.ee\\\/toode\\\/ekstra-vaarisoliivioli-early-harvest-kanakis-bio-3l\\\/\",\"name\":\"Ekstra V\u00e4\u00e4risoliivi\u00f5li Early Harvest 3L + Kanakis bio 3L - Olive Oil Shop\",\"isPartOf\":{\"@id\":\"https:\\\/\\\/oliveoilshop.ee\\\/#website\"},\"primaryImageOfPage\":{\"@id\":\"https:\\\/\\\/oliveoilshop.ee\\\/toode\\\/ekstra-vaarisoliivioli-early-harvest-kanakis-bio-3l\\\/#primaryimage\"},\"image\":{\"@id\":\"https:\\\/\\\/oliveoilshop.ee\\\/toode\\\/ekstra-vaarisoliivioli-early-harvest-kanakis-bio-3l\\\/#primaryimage\"},\"thumbnailUrl\":\"https:\\\/\\\/oliveoilshop.ee\\\/wp-content\\\/uploads\\\/2025\\\/05\\\/3.png\",\"datePublished\":\"2025-05-30T23:34:12+00:00\",\"dateModified\":\"2026-05-12T15:30:24+00:00\",\"description\":\"Ekstra V\u00e4\u00e4risoliivi\u00f5li Early Harvest 3L + Kanakis bio 3L. Kreeka 100% extra virgin oliiv\u00f5li. V\u00e4rske ja kvaliteetne. Saadud esimesel k\u00fclmpressimisel.\",\"breadcrumb\":{\"@id\":\"https:\\\/\\\/oliveoilshop.ee\\\/toode\\\/ekstra-vaarisoliivioli-early-harvest-kanakis-bio-3l\\\/#breadcrumb\"},\"inLanguage\":\"en-GB\",\"potentialAction\":[{\"@type\":\"ReadAction\",\"target\":[\"https:\\\/\\\/oliveoilshop.ee\\\/toode\\\/ekstra-vaarisoliivioli-early-harvest-kanakis-bio-3l\\\/\"]}]},{\"@type\":\"ImageObject\",\"inLanguage\":\"en-GB\",\"@id\":\"https:\\\/\\\/oliveoilshop.ee\\\/toode\\\/ekstra-vaarisoliivioli-early-harvest-kanakis-bio-3l\\\/#primaryimage\",\"url\":\"https:\\\/\\\/oliveoilshop.ee\\\/wp-content\\\/uploads\\\/2025\\\/05\\\/3.png\",\"contentUrl\":\"https:\\\/\\\/oliveoilshop.ee\\\/wp-content\\\/uploads\\\/2025\\\/05\\\/3.png\",\"width\":1587,\"height\":2245},{\"@type\":\"BreadcrumbList\",\"@id\":\"https:\\\/\\\/oliveoilshop.ee\\\/toode\\\/ekstra-vaarisoliivioli-early-harvest-kanakis-bio-3l\\\/#breadcrumb\",\"itemListElement\":[{\"@type\":\"ListItem\",\"position\":1,\"name\":\"Home\",\"item\":\"https:\\\/\\\/oliveoilshop.ee\\\/\"},{\"@type\":\"ListItem\",\"position\":2,\"name\":\"Pood\",\"item\":\"https:\\\/\\\/oliveoilshop.ee\\\/pood\\\/\"},{\"@type\":\"ListItem\",\"position\":3,\"name\":\"Ekstra V\u00e4\u00e4risoliivi\u00f5li Early Harvest 3L + Kanakis bio 3L\"}]},{\"@type\":\"WebSite\",\"@id\":\"https:\\\/\\\/oliveoilshop.ee\\\/#website\",\"url\":\"https:\\\/\\\/oliveoilshop.ee\\\/\",\"name\":\"Olive Oil Shop\",\"description\":\"V&auml;rske ja kvaliteetne ekstra v&auml;&auml;risoliivi&otilde;li Kreeka v&auml;iketootjatelt\",\"publisher\":{\"@id\":\"https:\\\/\\\/oliveoilshop.ee\\\/#organization\"},\"potentialAction\":[{\"@type\":\"SearchAction\",\"target\":{\"@type\":\"EntryPoint\",\"urlTemplate\":\"https:\\\/\\\/oliveoilshop.ee\\\/?s={search_term_string}\"},\"query-input\":{\"@type\":\"PropertyValueSpecification\",\"valueRequired\":true,\"valueName\":\"search_term_string\"}}],\"inLanguage\":\"en-GB\"},{\"@type\":\"Organization\",\"@id\":\"https:\\\/\\\/oliveoilshop.ee\\\/#organization\",\"name\":\"Olive Oil Shop\",\"url\":\"https:\\\/\\\/oliveoilshop.ee\\\/\",\"logo\":{\"@type\":\"ImageObject\",\"inLanguage\":\"en-GB\",\"@id\":\"https:\\\/\\\/oliveoilshop.ee\\\/#\\\/schema\\\/logo\\\/image\\\/\",\"url\":\"https:\\\/\\\/oliveoilshop.ee\\\/wp-content\\\/uploads\\\/2024\\\/02\\\/Sipty-logo-12.png\",\"contentUrl\":\"https:\\\/\\\/oliveoilshop.ee\\\/wp-content\\\/uploads\\\/2024\\\/02\\\/Sipty-logo-12.png\",\"width\":500,\"height\":500,\"caption\":\"Olive Oil Shop\"},\"image\":{\"@id\":\"https:\\\/\\\/oliveoilshop.ee\\\/#\\\/schema\\\/logo\\\/image\\\/\"},\"sameAs\":[\"https:\\\/\\\/www.facebook.com\\\/profile.php?id=61556092580476\",\"https:\\\/\\\/www.instagram.com\\\/oliveoilshop.ee\"]}]}<\/script>\n<!-- \/ Yoast SEO plugin. -->","yoast_head_json":{"title":"Ekstra V\u00e4\u00e4risoliivi\u00f5li Early Harvest 3L + Kanakis bio 3L - Olive Oil Shop","description":"Ekstra V\u00e4\u00e4risoliivi\u00f5li Early Harvest 3L + Kanakis bio 3L. Kreeka 100% extra virgin oliiv\u00f5li. V\u00e4rske ja kvaliteetne. Saadud esimesel k\u00fclmpressimisel.","robots":{"index":"index","follow":"follow","max-snippet":"max-snippet:-1","max-image-preview":"max-image-preview:large","max-video-preview":"max-video-preview:-1"},"canonical":"https:\/\/oliveoilshop.ee\/en\/product\/ekstra-vaarisoliivioli-early-harvest-kanakis-bio-3l\/","og_locale":"en_GB","og_type":"article","og_title":"Ekstra V\u00e4\u00e4risoliivi\u00f5li Early Harvest 3L + Kanakis bio 3L - Olive Oil Shop","og_description":"Ekstra V\u00e4\u00e4risoliivi\u00f5li Early Harvest 3L + Kanakis bio 3L. Kreeka 100% extra virgin oliiv\u00f5li. V\u00e4rske ja kvaliteetne. Saadud esimesel k\u00fclmpressimisel.","og_url":"https:\/\/oliveoilshop.ee\/en\/product\/ekstra-vaarisoliivioli-early-harvest-kanakis-bio-3l\/","og_site_name":"Olive Oil Shop","article_publisher":"https:\/\/www.facebook.com\/profile.php?id=61556092580476","article_modified_time":"2026-05-12T15:30:24+00:00","og_image":[{"width":1587,"height":2245,"url":"https:\/\/oliveoilshop.ee\/wp-content\/uploads\/2025\/05\/3.png","type":"image\/png"}],"twitter_card":"summary_large_image","twitter_misc":{"Estimated reading time":"3 minutes"},"schema":{"@context":"https:\/\/schema.org","@graph":[{"@type":"WebPage","@id":"https:\/\/oliveoilshop.ee\/toode\/ekstra-vaarisoliivioli-early-harvest-kanakis-bio-3l\/","url":"https:\/\/oliveoilshop.ee\/toode\/ekstra-vaarisoliivioli-early-harvest-kanakis-bio-3l\/","name":"Ekstra V\u00e4\u00e4risoliivi\u00f5li Early Harvest 3L + Kanakis bio 3L - Olive Oil Shop","isPartOf":{"@id":"https:\/\/oliveoilshop.ee\/#website"},"primaryImageOfPage":{"@id":"https:\/\/oliveoilshop.ee\/toode\/ekstra-vaarisoliivioli-early-harvest-kanakis-bio-3l\/#primaryimage"},"image":{"@id":"https:\/\/oliveoilshop.ee\/toode\/ekstra-vaarisoliivioli-early-harvest-kanakis-bio-3l\/#primaryimage"},"thumbnailUrl":"https:\/\/oliveoilshop.ee\/wp-content\/uploads\/2025\/05\/3.png","datePublished":"2025-05-30T23:34:12+00:00","dateModified":"2026-05-12T15:30:24+00:00","description":"Ekstra V\u00e4\u00e4risoliivi\u00f5li Early Harvest 3L + Kanakis bio 3L. Kreeka 100% extra virgin oliiv\u00f5li. V\u00e4rske ja kvaliteetne. Saadud esimesel k\u00fclmpressimisel.","breadcrumb":{"@id":"https:\/\/oliveoilshop.ee\/toode\/ekstra-vaarisoliivioli-early-harvest-kanakis-bio-3l\/#breadcrumb"},"inLanguage":"en-GB","potentialAction":[{"@type":"ReadAction","target":["https:\/\/oliveoilshop.ee\/toode\/ekstra-vaarisoliivioli-early-harvest-kanakis-bio-3l\/"]}]},{"@type":"ImageObject","inLanguage":"en-GB","@id":"https:\/\/oliveoilshop.ee\/toode\/ekstra-vaarisoliivioli-early-harvest-kanakis-bio-3l\/#primaryimage","url":"https:\/\/oliveoilshop.ee\/wp-content\/uploads\/2025\/05\/3.png","contentUrl":"https:\/\/oliveoilshop.ee\/wp-content\/uploads\/2025\/05\/3.png","width":1587,"height":2245},{"@type":"BreadcrumbList","@id":"https:\/\/oliveoilshop.ee\/toode\/ekstra-vaarisoliivioli-early-harvest-kanakis-bio-3l\/#breadcrumb","itemListElement":[{"@type":"ListItem","position":1,"name":"Home","item":"https:\/\/oliveoilshop.ee\/"},{"@type":"ListItem","position":2,"name":"Pood","item":"https:\/\/oliveoilshop.ee\/pood\/"},{"@type":"ListItem","position":3,"name":"Ekstra V\u00e4\u00e4risoliivi\u00f5li Early Harvest 3L + Kanakis bio 3L"}]},{"@type":"WebSite","@id":"https:\/\/oliveoilshop.ee\/#website","url":"https:\/\/oliveoilshop.ee\/","name":"Olive Oil Shop","description":"V&auml;rske ja kvaliteetne ekstra v&auml;&auml;risoliivi&otilde;li Kreeka v&auml;iketootjatelt","publisher":{"@id":"https:\/\/oliveoilshop.ee\/#organization"},"potentialAction":[{"@type":"SearchAction","target":{"@type":"EntryPoint","urlTemplate":"https:\/\/oliveoilshop.ee\/?s={search_term_string}"},"query-input":{"@type":"PropertyValueSpecification","valueRequired":true,"valueName":"search_term_string"}}],"inLanguage":"en-GB"},{"@type":"Organization","@id":"https:\/\/oliveoilshop.ee\/#organization","name":"Olive Oil Shop","url":"https:\/\/oliveoilshop.ee\/","logo":{"@type":"ImageObject","inLanguage":"en-GB","@id":"https:\/\/oliveoilshop.ee\/#\/schema\/logo\/image\/","url":"https:\/\/oliveoilshop.ee\/wp-content\/uploads\/2024\/02\/Sipty-logo-12.png","contentUrl":"https:\/\/oliveoilshop.ee\/wp-content\/uploads\/2024\/02\/Sipty-logo-12.png","width":500,"height":500,"caption":"Olive Oil Shop"},"image":{"@id":"https:\/\/oliveoilshop.ee\/#\/schema\/logo\/image\/"},"sameAs":["https:\/\/www.facebook.com\/profile.php?id=61556092580476","https:\/\/www.instagram.com\/oliveoilshop.ee"]}]}},"_links":{"self":[{"href":"https:\/\/oliveoilshop.ee\/en\/wp-json\/wp\/v2\/product\/17801","targetHints":{"allow":["GET"]}}],"collection":[{"href":"https:\/\/oliveoilshop.ee\/en\/wp-json\/wp\/v2\/product"}],"about":[{"href":"https:\/\/oliveoilshop.ee\/en\/wp-json\/wp\/v2\/types\/product"}],"replies":[{"embeddable":true,"href":"https:\/\/oliveoilshop.ee\/en\/wp-json\/wp\/v2\/comments?post=17801"}],"version-history":[{"count":6,"href":"https:\/\/oliveoilshop.ee\/en\/wp-json\/wp\/v2\/product\/17801\/revisions"}],"predecessor-version":[{"id":18553,"href":"https:\/\/oliveoilshop.ee\/en\/wp-json\/wp\/v2\/product\/17801\/revisions\/18553"}],"wp:featuredmedia":[{"embeddable":true,"href":"https:\/\/oliveoilshop.ee\/en\/wp-json\/wp\/v2\/media\/17804"}],"wp:attachment":[{"href":"https:\/\/oliveoilshop.ee\/en\/wp-json\/wp\/v2\/media?parent=17801"}],"wp:term":[{"taxonomy":"product_brand","embeddable":true,"href":"https:\/\/oliveoilshop.ee\/en\/wp-json\/wp\/v2\/product_brand?post=17801"},{"taxonomy":"product_cat","embeddable":true,"href":"https:\/\/oliveoilshop.ee\/en\/wp-json\/wp\/v2\/product_cat?post=17801"},{"taxonomy":"product_tag","embeddable":true,"href":"https:\/\/oliveoilshop.ee\/en\/wp-json\/wp\/v2\/product_tag?post=17801"}],"curies":[{"name":"wp","href":"https:\/\/api.w.org\/{rel}","templated":true}]}}