{"id":17385,"date":"2024-05-15T21:06:04","date_gmt":"2024-05-15T21:06:04","guid":{"rendered":"https:\/\/oliveoilshop.ee\/?post_type=product&#038;p=17385"},"modified":"2026-04-18T14:10:03","modified_gmt":"2026-04-18T14:10:03","slug":"moly-silhouette-mahe-urditee-kehakaalu-juhtimiseks","status":"publish","type":"product","link":"https:\/\/oliveoilshop.ee\/en\/product\/moly-silhouette-mahe-urditee-kehakaalu-juhtimiseks\/","title":{"rendered":"MOLY SILHOUETTE TEE &#8211; KEHAKAALU JUHTIMISEKS"},"content":{"rendered":"<p><b>Ingredients\u00a0<\/b>Kreeka m\u00e4gitee, sidrunverbena, roomav madar, sidrun, hiina sidrunv\u00e4\u00e4ndik, tseiloni kaneel, hiina kaneelipuu<\/p>\n<p>Kasutame 100% orgaanilisi \u00fcrte, mis on\u00a0hoolikalt valitud \u00fcle maailma. Ei sisalda suhkrut, kofeiini, kunstlikke maitse- ja v\u00e4rvaineid.<\/p>\n<p>Pakis 10 biolagunevat teekotti (10 x 2,30g).<\/p>","protected":false},"excerpt":{"rendered":"<p>Ainevahetuse kiirendamiseks loodud orgaaniline teesegu, mis hoiab \u00e4ra vedeliku kogunemise kehasse ja on ka kerge seedetrakti stimulaator. Tassike Moly Silhouette teed on suurep\u00e4rane seedetrakti stimulaator sisaldades \u00fcrte, mis aitavad rasva lagundada. Tee m\u00f5ju saab maksimeerida sobiva toitumisega.<\/p>","protected":false},"featured_media":17423,"comment_status":"open","ping_status":"closed","template":"","meta":{"om_disable_all_campaigns":false},"product_brand":[],"product_cat":[77],"product_tag":[],"class_list":{"0":"post-17385","1":"product","2":"type-product","3":"status-publish","4":"has-post-thumbnail","6":"product_cat-mahe-urditeed","8":"first","9":"instock","10":"shipping-taxable","11":"purchasable","12":"product-type-simple"},"yoast_head":"<!-- This site is optimized with the Yoast SEO plugin v27.5 - https:\/\/yoast.com\/product\/yoast-seo-wordpress\/ -->\n<title>MOLY SILHOUETTE TEE - KEHAKAALU JUHTIMISEKS - Olive Oil Shop<\/title>\n<meta name=\"description\" content=\"Moly Silhouette on loodud ainevahetuse kiirendamiseks. Hoiab \u00e4ra vedeliku kogunemise kehasse ja on ka kerge seedetrakti stimulaator.\" \/>\n<meta name=\"robots\" content=\"index, follow, max-snippet:-1, max-image-preview:large, max-video-preview:-1\" \/>\n<link rel=\"canonical\" href=\"https:\/\/oliveoilshop.ee\/en\/product\/moly-silhouette-mahe-urditee-kehakaalu-juhtimiseks\/\" \/>\n<meta property=\"og:locale\" content=\"en_GB\" \/>\n<meta property=\"og:type\" content=\"article\" \/>\n<meta property=\"og:title\" content=\"MOLY SILHOUETTE TEE - KEHAKAALU JUHTIMISEKS - Olive Oil Shop\" \/>\n<meta property=\"og:description\" content=\"Moly Silhouette on loodud ainevahetuse kiirendamiseks. Hoiab \u00e4ra vedeliku kogunemise kehasse ja on ka kerge seedetrakti stimulaator.\" \/>\n<meta property=\"og:url\" content=\"https:\/\/oliveoilshop.ee\/en\/product\/moly-silhouette-mahe-urditee-kehakaalu-juhtimiseks\/\" \/>\n<meta property=\"og:site_name\" content=\"Olive Oil Shop\" \/>\n<meta property=\"article:publisher\" content=\"https:\/\/www.facebook.com\/profile.php?id=61556092580476\" \/>\n<meta property=\"article:modified_time\" content=\"2026-04-18T14:10:03+00:00\" \/>\n<meta property=\"og:image\" content=\"https:\/\/oliveoilshop.ee\/wp-content\/uploads\/2024\/05\/PINK-SILHOUETTE-L.jpg\" \/>\n\t<meta property=\"og:image:width\" content=\"2500\" \/>\n\t<meta property=\"og:image:height\" content=\"1869\" \/>\n\t<meta property=\"og:image:type\" content=\"image\/jpeg\" \/>\n<meta name=\"twitter:card\" content=\"summary_large_image\" \/>\n<meta name=\"twitter:label1\" content=\"Estimated reading time\" \/>\n\t<meta name=\"twitter:data1\" content=\"1 minute\" \/>\n<script type=\"application\/ld+json\" class=\"yoast-schema-graph\">{\"@context\":\"https:\\\/\\\/schema.org\",\"@graph\":[{\"@type\":\"WebPage\",\"@id\":\"https:\\\/\\\/oliveoilshop.ee\\\/toode\\\/moly-silhouette-mahe-urditee-kehakaalu-juhtimiseks\\\/\",\"url\":\"https:\\\/\\\/oliveoilshop.ee\\\/toode\\\/moly-silhouette-mahe-urditee-kehakaalu-juhtimiseks\\\/\",\"name\":\"MOLY SILHOUETTE TEE - KEHAKAALU JUHTIMISEKS - Olive Oil Shop\",\"isPartOf\":{\"@id\":\"https:\\\/\\\/oliveoilshop.ee\\\/#website\"},\"primaryImageOfPage\":{\"@id\":\"https:\\\/\\\/oliveoilshop.ee\\\/toode\\\/moly-silhouette-mahe-urditee-kehakaalu-juhtimiseks\\\/#primaryimage\"},\"image\":{\"@id\":\"https:\\\/\\\/oliveoilshop.ee\\\/toode\\\/moly-silhouette-mahe-urditee-kehakaalu-juhtimiseks\\\/#primaryimage\"},\"thumbnailUrl\":\"https:\\\/\\\/oliveoilshop.ee\\\/wp-content\\\/uploads\\\/2024\\\/05\\\/PINK-SILHOUETTE-L.jpg\",\"datePublished\":\"2024-05-15T21:06:04+00:00\",\"dateModified\":\"2026-04-18T14:10:03+00:00\",\"description\":\"Moly Silhouette on loodud ainevahetuse kiirendamiseks. Hoiab \u00e4ra vedeliku kogunemise kehasse ja on ka kerge seedetrakti stimulaator.\",\"breadcrumb\":{\"@id\":\"https:\\\/\\\/oliveoilshop.ee\\\/toode\\\/moly-silhouette-mahe-urditee-kehakaalu-juhtimiseks\\\/#breadcrumb\"},\"inLanguage\":\"en-GB\",\"potentialAction\":[{\"@type\":\"ReadAction\",\"target\":[\"https:\\\/\\\/oliveoilshop.ee\\\/toode\\\/moly-silhouette-mahe-urditee-kehakaalu-juhtimiseks\\\/\"]}]},{\"@type\":\"ImageObject\",\"inLanguage\":\"en-GB\",\"@id\":\"https:\\\/\\\/oliveoilshop.ee\\\/toode\\\/moly-silhouette-mahe-urditee-kehakaalu-juhtimiseks\\\/#primaryimage\",\"url\":\"https:\\\/\\\/oliveoilshop.ee\\\/wp-content\\\/uploads\\\/2024\\\/05\\\/PINK-SILHOUETTE-L.jpg\",\"contentUrl\":\"https:\\\/\\\/oliveoilshop.ee\\\/wp-content\\\/uploads\\\/2024\\\/05\\\/PINK-SILHOUETTE-L.jpg\",\"width\":2500,\"height\":1869},{\"@type\":\"BreadcrumbList\",\"@id\":\"https:\\\/\\\/oliveoilshop.ee\\\/toode\\\/moly-silhouette-mahe-urditee-kehakaalu-juhtimiseks\\\/#breadcrumb\",\"itemListElement\":[{\"@type\":\"ListItem\",\"position\":1,\"name\":\"Home\",\"item\":\"https:\\\/\\\/oliveoilshop.ee\\\/\"},{\"@type\":\"ListItem\",\"position\":2,\"name\":\"Pood\",\"item\":\"https:\\\/\\\/oliveoilshop.ee\\\/pood\\\/\"},{\"@type\":\"ListItem\",\"position\":3,\"name\":\"MOLY SILHOUETTE TEE &#8211; KEHAKAALU JUHTIMISEKS\"}]},{\"@type\":\"WebSite\",\"@id\":\"https:\\\/\\\/oliveoilshop.ee\\\/#website\",\"url\":\"https:\\\/\\\/oliveoilshop.ee\\\/\",\"name\":\"Olive Oil Shop\",\"description\":\"V&auml;rske ja kvaliteetne ekstra v&auml;&auml;risoliivi&otilde;li Kreeka v&auml;iketootjatelt\",\"publisher\":{\"@id\":\"https:\\\/\\\/oliveoilshop.ee\\\/#organization\"},\"potentialAction\":[{\"@type\":\"SearchAction\",\"target\":{\"@type\":\"EntryPoint\",\"urlTemplate\":\"https:\\\/\\\/oliveoilshop.ee\\\/?s={search_term_string}\"},\"query-input\":{\"@type\":\"PropertyValueSpecification\",\"valueRequired\":true,\"valueName\":\"search_term_string\"}}],\"inLanguage\":\"en-GB\"},{\"@type\":\"Organization\",\"@id\":\"https:\\\/\\\/oliveoilshop.ee\\\/#organization\",\"name\":\"Olive Oil Shop\",\"url\":\"https:\\\/\\\/oliveoilshop.ee\\\/\",\"logo\":{\"@type\":\"ImageObject\",\"inLanguage\":\"en-GB\",\"@id\":\"https:\\\/\\\/oliveoilshop.ee\\\/#\\\/schema\\\/logo\\\/image\\\/\",\"url\":\"https:\\\/\\\/oliveoilshop.ee\\\/wp-content\\\/uploads\\\/2024\\\/02\\\/Sipty-logo-12.png\",\"contentUrl\":\"https:\\\/\\\/oliveoilshop.ee\\\/wp-content\\\/uploads\\\/2024\\\/02\\\/Sipty-logo-12.png\",\"width\":500,\"height\":500,\"caption\":\"Olive Oil Shop\"},\"image\":{\"@id\":\"https:\\\/\\\/oliveoilshop.ee\\\/#\\\/schema\\\/logo\\\/image\\\/\"},\"sameAs\":[\"https:\\\/\\\/www.facebook.com\\\/profile.php?id=61556092580476\",\"https:\\\/\\\/www.instagram.com\\\/oliveoilshop.ee\"]}]}<\/script>\n<!-- \/ Yoast SEO plugin. -->","yoast_head_json":{"title":"MOLY SILHOUETTE TEE - KEHAKAALU JUHTIMISEKS - Olive Oil Shop","description":"Moly Silhouette on loodud ainevahetuse kiirendamiseks. Hoiab \u00e4ra vedeliku kogunemise kehasse ja on ka kerge seedetrakti stimulaator.","robots":{"index":"index","follow":"follow","max-snippet":"max-snippet:-1","max-image-preview":"max-image-preview:large","max-video-preview":"max-video-preview:-1"},"canonical":"https:\/\/oliveoilshop.ee\/en\/product\/moly-silhouette-mahe-urditee-kehakaalu-juhtimiseks\/","og_locale":"en_GB","og_type":"article","og_title":"MOLY SILHOUETTE TEE - KEHAKAALU JUHTIMISEKS - Olive Oil Shop","og_description":"Moly Silhouette on loodud ainevahetuse kiirendamiseks. Hoiab \u00e4ra vedeliku kogunemise kehasse ja on ka kerge seedetrakti stimulaator.","og_url":"https:\/\/oliveoilshop.ee\/en\/product\/moly-silhouette-mahe-urditee-kehakaalu-juhtimiseks\/","og_site_name":"Olive Oil Shop","article_publisher":"https:\/\/www.facebook.com\/profile.php?id=61556092580476","article_modified_time":"2026-04-18T14:10:03+00:00","og_image":[{"width":2500,"height":1869,"url":"https:\/\/oliveoilshop.ee\/wp-content\/uploads\/2024\/05\/PINK-SILHOUETTE-L.jpg","type":"image\/jpeg"}],"twitter_card":"summary_large_image","twitter_misc":{"Estimated reading time":"1 minute"},"schema":{"@context":"https:\/\/schema.org","@graph":[{"@type":"WebPage","@id":"https:\/\/oliveoilshop.ee\/toode\/moly-silhouette-mahe-urditee-kehakaalu-juhtimiseks\/","url":"https:\/\/oliveoilshop.ee\/toode\/moly-silhouette-mahe-urditee-kehakaalu-juhtimiseks\/","name":"MOLY SILHOUETTE TEE - KEHAKAALU JUHTIMISEKS - Olive Oil Shop","isPartOf":{"@id":"https:\/\/oliveoilshop.ee\/#website"},"primaryImageOfPage":{"@id":"https:\/\/oliveoilshop.ee\/toode\/moly-silhouette-mahe-urditee-kehakaalu-juhtimiseks\/#primaryimage"},"image":{"@id":"https:\/\/oliveoilshop.ee\/toode\/moly-silhouette-mahe-urditee-kehakaalu-juhtimiseks\/#primaryimage"},"thumbnailUrl":"https:\/\/oliveoilshop.ee\/wp-content\/uploads\/2024\/05\/PINK-SILHOUETTE-L.jpg","datePublished":"2024-05-15T21:06:04+00:00","dateModified":"2026-04-18T14:10:03+00:00","description":"Moly Silhouette on loodud ainevahetuse kiirendamiseks. Hoiab \u00e4ra vedeliku kogunemise kehasse ja on ka kerge seedetrakti stimulaator.","breadcrumb":{"@id":"https:\/\/oliveoilshop.ee\/toode\/moly-silhouette-mahe-urditee-kehakaalu-juhtimiseks\/#breadcrumb"},"inLanguage":"en-GB","potentialAction":[{"@type":"ReadAction","target":["https:\/\/oliveoilshop.ee\/toode\/moly-silhouette-mahe-urditee-kehakaalu-juhtimiseks\/"]}]},{"@type":"ImageObject","inLanguage":"en-GB","@id":"https:\/\/oliveoilshop.ee\/toode\/moly-silhouette-mahe-urditee-kehakaalu-juhtimiseks\/#primaryimage","url":"https:\/\/oliveoilshop.ee\/wp-content\/uploads\/2024\/05\/PINK-SILHOUETTE-L.jpg","contentUrl":"https:\/\/oliveoilshop.ee\/wp-content\/uploads\/2024\/05\/PINK-SILHOUETTE-L.jpg","width":2500,"height":1869},{"@type":"BreadcrumbList","@id":"https:\/\/oliveoilshop.ee\/toode\/moly-silhouette-mahe-urditee-kehakaalu-juhtimiseks\/#breadcrumb","itemListElement":[{"@type":"ListItem","position":1,"name":"Home","item":"https:\/\/oliveoilshop.ee\/"},{"@type":"ListItem","position":2,"name":"Pood","item":"https:\/\/oliveoilshop.ee\/pood\/"},{"@type":"ListItem","position":3,"name":"MOLY SILHOUETTE TEE &#8211; KEHAKAALU JUHTIMISEKS"}]},{"@type":"WebSite","@id":"https:\/\/oliveoilshop.ee\/#website","url":"https:\/\/oliveoilshop.ee\/","name":"Olive Oil Shop","description":"V&auml;rske ja kvaliteetne ekstra v&auml;&auml;risoliivi&otilde;li Kreeka v&auml;iketootjatelt","publisher":{"@id":"https:\/\/oliveoilshop.ee\/#organization"},"potentialAction":[{"@type":"SearchAction","target":{"@type":"EntryPoint","urlTemplate":"https:\/\/oliveoilshop.ee\/?s={search_term_string}"},"query-input":{"@type":"PropertyValueSpecification","valueRequired":true,"valueName":"search_term_string"}}],"inLanguage":"en-GB"},{"@type":"Organization","@id":"https:\/\/oliveoilshop.ee\/#organization","name":"Olive Oil Shop","url":"https:\/\/oliveoilshop.ee\/","logo":{"@type":"ImageObject","inLanguage":"en-GB","@id":"https:\/\/oliveoilshop.ee\/#\/schema\/logo\/image\/","url":"https:\/\/oliveoilshop.ee\/wp-content\/uploads\/2024\/02\/Sipty-logo-12.png","contentUrl":"https:\/\/oliveoilshop.ee\/wp-content\/uploads\/2024\/02\/Sipty-logo-12.png","width":500,"height":500,"caption":"Olive Oil Shop"},"image":{"@id":"https:\/\/oliveoilshop.ee\/#\/schema\/logo\/image\/"},"sameAs":["https:\/\/www.facebook.com\/profile.php?id=61556092580476","https:\/\/www.instagram.com\/oliveoilshop.ee"]}]}},"_links":{"self":[{"href":"https:\/\/oliveoilshop.ee\/en\/wp-json\/wp\/v2\/product\/17385","targetHints":{"allow":["GET"]}}],"collection":[{"href":"https:\/\/oliveoilshop.ee\/en\/wp-json\/wp\/v2\/product"}],"about":[{"href":"https:\/\/oliveoilshop.ee\/en\/wp-json\/wp\/v2\/types\/product"}],"replies":[{"embeddable":true,"href":"https:\/\/oliveoilshop.ee\/en\/wp-json\/wp\/v2\/comments?post=17385"}],"version-history":[{"count":2,"href":"https:\/\/oliveoilshop.ee\/en\/wp-json\/wp\/v2\/product\/17385\/revisions"}],"predecessor-version":[{"id":17389,"href":"https:\/\/oliveoilshop.ee\/en\/wp-json\/wp\/v2\/product\/17385\/revisions\/17389"}],"wp:featuredmedia":[{"embeddable":true,"href":"https:\/\/oliveoilshop.ee\/en\/wp-json\/wp\/v2\/media\/17423"}],"wp:attachment":[{"href":"https:\/\/oliveoilshop.ee\/en\/wp-json\/wp\/v2\/media?parent=17385"}],"wp:term":[{"taxonomy":"product_brand","embeddable":true,"href":"https:\/\/oliveoilshop.ee\/en\/wp-json\/wp\/v2\/product_brand?post=17385"},{"taxonomy":"product_cat","embeddable":true,"href":"https:\/\/oliveoilshop.ee\/en\/wp-json\/wp\/v2\/product_cat?post=17385"},{"taxonomy":"product_tag","embeddable":true,"href":"https:\/\/oliveoilshop.ee\/en\/wp-json\/wp\/v2\/product_tag?post=17385"}],"curies":[{"name":"wp","href":"https:\/\/api.w.org\/{rel}","templated":true}]}}