{"id":17335,"date":"2024-04-19T13:33:31","date_gmt":"2024-04-19T13:33:31","guid":{"rendered":"https:\/\/oliveoilshop.ee\/?post_type=product&#038;p=17335"},"modified":"2026-04-26T03:30:54","modified_gmt":"2026-04-26T03:30:54","slug":"palsamiaadikas-250ml","status":"publish","type":"product","link":"https:\/\/oliveoilshop.ee\/en\/product\/palsamiaadikas-250ml\/","title":{"rendered":"Sage vinegar 250ml"},"content":{"rendered":"<p><b>Sage vinegar 250ml <\/b>Gluten-free, acidity 6%<\/p>\n<p><b>Region <\/b>Kalamata district of the Peloponnese peninsula, Greece<\/p>\n<p><b>Ingredients <\/b>Natural grape juice<\/p>\n<p><b>Nutritional information: <\/b>100 ml product contains on average: 422 KJ\/99 Kcal, Protein 0.3 g, Fat 0 g (of which saturates 0 g), Carbohydrates 20 g (of which sugars 20 g), Fibre 0 g, Sodium 0 g<span class=\"Apple-converted-space\">\u00a0<\/span><\/p>\n<p>&nbsp;<\/p>","protected":false},"excerpt":{"rendered":"<p>\u20ac26.00\/l<\/p>\n<p>Last month of use 04\/2028.<\/p>\n<p>Kanakis family balsamic vinegar is made from natural grape must and ages for 4 years in oak barrels. It is a 100%% natural product and contains no sulphites or colourings.<\/p>","protected":false},"featured_media":17336,"comment_status":"open","ping_status":"closed","template":"","meta":{"om_disable_all_campaigns":false},"product_brand":[],"product_cat":[70],"product_tag":[],"class_list":{"0":"post-17335","1":"product","2":"type-product","3":"status-publish","4":"has-post-thumbnail","6":"product_cat-olive-oil","8":"first","9":"outofstock","10":"shipping-taxable","11":"purchasable","12":"product-type-simple"},"yoast_head":"<!-- This site is optimized with the Yoast SEO plugin v27.5 - https:\/\/yoast.com\/product\/yoast-seo-wordpress\/ -->\n<title>Palsami\u00e4\u00e4dikas 250ML - Olive Oil Shop<\/title>\n<meta name=\"description\" content=\"Palsami\u00e4\u00e4dikas on toodetud naturaalsest viinamarjamahlast ja laagerdub 4 aastat tammevaatides. 100% looduslik toode. Ei sisalda sulfiite ega v\u00e4rvaineid.\" \/>\n<meta name=\"robots\" content=\"index, follow, max-snippet:-1, max-image-preview:large, max-video-preview:-1\" \/>\n<link rel=\"canonical\" href=\"https:\/\/oliveoilshop.ee\/en\/product\/palsamiaadikas-250ml\/\" \/>\n<meta property=\"og:locale\" content=\"en_GB\" \/>\n<meta property=\"og:type\" content=\"article\" \/>\n<meta property=\"og:title\" content=\"Palsami\u00e4\u00e4dikas 250ML - Olive Oil Shop\" \/>\n<meta property=\"og:description\" content=\"Palsami\u00e4\u00e4dikas on toodetud naturaalsest viinamarjamahlast ja laagerdub 4 aastat tammevaatides. 100% looduslik toode. Ei sisalda sulfiite ega v\u00e4rvaineid.\" \/>\n<meta property=\"og:url\" content=\"https:\/\/oliveoilshop.ee\/en\/product\/palsamiaadikas-250ml\/\" \/>\n<meta property=\"og:site_name\" content=\"Olive Oil Shop\" \/>\n<meta property=\"article:publisher\" content=\"https:\/\/www.facebook.com\/profile.php?id=61556092580476\" \/>\n<meta property=\"article:modified_time\" content=\"2026-04-26T03:30:54+00:00\" \/>\n<meta property=\"og:image\" content=\"https:\/\/oliveoilshop.ee\/wp-content\/uploads\/2024\/04\/IMG_9999_25-1-scaled-e1713534063289.jpg\" \/>\n\t<meta property=\"og:image:width\" content=\"1705\" \/>\n\t<meta property=\"og:image:height\" content=\"2098\" \/>\n\t<meta property=\"og:image:type\" content=\"image\/jpeg\" \/>\n<meta name=\"twitter:card\" content=\"summary_large_image\" \/>\n<meta name=\"twitter:label1\" content=\"Estimated reading time\" \/>\n\t<meta name=\"twitter:data1\" content=\"1 minute\" \/>\n<script type=\"application\/ld+json\" class=\"yoast-schema-graph\">{\"@context\":\"https:\\\/\\\/schema.org\",\"@graph\":[{\"@type\":\"WebPage\",\"@id\":\"https:\\\/\\\/oliveoilshop.ee\\\/toode\\\/palsamiaadikas-250ml\\\/\",\"url\":\"https:\\\/\\\/oliveoilshop.ee\\\/toode\\\/palsamiaadikas-250ml\\\/\",\"name\":\"Palsami\u00e4\u00e4dikas 250ML - Olive Oil Shop\",\"isPartOf\":{\"@id\":\"https:\\\/\\\/oliveoilshop.ee\\\/#website\"},\"primaryImageOfPage\":{\"@id\":\"https:\\\/\\\/oliveoilshop.ee\\\/toode\\\/palsamiaadikas-250ml\\\/#primaryimage\"},\"image\":{\"@id\":\"https:\\\/\\\/oliveoilshop.ee\\\/toode\\\/palsamiaadikas-250ml\\\/#primaryimage\"},\"thumbnailUrl\":\"https:\\\/\\\/oliveoilshop.ee\\\/wp-content\\\/uploads\\\/2024\\\/04\\\/IMG_9999_25-1-scaled-e1713534063289.jpg\",\"datePublished\":\"2024-04-19T13:33:31+00:00\",\"dateModified\":\"2026-04-26T03:30:54+00:00\",\"description\":\"Palsami\u00e4\u00e4dikas on toodetud naturaalsest viinamarjamahlast ja laagerdub 4 aastat tammevaatides. 100% looduslik toode. Ei sisalda sulfiite ega v\u00e4rvaineid.\",\"breadcrumb\":{\"@id\":\"https:\\\/\\\/oliveoilshop.ee\\\/toode\\\/palsamiaadikas-250ml\\\/#breadcrumb\"},\"inLanguage\":\"en-GB\",\"potentialAction\":[{\"@type\":\"ReadAction\",\"target\":[\"https:\\\/\\\/oliveoilshop.ee\\\/toode\\\/palsamiaadikas-250ml\\\/\"]}]},{\"@type\":\"ImageObject\",\"inLanguage\":\"en-GB\",\"@id\":\"https:\\\/\\\/oliveoilshop.ee\\\/toode\\\/palsamiaadikas-250ml\\\/#primaryimage\",\"url\":\"https:\\\/\\\/oliveoilshop.ee\\\/wp-content\\\/uploads\\\/2024\\\/04\\\/IMG_9999_25-1-scaled-e1713534063289.jpg\",\"contentUrl\":\"https:\\\/\\\/oliveoilshop.ee\\\/wp-content\\\/uploads\\\/2024\\\/04\\\/IMG_9999_25-1-scaled-e1713534063289.jpg\",\"width\":1705,\"height\":2098},{\"@type\":\"BreadcrumbList\",\"@id\":\"https:\\\/\\\/oliveoilshop.ee\\\/toode\\\/palsamiaadikas-250ml\\\/#breadcrumb\",\"itemListElement\":[{\"@type\":\"ListItem\",\"position\":1,\"name\":\"Home\",\"item\":\"https:\\\/\\\/oliveoilshop.ee\\\/\"},{\"@type\":\"ListItem\",\"position\":2,\"name\":\"Pood\",\"item\":\"https:\\\/\\\/oliveoilshop.ee\\\/pood\\\/\"},{\"@type\":\"ListItem\",\"position\":3,\"name\":\"Palsami\u00e4\u00e4dikas 250ML\"}]},{\"@type\":\"WebSite\",\"@id\":\"https:\\\/\\\/oliveoilshop.ee\\\/#website\",\"url\":\"https:\\\/\\\/oliveoilshop.ee\\\/\",\"name\":\"Olive Oil Shop\",\"description\":\"V&auml;rske ja kvaliteetne ekstra v&auml;&auml;risoliivi&otilde;li Kreeka v&auml;iketootjatelt\",\"publisher\":{\"@id\":\"https:\\\/\\\/oliveoilshop.ee\\\/#organization\"},\"potentialAction\":[{\"@type\":\"SearchAction\",\"target\":{\"@type\":\"EntryPoint\",\"urlTemplate\":\"https:\\\/\\\/oliveoilshop.ee\\\/?s={search_term_string}\"},\"query-input\":{\"@type\":\"PropertyValueSpecification\",\"valueRequired\":true,\"valueName\":\"search_term_string\"}}],\"inLanguage\":\"en-GB\"},{\"@type\":\"Organization\",\"@id\":\"https:\\\/\\\/oliveoilshop.ee\\\/#organization\",\"name\":\"Olive Oil Shop\",\"url\":\"https:\\\/\\\/oliveoilshop.ee\\\/\",\"logo\":{\"@type\":\"ImageObject\",\"inLanguage\":\"en-GB\",\"@id\":\"https:\\\/\\\/oliveoilshop.ee\\\/#\\\/schema\\\/logo\\\/image\\\/\",\"url\":\"https:\\\/\\\/oliveoilshop.ee\\\/wp-content\\\/uploads\\\/2024\\\/02\\\/Sipty-logo-12.png\",\"contentUrl\":\"https:\\\/\\\/oliveoilshop.ee\\\/wp-content\\\/uploads\\\/2024\\\/02\\\/Sipty-logo-12.png\",\"width\":500,\"height\":500,\"caption\":\"Olive Oil Shop\"},\"image\":{\"@id\":\"https:\\\/\\\/oliveoilshop.ee\\\/#\\\/schema\\\/logo\\\/image\\\/\"},\"sameAs\":[\"https:\\\/\\\/www.facebook.com\\\/profile.php?id=61556092580476\",\"https:\\\/\\\/www.instagram.com\\\/oliveoilshop.ee\"]}]}<\/script>\n<!-- \/ Yoast SEO plugin. -->","yoast_head_json":{"title":"Palsami\u00e4\u00e4dikas 250ML - Olive Oil Shop","description":"Palsami\u00e4\u00e4dikas on toodetud naturaalsest viinamarjamahlast ja laagerdub 4 aastat tammevaatides. 100% looduslik toode. Ei sisalda sulfiite ega v\u00e4rvaineid.","robots":{"index":"index","follow":"follow","max-snippet":"max-snippet:-1","max-image-preview":"max-image-preview:large","max-video-preview":"max-video-preview:-1"},"canonical":"https:\/\/oliveoilshop.ee\/en\/product\/palsamiaadikas-250ml\/","og_locale":"en_GB","og_type":"article","og_title":"Palsami\u00e4\u00e4dikas 250ML - Olive Oil Shop","og_description":"Palsami\u00e4\u00e4dikas on toodetud naturaalsest viinamarjamahlast ja laagerdub 4 aastat tammevaatides. 100% looduslik toode. Ei sisalda sulfiite ega v\u00e4rvaineid.","og_url":"https:\/\/oliveoilshop.ee\/en\/product\/palsamiaadikas-250ml\/","og_site_name":"Olive Oil Shop","article_publisher":"https:\/\/www.facebook.com\/profile.php?id=61556092580476","article_modified_time":"2026-04-26T03:30:54+00:00","og_image":[{"width":1705,"height":2098,"url":"https:\/\/oliveoilshop.ee\/wp-content\/uploads\/2024\/04\/IMG_9999_25-1-scaled-e1713534063289.jpg","type":"image\/jpeg"}],"twitter_card":"summary_large_image","twitter_misc":{"Estimated reading time":"1 minute"},"schema":{"@context":"https:\/\/schema.org","@graph":[{"@type":"WebPage","@id":"https:\/\/oliveoilshop.ee\/toode\/palsamiaadikas-250ml\/","url":"https:\/\/oliveoilshop.ee\/toode\/palsamiaadikas-250ml\/","name":"Palsami\u00e4\u00e4dikas 250ML - Olive Oil Shop","isPartOf":{"@id":"https:\/\/oliveoilshop.ee\/#website"},"primaryImageOfPage":{"@id":"https:\/\/oliveoilshop.ee\/toode\/palsamiaadikas-250ml\/#primaryimage"},"image":{"@id":"https:\/\/oliveoilshop.ee\/toode\/palsamiaadikas-250ml\/#primaryimage"},"thumbnailUrl":"https:\/\/oliveoilshop.ee\/wp-content\/uploads\/2024\/04\/IMG_9999_25-1-scaled-e1713534063289.jpg","datePublished":"2024-04-19T13:33:31+00:00","dateModified":"2026-04-26T03:30:54+00:00","description":"Palsami\u00e4\u00e4dikas on toodetud naturaalsest viinamarjamahlast ja laagerdub 4 aastat tammevaatides. 100% looduslik toode. Ei sisalda sulfiite ega v\u00e4rvaineid.","breadcrumb":{"@id":"https:\/\/oliveoilshop.ee\/toode\/palsamiaadikas-250ml\/#breadcrumb"},"inLanguage":"en-GB","potentialAction":[{"@type":"ReadAction","target":["https:\/\/oliveoilshop.ee\/toode\/palsamiaadikas-250ml\/"]}]},{"@type":"ImageObject","inLanguage":"en-GB","@id":"https:\/\/oliveoilshop.ee\/toode\/palsamiaadikas-250ml\/#primaryimage","url":"https:\/\/oliveoilshop.ee\/wp-content\/uploads\/2024\/04\/IMG_9999_25-1-scaled-e1713534063289.jpg","contentUrl":"https:\/\/oliveoilshop.ee\/wp-content\/uploads\/2024\/04\/IMG_9999_25-1-scaled-e1713534063289.jpg","width":1705,"height":2098},{"@type":"BreadcrumbList","@id":"https:\/\/oliveoilshop.ee\/toode\/palsamiaadikas-250ml\/#breadcrumb","itemListElement":[{"@type":"ListItem","position":1,"name":"Home","item":"https:\/\/oliveoilshop.ee\/"},{"@type":"ListItem","position":2,"name":"Pood","item":"https:\/\/oliveoilshop.ee\/pood\/"},{"@type":"ListItem","position":3,"name":"Palsami\u00e4\u00e4dikas 250ML"}]},{"@type":"WebSite","@id":"https:\/\/oliveoilshop.ee\/#website","url":"https:\/\/oliveoilshop.ee\/","name":"Olive Oil Shop","description":"V&auml;rske ja kvaliteetne ekstra v&auml;&auml;risoliivi&otilde;li Kreeka v&auml;iketootjatelt","publisher":{"@id":"https:\/\/oliveoilshop.ee\/#organization"},"potentialAction":[{"@type":"SearchAction","target":{"@type":"EntryPoint","urlTemplate":"https:\/\/oliveoilshop.ee\/?s={search_term_string}"},"query-input":{"@type":"PropertyValueSpecification","valueRequired":true,"valueName":"search_term_string"}}],"inLanguage":"en-GB"},{"@type":"Organization","@id":"https:\/\/oliveoilshop.ee\/#organization","name":"Olive Oil Shop","url":"https:\/\/oliveoilshop.ee\/","logo":{"@type":"ImageObject","inLanguage":"en-GB","@id":"https:\/\/oliveoilshop.ee\/#\/schema\/logo\/image\/","url":"https:\/\/oliveoilshop.ee\/wp-content\/uploads\/2024\/02\/Sipty-logo-12.png","contentUrl":"https:\/\/oliveoilshop.ee\/wp-content\/uploads\/2024\/02\/Sipty-logo-12.png","width":500,"height":500,"caption":"Olive Oil Shop"},"image":{"@id":"https:\/\/oliveoilshop.ee\/#\/schema\/logo\/image\/"},"sameAs":["https:\/\/www.facebook.com\/profile.php?id=61556092580476","https:\/\/www.instagram.com\/oliveoilshop.ee"]}]}},"_links":{"self":[{"href":"https:\/\/oliveoilshop.ee\/en\/wp-json\/wp\/v2\/product\/17335","targetHints":{"allow":["GET"]}}],"collection":[{"href":"https:\/\/oliveoilshop.ee\/en\/wp-json\/wp\/v2\/product"}],"about":[{"href":"https:\/\/oliveoilshop.ee\/en\/wp-json\/wp\/v2\/types\/product"}],"replies":[{"embeddable":true,"href":"https:\/\/oliveoilshop.ee\/en\/wp-json\/wp\/v2\/comments?post=17335"}],"version-history":[{"count":7,"href":"https:\/\/oliveoilshop.ee\/en\/wp-json\/wp\/v2\/product\/17335\/revisions"}],"predecessor-version":[{"id":18398,"href":"https:\/\/oliveoilshop.ee\/en\/wp-json\/wp\/v2\/product\/17335\/revisions\/18398"}],"wp:featuredmedia":[{"embeddable":true,"href":"https:\/\/oliveoilshop.ee\/en\/wp-json\/wp\/v2\/media\/17336"}],"wp:attachment":[{"href":"https:\/\/oliveoilshop.ee\/en\/wp-json\/wp\/v2\/media?parent=17335"}],"wp:term":[{"taxonomy":"product_brand","embeddable":true,"href":"https:\/\/oliveoilshop.ee\/en\/wp-json\/wp\/v2\/product_brand?post=17335"},{"taxonomy":"product_cat","embeddable":true,"href":"https:\/\/oliveoilshop.ee\/en\/wp-json\/wp\/v2\/product_cat?post=17335"},{"taxonomy":"product_tag","embeddable":true,"href":"https:\/\/oliveoilshop.ee\/en\/wp-json\/wp\/v2\/product_tag?post=17335"}],"curies":[{"name":"wp","href":"https:\/\/api.w.org\/{rel}","templated":true}]}}