{"id":16049,"date":"2024-01-13T14:44:09","date_gmt":"2024-01-13T14:44:09","guid":{"rendered":"https:\/\/oliveoilshop.ee\/?page_id=16049"},"modified":"2024-02-16T12:49:55","modified_gmt":"2024-02-16T12:49:55","slug":"tahini","status":"publish","type":"page","link":"https:\/\/oliveoilshop.ee\/en\/tahini\/","title":{"rendered":"Tahini"},"content":{"rendered":"<div data-elementor-type=\"wp-page\" data-elementor-id=\"16049\" class=\"elementor elementor-16049\">\n\t\t\t\t<div class=\"elementor-element elementor-element-7b02f69 e-flex e-con-boxed wd-section-disabled e-con e-parent\" data-id=\"7b02f69\" data-element_type=\"container\" data-e-type=\"container\">\n\t\t\t\t\t<div class=\"e-con-inner\">\n\t\t<div class=\"elementor-element elementor-element-07d77c3 e-con-full e-flex wd-section-disabled e-con e-child\" data-id=\"07d77c3\" data-element_type=\"container\" data-e-type=\"container\">\n\t\t\t\t<div class=\"elementor-element elementor-element-3c38895 elementor-widget elementor-widget-wd_title\" data-id=\"3c38895\" data-element_type=\"widget\" data-e-type=\"widget\" data-widget_type=\"wd_title.default\">\n\t\t\t\t<div class=\"elementor-widget-container\">\n\t\t\t\t\t\t\t<div class=\"title-wrapper set-mb-s reset-last-child wd-title-color-default wd-title-style-default wd-title-size-default text-left\">\n\n\t\t\t\n\t\t\t<div class=\"liner-continer\">\n\t\t\t\t<h4 class=\"woodmart-title-container title wd-fontsize-l\"><\/h4> \n\t\t\t\t\t\t\t<\/div>\n\n\t\t\t\t\t<\/div>\n\t\t\t\t\t\t<\/div>\n\t\t\t\t<\/div>\n\t\t\t\t<div class=\"elementor-element elementor-element-836b684 elementor-widget elementor-widget-wd_image_or_svg\" data-id=\"836b684\" data-element_type=\"widget\" data-e-type=\"widget\" data-widget_type=\"wd_image_or_svg.default\">\n\t\t\t\t<div class=\"elementor-widget-container\">\n\t\t\t\t\t\n\t\t<div class=\"wd-image text-center\">\n\t\t\t\t\t\t\t\t<img fetchpriority=\"high\" decoding=\"async\" width=\"1400\" height=\"900\" src=\"https:\/\/oliveoilshop.ee\/wp-content\/uploads\/2024\/01\/sesamyth_02.jpeg\" class=\"attachment-full size-full\" alt=\"\" srcset=\"https:\/\/oliveoilshop.ee\/wp-content\/uploads\/2024\/01\/sesamyth_02.jpeg 1400w, https:\/\/oliveoilshop.ee\/wp-content\/uploads\/2024\/01\/sesamyth_02-400x257.jpeg 400w, https:\/\/oliveoilshop.ee\/wp-content\/uploads\/2024\/01\/sesamyth_02-1244x800.jpeg 1244w, https:\/\/oliveoilshop.ee\/wp-content\/uploads\/2024\/01\/sesamyth_02-768x494.jpeg 768w, https:\/\/oliveoilshop.ee\/wp-content\/uploads\/2024\/01\/sesamyth_02-18x12.jpeg 18w, https:\/\/oliveoilshop.ee\/wp-content\/uploads\/2024\/01\/sesamyth_02-700x450.jpeg 700w, https:\/\/oliveoilshop.ee\/wp-content\/uploads\/2024\/01\/sesamyth_02-150x96.jpeg 150w\" sizes=\"(max-width: 1400px) 100vw, 1400px\" \/>\t\t\t\t\t<\/div>\n\n\t\t\t\t\t\t<\/div>\n\t\t\t\t<\/div>\n\t\t\t\t<\/div>\n\t\t<div class=\"elementor-element elementor-element-70db1cf e-con-full e-flex wd-section-disabled e-con e-child\" data-id=\"70db1cf\" data-element_type=\"container\" data-e-type=\"container\">\n\t\t\t\t<div class=\"elementor-element elementor-element-1ac783d elementor-widget elementor-widget-wd_title\" data-id=\"1ac783d\" data-element_type=\"widget\" data-e-type=\"widget\" data-widget_type=\"wd_title.default\">\n\t\t\t\t<div class=\"elementor-widget-container\">\n\t\t\t\t\t\t\t<div class=\"title-wrapper set-mb-s reset-last-child wd-title-color-default wd-title-style-default wd-title-size-default text-left\">\n\n\t\t\t\n\t\t\t<div class=\"liner-continer\">\n\t\t\t\t<h4 class=\"woodmart-title-container title wd-fontsize-l\"><br \/>\nMahe toortahini<\/h4> \n\t\t\t\t\t\t\t<\/div>\n\n\t\t\t\t\t\t\t<div class=\"title-after_title set-cont-mb-s reset-last-child wd-fontsize-xs\">\n\t\t\t\t\t<p><span style=\"font-weight: 400\">Tegu on <strong>ainulaadse tootega<\/strong>, mille sarnast ei eksisteeri Kreeka ega Euoopa turul. Toode on tunnustatud mitmete tippkokkade ja toitumisspetsialistide poolt.<\/span><\/p><p class=\"translation-block\"><span style=\"font-weight: 400\">Orgaanilise toortahini tootmine on keeruline ja mitmek\u00fclgne protsess. Samythos on ainus ettev\u00f5te Kreekas, kes on v\u00e4lja t\u00f6\u00f6tanud viisi orgaanilise toortahini tootmiseks temperatuuril alla 30 kraadi, kasvatades ise orgaanilisi <strong>Evros<\/strong> sordi seesamiseemneid.<\/span><\/p><p class=\"translation-block\"><span style=\"font-weight: 400\">Evros sordi seesamiseemned on orgaaniliselt kasvatatud Samythose m\u00e4gede looduslikul alal. Supilusikat\u00e4is koorimata seesamiseemneid sisaldab umbes <b>170 milligrammi kaltsiumi<\/b> ja <b>11 milligrammi rauda.<\/b> Supilusikat\u00e4is kooritud seesamiseemneid sisaldab koguni 90-95% v\u00e4hem kaltsiumi ja rauda. Tegu on ainsa tahiniga, mis s\u00e4ilitab <strong>100% <\/strong><\/span><strong>k\u00f5ik toore&nbsp;<\/strong><span style=\"font-weight: 400\"><strong>seesamiseemne vitamiinid ja toitained&nbsp;<\/strong>ning sobib neile, kes j\u00e4rgivad toortoidu dieeti.<\/span><\/p><p><span style=\"font-weight: 400\">K\u00f5ige selle v\u00e4ljat\u00f6\u00f6tamiseks on arendatud spetsiaalne tootmisliin, tuginedes eksperimentaalsetele teadmistele, koost\u00f6\u00f6s kahe Jaapani ja L\u00f5una-Korea \u00fclikooliga.<\/span><\/p><p class=\"translation-block\">Tahini kergelt <span style=\"font-weight: 400\">m\u00f5rkjas j\u00e4relmaitse <\/span> koos toorseemne intensiivse v\u00e4rskusega loob t\u00f5eliselt ainulaadse maitsete kombinatsiooni!<\/p>\t\t\t\t<\/div>\n\t\t\t\t\t<\/div>\n\t\t\t\t\t\t<\/div>\n\t\t\t\t<\/div>\n\t\t\t\t<div class=\"elementor-element elementor-element-a4078fa elementor-widget elementor-widget-wd_image_or_svg\" data-id=\"a4078fa\" data-element_type=\"widget\" data-e-type=\"widget\" data-widget_type=\"wd_image_or_svg.default\">\n\t\t\t\t<div class=\"elementor-widget-container\">\n\t\t\t\t\t\n\t\t<div class=\"wd-image text-center\">\n\t\t\t\t\t\t\t<a  href=\"https:\/\/oliveoilshop.ee\/en\/product\/tahini-kulmpressitud-250g\/\">\n\t\t\t\t\t\t\t\t<img decoding=\"async\" width=\"398\" height=\"300\" src=\"https:\/\/oliveoilshop.ee\/wp-content\/uploads\/2023\/12\/tootefoto-5-2-scaled-e1705255709656-398x300.jpg\" class=\"attachment-medium size-medium\" alt=\"\" srcset=\"https:\/\/oliveoilshop.ee\/wp-content\/uploads\/2023\/12\/tootefoto-5-2-scaled-e1705255709656-398x300.jpg 398w, https:\/\/oliveoilshop.ee\/wp-content\/uploads\/2023\/12\/tootefoto-5-2-scaled-e1705255709656-1062x800.jpg 1062w, https:\/\/oliveoilshop.ee\/wp-content\/uploads\/2023\/12\/tootefoto-5-2-scaled-e1705255709656-768x578.jpg 768w, https:\/\/oliveoilshop.ee\/wp-content\/uploads\/2023\/12\/tootefoto-5-2-scaled-e1705255709656-1536x1157.jpg 1536w, https:\/\/oliveoilshop.ee\/wp-content\/uploads\/2023\/12\/tootefoto-5-2-scaled-e1705255709656-16x12.jpg 16w, https:\/\/oliveoilshop.ee\/wp-content\/uploads\/2023\/12\/tootefoto-5-2-scaled-e1705255709656-700x527.jpg 700w, https:\/\/oliveoilshop.ee\/wp-content\/uploads\/2023\/12\/tootefoto-5-2-scaled-e1705255709656-150x113.jpg 150w, https:\/\/oliveoilshop.ee\/wp-content\/uploads\/2023\/12\/tootefoto-5-2-scaled-e1705255709656.jpg 1680w\" sizes=\"(max-width: 398px) 100vw, 398px\" \/>\t\t\t\t\t\t\t<\/a>\n\t\t\t\t\t<\/div>\n\n\t\t\t\t\t\t<\/div>\n\t\t\t\t<\/div>\n\t\t\t\t<div class=\"elementor-element elementor-element-816c148 elementor-widget elementor-widget-wd_button\" data-id=\"816c148\" data-element_type=\"widget\" data-e-type=\"widget\" data-widget_type=\"wd_button.default\">\n\t\t\t\t<div class=\"elementor-widget-container\">\n\t\t\t\t\t\t\t<div class=\"wd-button-wrapper text-center\" >\n\t\t\t<a class=\"btn btn-style-default btn-style-rectangle btn-size-large btn-scheme-light btn-scheme-hover-inherit btn-icon-pos-right\"  href=\"https:\/\/oliveoilshop.ee\/en\/product\/toortahini-mahe-200g\/\">\n\t\t\t\t<span class=\"wd-btn-text\" data-elementor-setting-key=\"text\">\n\t\t\t\t\tBUY HERE\t\t\t\t<\/span>\n\n\t\t\t\t\t\t\t<\/a>\n\t\t<\/div>\n\t\t\t\t\t\t<\/div>\n\t\t\t\t<\/div>\n\t\t\t\t<\/div>\n\t\t\t\t\t<\/div>\n\t\t\t\t<\/div>\n\t\t<div class=\"elementor-element elementor-element-03e32e8 e-flex e-con-boxed wd-section-disabled e-con e-parent\" data-id=\"03e32e8\" data-element_type=\"container\" data-e-type=\"container\">\n\t\t\t\t\t<div class=\"e-con-inner\">\n\t\t<div class=\"elementor-element elementor-element-73915a4 e-con-full e-flex wd-section-disabled e-con e-child\" data-id=\"73915a4\" data-element_type=\"container\" data-e-type=\"container\">\n\t\t\t\t<div class=\"elementor-element elementor-element-379f6b6 elementor-widget elementor-widget-wd_image_or_svg\" data-id=\"379f6b6\" data-element_type=\"widget\" data-e-type=\"widget\" data-widget_type=\"wd_image_or_svg.default\">\n\t\t\t\t<div class=\"elementor-widget-container\">\n\t\t\t\t\t\n\t\t<div class=\"wd-image text-left\">\n\t\t\t\t\t\t\t\t<img decoding=\"async\" width=\"1400\" height=\"900\" src=\"https:\/\/oliveoilshop.ee\/wp-content\/uploads\/2024\/01\/sesamyth_09.jpeg\" class=\"attachment-full size-full\" alt=\"\" srcset=\"https:\/\/oliveoilshop.ee\/wp-content\/uploads\/2024\/01\/sesamyth_09.jpeg 1400w, https:\/\/oliveoilshop.ee\/wp-content\/uploads\/2024\/01\/sesamyth_09-400x257.jpeg 400w, https:\/\/oliveoilshop.ee\/wp-content\/uploads\/2024\/01\/sesamyth_09-1244x800.jpeg 1244w, https:\/\/oliveoilshop.ee\/wp-content\/uploads\/2024\/01\/sesamyth_09-768x494.jpeg 768w, https:\/\/oliveoilshop.ee\/wp-content\/uploads\/2024\/01\/sesamyth_09-18x12.jpeg 18w, https:\/\/oliveoilshop.ee\/wp-content\/uploads\/2024\/01\/sesamyth_09-700x450.jpeg 700w, https:\/\/oliveoilshop.ee\/wp-content\/uploads\/2024\/01\/sesamyth_09-150x96.jpeg 150w\" sizes=\"(max-width: 1400px) 100vw, 1400px\" \/>\t\t\t\t\t<\/div>\n\n\t\t\t\t\t\t<\/div>\n\t\t\t\t<\/div>\n\t\t\t\t<\/div>\n\t\t<div class=\"elementor-element elementor-element-855fae5 e-con-full e-flex wd-section-disabled e-con e-child\" data-id=\"855fae5\" data-element_type=\"container\" data-e-type=\"container\">\n\t\t\t\t<div class=\"elementor-element elementor-element-5742be9 elementor-widget elementor-widget-wd_title\" data-id=\"5742be9\" data-element_type=\"widget\" data-e-type=\"widget\" data-widget_type=\"wd_title.default\">\n\t\t\t\t<div class=\"elementor-widget-container\">\n\t\t\t\t\t\t\t<div class=\"title-wrapper set-mb-s reset-last-child wd-title-color-default wd-title-style-default wd-title-size-default text-left\">\n\n\t\t\t\n\t\t\t<div class=\"liner-continer\">\n\t\t\t\t<h4 class=\"woodmart-title-container title wd-fontsize-l\">Mahe k\u00fclmpressitud tahini<\/h4> \n\t\t\t\t\t\t\t<\/div>\n\n\t\t\t\t\t\t\t<div class=\"title-after_title set-cont-mb-s reset-last-child wd-fontsize-xs\">\n\t\t\t\t\t<p><span style=\"font-weight: 400\">K\u00fclmpressimise tootmismeetodit kasutades kuumutatakse seesamiseemned 65 kraadini. Seej\u00e4rel pressitakse seemned pastaks m\u00f5\u00f5duka, 40-42-kraadise temperatuuri juures, mille tulemusel s\u00e4ilib 65-70% toore, t\u00f6\u00f6tlemata tahini toitainetest.\u00a0<\/span><\/p><p><span style=\"font-weight: 400\">Tootmises kasutatavad masinad on spetsiaalselt selleks otstarbeks loodud ning tootmisprotsessis j\u00e4lgitakse pidevalt seesamipasta omadusi ja toitaineid.<\/span><\/p><p><span style=\"font-weight: 400\">Antud tootmismeetodi tulemusena s\u00e4ilitab seeme suhtelise niiskuse, tagades samas minimaalse m\u00f5ju seemnele endale. Tahini on vedel, rikkaliku maitse ning r\u00f6stitud seesamiseemne aroomiga. J\u00e4relmaitses on tunda maa- ja sarapuup\u00e4hkli noote.\u00a0<\/span><\/p>\t\t\t\t<\/div>\n\t\t\t\t\t<\/div>\n\t\t\t\t\t\t<\/div>\n\t\t\t\t<\/div>\n\t\t\t\t<div class=\"elementor-element elementor-element-fa1bea7 elementor-widget elementor-widget-wd_image_or_svg\" data-id=\"fa1bea7\" data-element_type=\"widget\" data-e-type=\"widget\" data-widget_type=\"wd_image_or_svg.default\">\n\t\t\t\t<div class=\"elementor-widget-container\">\n\t\t\t\t\t\n\t\t<div class=\"wd-image text-center\">\n\t\t\t\t\t\t\t<a  href=\"https:\/\/oliveoilshop.ee\/en\/product\/tahini-kulmpressitud-250g\/\">\n\t\t\t\t\t\t\t\t<img loading=\"lazy\" decoding=\"async\" width=\"380\" height=\"300\" src=\"https:\/\/oliveoilshop.ee\/wp-content\/uploads\/2024\/01\/tootefoto-6-scaled-e1705257720103-380x300.jpg\" class=\"attachment-medium size-medium\" alt=\"\" srcset=\"https:\/\/oliveoilshop.ee\/wp-content\/uploads\/2024\/01\/tootefoto-6-scaled-e1705257720103-380x300.jpg 380w, https:\/\/oliveoilshop.ee\/wp-content\/uploads\/2024\/01\/tootefoto-6-scaled-e1705257720103-1013x800.jpg 1013w, https:\/\/oliveoilshop.ee\/wp-content\/uploads\/2024\/01\/tootefoto-6-scaled-e1705257720103-768x607.jpg 768w, https:\/\/oliveoilshop.ee\/wp-content\/uploads\/2024\/01\/tootefoto-6-scaled-e1705257720103-1536x1213.jpg 1536w, https:\/\/oliveoilshop.ee\/wp-content\/uploads\/2024\/01\/tootefoto-6-scaled-e1705257720103-15x12.jpg 15w, https:\/\/oliveoilshop.ee\/wp-content\/uploads\/2024\/01\/tootefoto-6-scaled-e1705257720103-700x553.jpg 700w, https:\/\/oliveoilshop.ee\/wp-content\/uploads\/2024\/01\/tootefoto-6-scaled-e1705257720103-150x118.jpg 150w, https:\/\/oliveoilshop.ee\/wp-content\/uploads\/2024\/01\/tootefoto-6-scaled-e1705257720103.jpg 1704w\" sizes=\"(max-width: 380px) 100vw, 380px\" \/>\t\t\t\t\t\t\t<\/a>\n\t\t\t\t\t<\/div>\n\n\t\t\t\t\t\t<\/div>\n\t\t\t\t<\/div>\n\t\t\t\t<div class=\"elementor-element elementor-element-34da43c elementor-widget elementor-widget-wd_button\" data-id=\"34da43c\" data-element_type=\"widget\" data-e-type=\"widget\" data-widget_type=\"wd_button.default\">\n\t\t\t\t<div class=\"elementor-widget-container\">\n\t\t\t\t\t\t\t<div class=\"wd-button-wrapper text-center\" >\n\t\t\t<a class=\"btn btn-style-default btn-style-rectangle btn-size-large btn-scheme-light btn-scheme-hover-inherit btn-icon-pos-right\"  href=\"https:\/\/oliveoilshop.ee\/en\/product\/tahini-kulmpressitud-250g\/\">\n\t\t\t\t<span class=\"wd-btn-text\" data-elementor-setting-key=\"text\">\n\t\t\t\t\tBUY HERE\t\t\t\t<\/span>\n\n\t\t\t\t\t\t\t<\/a>\n\t\t<\/div>\n\t\t\t\t\t\t<\/div>\n\t\t\t\t<\/div>\n\t\t\t\t<\/div>\n\t\t\t\t\t<\/div>\n\t\t\t\t<\/div>\n\t\t<div class=\"elementor-element elementor-element-5630eb2 e-flex e-con-boxed wd-section-disabled e-con e-parent\" data-id=\"5630eb2\" data-element_type=\"container\" data-e-type=\"container\">\n\t\t\t\t\t<div class=\"e-con-inner\">\n\t\t\t\t<div class=\"elementor-element elementor-element-a8ca597 elementor-widget elementor-widget-wd_title\" data-id=\"a8ca597\" data-element_type=\"widget\" data-e-type=\"widget\" data-widget_type=\"wd_title.default\">\n\t\t\t\t<div class=\"elementor-widget-container\">\n\t\t\t\t\t\t\t<div class=\"title-wrapper set-mb-s reset-last-child wd-title-color-default wd-title-style-default wd-title-size-default text-center\">\n\n\t\t\t\n\t\t\t<div class=\"liner-continer\">\n\t\t\t\t<h4 class=\"woodmart-title-container title wd-fontsize-l\"><br \/>\n<\/h4> \n\t\t\t\t\t\t\t<\/div>\n\n\t\t\t\t\t\t\t<div class=\"title-after_title set-cont-mb-s reset-last-child wd-fontsize-xs\">\n\t\t\t\t\t<p><span style=\"font-weight: 400\">* Sertifitseeritud, orgaanilised seesamiseemned k\u00f5rgekvaliteediliste omadustega.<\/span><\/p><p><span style=\"font-weight: 400\">Seemnete kasvatamine, sorteerimine, puhastamine, pesemine ja kuivatamine tehakse k\u00e4sitsi, et minimeerida igasugust vigastust seemnele, mis v\u00f5ib p\u00f5hjustada selle kvaliteedi halvenemist, koos k\u00f5rgeimate h\u00fcgieeni- ja ohutusstandarditega.<\/span><\/p>\t\t\t\t<\/div>\n\t\t\t\t\t<\/div>\n\t\t\t\t\t\t<\/div>\n\t\t\t\t<\/div>\n\t\t\t\t\t<\/div>\n\t\t\t\t<\/div>\n\t\t\t\t<\/div>","protected":false},"excerpt":{"rendered":"<p>Mahe toortahini Tegu on ainulaadse tootega, mille sarnast ei eksisteeri Kreeka ega Euoopa turul. Toode on tunnustatud mitmete tippkokkade ja<\/p>","protected":false},"author":1,"featured_media":0,"parent":0,"menu_order":0,"comment_status":"closed","ping_status":"closed","template":"","meta":{"om_disable_all_campaigns":false,"footnotes":""},"class_list":["post-16049","page","type-page","status-publish","hentry"],"yoast_head":"<!-- This site is optimized with the Yoast SEO plugin v27.6 - https:\/\/yoast.com\/product\/yoast-seo-wordpress\/ -->\n<title>Tahini - Olive Oil Shop<\/title>\n<meta name=\"robots\" content=\"index, follow, max-snippet:-1, max-image-preview:large, max-video-preview:-1\" \/>\n<link rel=\"canonical\" href=\"https:\/\/oliveoilshop.ee\/en\/tahini\/\" \/>\n<meta property=\"og:locale\" content=\"en_GB\" \/>\n<meta property=\"og:type\" content=\"article\" \/>\n<meta property=\"og:title\" content=\"Tahini - Olive Oil Shop\" \/>\n<meta property=\"og:description\" content=\"Mahe toortahini Tegu on ainulaadse tootega, mille sarnast ei eksisteeri Kreeka ega Euoopa turul. Toode on tunnustatud mitmete tippkokkade ja\" \/>\n<meta property=\"og:url\" content=\"https:\/\/oliveoilshop.ee\/en\/tahini\/\" \/>\n<meta property=\"og:site_name\" content=\"Olive Oil Shop\" \/>\n<meta property=\"article:publisher\" content=\"https:\/\/www.facebook.com\/profile.php?id=61556092580476\" \/>\n<meta property=\"article:modified_time\" content=\"2024-02-16T12:49:55+00:00\" \/>\n<meta property=\"og:image\" content=\"https:\/\/oliveoilshop.ee\/wp-content\/uploads\/2024\/01\/sesamyth_02.jpeg\" \/>\n<meta name=\"twitter:card\" content=\"summary_large_image\" \/>\n<meta name=\"twitter:label1\" content=\"Estimated reading time\" \/>\n\t<meta name=\"twitter:data1\" content=\"3 minutes\" \/>\n<script type=\"application\/ld+json\" class=\"yoast-schema-graph\">{\"@context\":\"https:\\\/\\\/schema.org\",\"@graph\":[{\"@type\":\"WebPage\",\"@id\":\"https:\\\/\\\/oliveoilshop.ee\\\/tahini\\\/\",\"url\":\"https:\\\/\\\/oliveoilshop.ee\\\/tahini\\\/\",\"name\":\"Tahini - Olive Oil Shop\",\"isPartOf\":{\"@id\":\"https:\\\/\\\/oliveoilshop.ee\\\/#website\"},\"primaryImageOfPage\":{\"@id\":\"https:\\\/\\\/oliveoilshop.ee\\\/tahini\\\/#primaryimage\"},\"image\":{\"@id\":\"https:\\\/\\\/oliveoilshop.ee\\\/tahini\\\/#primaryimage\"},\"thumbnailUrl\":\"https:\\\/\\\/oliveoilshop.ee\\\/wp-content\\\/uploads\\\/2024\\\/01\\\/sesamyth_02.jpeg\",\"datePublished\":\"2024-01-13T14:44:09+00:00\",\"dateModified\":\"2024-02-16T12:49:55+00:00\",\"breadcrumb\":{\"@id\":\"https:\\\/\\\/oliveoilshop.ee\\\/tahini\\\/#breadcrumb\"},\"inLanguage\":\"en-GB\",\"potentialAction\":[{\"@type\":\"ReadAction\",\"target\":[\"https:\\\/\\\/oliveoilshop.ee\\\/tahini\\\/\"]}]},{\"@type\":\"ImageObject\",\"inLanguage\":\"en-GB\",\"@id\":\"https:\\\/\\\/oliveoilshop.ee\\\/tahini\\\/#primaryimage\",\"url\":\"https:\\\/\\\/oliveoilshop.ee\\\/wp-content\\\/uploads\\\/2024\\\/01\\\/sesamyth_02.jpeg\",\"contentUrl\":\"https:\\\/\\\/oliveoilshop.ee\\\/wp-content\\\/uploads\\\/2024\\\/01\\\/sesamyth_02.jpeg\"},{\"@type\":\"BreadcrumbList\",\"@id\":\"https:\\\/\\\/oliveoilshop.ee\\\/tahini\\\/#breadcrumb\",\"itemListElement\":[{\"@type\":\"ListItem\",\"position\":1,\"name\":\"Home\",\"item\":\"https:\\\/\\\/oliveoilshop.ee\\\/\"},{\"@type\":\"ListItem\",\"position\":2,\"name\":\"Tahini\"}]},{\"@type\":\"WebSite\",\"@id\":\"https:\\\/\\\/oliveoilshop.ee\\\/#website\",\"url\":\"https:\\\/\\\/oliveoilshop.ee\\\/\",\"name\":\"Olive Oil Shop\",\"description\":\"V&auml;rske ja kvaliteetne ekstra v&auml;&auml;risoliivi&otilde;li Kreeka v&auml;iketootjatelt\",\"publisher\":{\"@id\":\"https:\\\/\\\/oliveoilshop.ee\\\/#organization\"},\"potentialAction\":[{\"@type\":\"SearchAction\",\"target\":{\"@type\":\"EntryPoint\",\"urlTemplate\":\"https:\\\/\\\/oliveoilshop.ee\\\/?s={search_term_string}\"},\"query-input\":{\"@type\":\"PropertyValueSpecification\",\"valueRequired\":true,\"valueName\":\"search_term_string\"}}],\"inLanguage\":\"en-GB\"},{\"@type\":\"Organization\",\"@id\":\"https:\\\/\\\/oliveoilshop.ee\\\/#organization\",\"name\":\"Olive Oil Shop\",\"url\":\"https:\\\/\\\/oliveoilshop.ee\\\/\",\"logo\":{\"@type\":\"ImageObject\",\"inLanguage\":\"en-GB\",\"@id\":\"https:\\\/\\\/oliveoilshop.ee\\\/#\\\/schema\\\/logo\\\/image\\\/\",\"url\":\"https:\\\/\\\/oliveoilshop.ee\\\/wp-content\\\/uploads\\\/2024\\\/02\\\/Sipty-logo-12.png\",\"contentUrl\":\"https:\\\/\\\/oliveoilshop.ee\\\/wp-content\\\/uploads\\\/2024\\\/02\\\/Sipty-logo-12.png\",\"width\":500,\"height\":500,\"caption\":\"Olive Oil Shop\"},\"image\":{\"@id\":\"https:\\\/\\\/oliveoilshop.ee\\\/#\\\/schema\\\/logo\\\/image\\\/\"},\"sameAs\":[\"https:\\\/\\\/www.facebook.com\\\/profile.php?id=61556092580476\",\"https:\\\/\\\/www.instagram.com\\\/oliveoilshop.ee\"]}]}<\/script>\n<!-- \/ Yoast SEO plugin. -->","yoast_head_json":{"title":"Tahini - Olive Oil Shop","robots":{"index":"index","follow":"follow","max-snippet":"max-snippet:-1","max-image-preview":"max-image-preview:large","max-video-preview":"max-video-preview:-1"},"canonical":"https:\/\/oliveoilshop.ee\/en\/tahini\/","og_locale":"en_GB","og_type":"article","og_title":"Tahini - Olive Oil Shop","og_description":"Mahe toortahini Tegu on ainulaadse tootega, mille sarnast ei eksisteeri Kreeka ega Euoopa turul. Toode on tunnustatud mitmete tippkokkade ja","og_url":"https:\/\/oliveoilshop.ee\/en\/tahini\/","og_site_name":"Olive Oil Shop","article_publisher":"https:\/\/www.facebook.com\/profile.php?id=61556092580476","article_modified_time":"2024-02-16T12:49:55+00:00","og_image":[{"url":"https:\/\/oliveoilshop.ee\/wp-content\/uploads\/2024\/01\/sesamyth_02.jpeg","type":"","width":"","height":""}],"twitter_card":"summary_large_image","twitter_misc":{"Estimated reading time":"3 minutes"},"schema":{"@context":"https:\/\/schema.org","@graph":[{"@type":"WebPage","@id":"https:\/\/oliveoilshop.ee\/tahini\/","url":"https:\/\/oliveoilshop.ee\/tahini\/","name":"Tahini - Olive Oil Shop","isPartOf":{"@id":"https:\/\/oliveoilshop.ee\/#website"},"primaryImageOfPage":{"@id":"https:\/\/oliveoilshop.ee\/tahini\/#primaryimage"},"image":{"@id":"https:\/\/oliveoilshop.ee\/tahini\/#primaryimage"},"thumbnailUrl":"https:\/\/oliveoilshop.ee\/wp-content\/uploads\/2024\/01\/sesamyth_02.jpeg","datePublished":"2024-01-13T14:44:09+00:00","dateModified":"2024-02-16T12:49:55+00:00","breadcrumb":{"@id":"https:\/\/oliveoilshop.ee\/tahini\/#breadcrumb"},"inLanguage":"en-GB","potentialAction":[{"@type":"ReadAction","target":["https:\/\/oliveoilshop.ee\/tahini\/"]}]},{"@type":"ImageObject","inLanguage":"en-GB","@id":"https:\/\/oliveoilshop.ee\/tahini\/#primaryimage","url":"https:\/\/oliveoilshop.ee\/wp-content\/uploads\/2024\/01\/sesamyth_02.jpeg","contentUrl":"https:\/\/oliveoilshop.ee\/wp-content\/uploads\/2024\/01\/sesamyth_02.jpeg"},{"@type":"BreadcrumbList","@id":"https:\/\/oliveoilshop.ee\/tahini\/#breadcrumb","itemListElement":[{"@type":"ListItem","position":1,"name":"Home","item":"https:\/\/oliveoilshop.ee\/"},{"@type":"ListItem","position":2,"name":"Tahini"}]},{"@type":"WebSite","@id":"https:\/\/oliveoilshop.ee\/#website","url":"https:\/\/oliveoilshop.ee\/","name":"Olive Oil Shop","description":"V&auml;rske ja kvaliteetne ekstra v&auml;&auml;risoliivi&otilde;li Kreeka v&auml;iketootjatelt","publisher":{"@id":"https:\/\/oliveoilshop.ee\/#organization"},"potentialAction":[{"@type":"SearchAction","target":{"@type":"EntryPoint","urlTemplate":"https:\/\/oliveoilshop.ee\/?s={search_term_string}"},"query-input":{"@type":"PropertyValueSpecification","valueRequired":true,"valueName":"search_term_string"}}],"inLanguage":"en-GB"},{"@type":"Organization","@id":"https:\/\/oliveoilshop.ee\/#organization","name":"Olive Oil Shop","url":"https:\/\/oliveoilshop.ee\/","logo":{"@type":"ImageObject","inLanguage":"en-GB","@id":"https:\/\/oliveoilshop.ee\/#\/schema\/logo\/image\/","url":"https:\/\/oliveoilshop.ee\/wp-content\/uploads\/2024\/02\/Sipty-logo-12.png","contentUrl":"https:\/\/oliveoilshop.ee\/wp-content\/uploads\/2024\/02\/Sipty-logo-12.png","width":500,"height":500,"caption":"Olive Oil Shop"},"image":{"@id":"https:\/\/oliveoilshop.ee\/#\/schema\/logo\/image\/"},"sameAs":["https:\/\/www.facebook.com\/profile.php?id=61556092580476","https:\/\/www.instagram.com\/oliveoilshop.ee"]}]}},"_links":{"self":[{"href":"https:\/\/oliveoilshop.ee\/en\/wp-json\/wp\/v2\/pages\/16049","targetHints":{"allow":["GET"]}}],"collection":[{"href":"https:\/\/oliveoilshop.ee\/en\/wp-json\/wp\/v2\/pages"}],"about":[{"href":"https:\/\/oliveoilshop.ee\/en\/wp-json\/wp\/v2\/types\/page"}],"author":[{"embeddable":true,"href":"https:\/\/oliveoilshop.ee\/en\/wp-json\/wp\/v2\/users\/1"}],"replies":[{"embeddable":true,"href":"https:\/\/oliveoilshop.ee\/en\/wp-json\/wp\/v2\/comments?post=16049"}],"version-history":[{"count":236,"href":"https:\/\/oliveoilshop.ee\/en\/wp-json\/wp\/v2\/pages\/16049\/revisions"}],"predecessor-version":[{"id":17106,"href":"https:\/\/oliveoilshop.ee\/en\/wp-json\/wp\/v2\/pages\/16049\/revisions\/17106"}],"wp:attachment":[{"href":"https:\/\/oliveoilshop.ee\/en\/wp-json\/wp\/v2\/media?parent=16049"}],"curies":[{"name":"wp","href":"https:\/\/api.w.org\/{rel}","templated":true}]}}